{"id":102,"date":"2017-12-26T19:10:04","date_gmt":"2017-12-26T16:10:04","guid":{"rendered":"http:\/\/bestimagedemo.com\/etimine\/?page_id=102"},"modified":"2019-02-06T12:17:38","modified_gmt":"2019-02-06T09:17:38","slug":"eti-maden","status":"publish","type":"page","link":"http:\/\/www.etiproducts.com\/de\/?page_id=102","title":{"rendered":"ETIPRODUCTS"},"content":{"rendered":"<p>Die Ab Etiproducts Oy wurde 1982 in Helsinki, Finnland, gegr\u00fcndet und ist eine Tochtergesellschaft der Eti Maden IGM.<\/p>\n<p>Das Mutterunternehmen Eti Maden IGM wurde 1935 in der T\u00fcrkei gegr\u00fcndet und ist als gr\u00f6\u00dftes und \u00e4ltestes Bergbauunternehmen der T\u00fcrkei vorwiegend in Zweigen der Bergbau-, Metallurgie- und Chemieindustrie t\u00e4tig, die unmittelbar mit der eigenen Bergbauaktivit\u00e4t zusammenh\u00e4ngen.<\/p>\n<p>Die Eti Maden IGM produziert ein breites Spektrum verschiedener Mineralien, metallurgischer und chemischer Produkte, ist jedoch am bekanntesten als der weltweit f\u00fchrende Hersteller von Bormineralen und -chemikalien.<\/p>\n<p>Die Ab Etiproducts Oy betreibt mehrere Lagerstandorte in Finnland, Schweden, Lettland, Polen, Deutschland und S\u00fcdafrika. Dar\u00fcber hinaus organisiert die Ab Etiproducts Oy den internationalen Vertrieb der Borprodukte \u00fcber ein gut ausgebautes Logistiknetz.<\/p>\n<p>Die Ab Etiproducts Oy hat eine Tochtergesellschaft, die in Russland ans\u00e4ssig ist. Die Kontaktdaten sind unten auf der Seite angegeben.<\/p>\n<p>In t\u00fcrkischem Boden lagern rund zwei Drittel der weltweiten Bormineral-Vorkommen; die T\u00fcrkei ist der gr\u00f6\u00dfte Exporteur dieser Mineralien. Die Boratherstellung hat ihren Schwerpunkt im Westen des Landes (Eskishehir, Bal\u0131kesir, Kutahya und Bursa).<\/p>\n<p>Die Eti Maden IGM ist f\u00fcr die wirtschaftliche Nutzung von Bor in der T\u00fcrkei zust\u00e4ndig.\u00a0Als gr\u00f6\u00dftes Bergbauunternehmen des Landes erschlie\u00dft die Eti Maden IGM seit ihrer Gr\u00fcndung 1935 die Bodensch\u00e4tze des Landes. Die Eti Maden IGM bietet ein breites Sortiment raffinierter Borprodukte und Borminerale an:<\/p>\n<p>Raffinierte Borprodukte<\/p>\n<ul>\n<li>Bors\u00e4ure, Granulat, Pulver, mit normalem\/niedrigem\/extraniedrigem Sulfatgehalt<\/li>\n<li>Boroxid, glasig, por\u00f6s<\/li>\n<li>Etibor-48 (Dinatriumtetraborat-Pentahydrat), Granulat, Pulver<\/li>\n<li>Etibor-48 (Dinatriumtetraborat-Decahydrat), Granulat, Pulver<\/li>\n<li>Etibor-68 (Dinatriumtetraborat wasserfrei)<\/li>\n<li>Etidot-67 (Dinatriumoctaborat-Tetrahydrat)<\/li>\n<\/ul>\n<p>Bor-Minerale<\/p>\n<ul>\n<li>Colemanit (calciumhaltiges Borat), gemahlen -45\u00a0Mikrometer &amp; -75 Mikrometer, Granulat, konzentriert<\/li>\n<li>Borax (natriumhaltiges Borat)<\/li>\n<li>Ulexit (calcium- und natriumhaltiges Borat), gemahlen -45\u00a0Mikrometer &amp; -75 Mikrometer, Granulat, konzentriert<\/li>\n<\/ul>\n<p>Im Jahr 1982 gr\u00fcndeten die Etibank und der finnische Bergbau- und Multimetallurgie-Konzern Outokumpu das Gemeinschaftsunternehmen \u201eAb Etiproducts Oy\u201c zur Vermarktung der Etibank-Produkte auf dem skandinavischen Markt. 1993 wurde der Anteil von Outokumpu auf die Etimine\u00a0SA \u00fcbertragen, eine Schwestergesellschaft der Ab Etiproducts Oy, die f\u00fcr die Vermarktung der t\u00fcrkischen Borprodukte in Westeuropa verantwortlich ist.<\/p>\n<p>Die Ab Etiproducts Oy ist der exklusive Vertriebsagent und Distributor der Borprodukte der Eti Maden IGM. Seit ihrer Gr\u00fcndung hat die Ab Etiproducts Oy sich als renommierter, zuverl\u00e4ssiger und wettbewerbsf\u00e4higer Anbieter von Borprodukten etabliert.<\/p>\n<p>Das Exklusivvertriebsgebiet des Unternehmens f\u00fcr t\u00fcrkische Borprodukte erstreckt sich aktuell auf Finnland, Schweden, Norwegen, D\u00e4nemark, Island, Polen, Estland, Lettland, Litauen, Deutschland, die Ukraine, Moldawien und den afrikanischen Kontinent.<\/p>\n<p>Au\u00dfer in diesem Exklusivgebiet k\u00f6nnen wir auch in L\u00e4ndern und Gebieten t\u00e4tig werden, die nicht zum Exklusivgebiet anderer Vertriebspartner der Eti Maden IGM z\u00e4hlen.<\/p>\n<p>Die Ab Etiproducts Oy hat eine Tochtergesellschaft, die in Russland ans\u00e4ssig ist. Die Kontaktdaten sind unten auf der Seite angegeben.<\/p>\n<table width=\"529\">\n<tbody>\n<tr>\n<td colspan=\"2\">AB ETIPRODUCTS OY<br \/>\nPiispanportti 5<br \/>\n02240 Espoo, Finnland<\/td>\n<td>Tel.<br \/>\nFax<br \/>\nE-Mail<br \/>\nWeb<\/td>\n<td>: +358 9 819 4440<br \/>\n:\u00a0+358 9 819 44444<br \/>\n:\u00a0<a href=\"mailto:sales@etiproducts.com\">sales@etiproducts.com<\/a><br \/>\n:\u00a0<a href=\"http:\/\/www.etiproducts.com\/\">www.etiproducts.com<\/a><\/td>\n<\/tr>\n<tr>\n<td>Tochtergesellschaft<\/td>\n<td>ETIPRODUCTS Ltd.<br \/>\nBarklaya Street 6 bl 5 Office No. A 211<br \/>\n121087 Moskau, Russische F\u00f6deration<\/td>\n<td>Tel.<br \/>\nFax<br \/>\nE-Mail<br \/>\nWeb<\/td>\n<td>:+7 499 995 23 83<br \/>\n:+7 499 995 23 82<br \/>\n:\u00a0<a href=\"mailto:sales@etiproducts.ru\">sales@etiproducts.ru<\/a><br \/>\n:\u00a0<a href=\"http:\/\/www.etiproducts.ru\/\">www.etiproducts.ru<\/a><\/td>\n<\/tr>\n<tr>\n<td><\/td>\n<td><\/td>\n<td><\/td>\n<td><\/td>\n<\/tr>\n<\/tbody>\n<\/table>\n<p>&nbsp;<\/p>\n","protected":false},"excerpt":{"rendered":"<p>Die Ab Etiproducts Oy wurde 1982 in Helsinki, Finnland, gegr\u00fcndet und ist eine Tochtergesellschaft der Eti Maden IGM. Das Mutterunternehmen Eti Maden IGM wurde 1935 in der T\u00fcrkei gegr\u00fcndet und ist als gr\u00f6\u00dftes und \u00e4ltestes Bergbauunternehmen der T\u00fcrkei vorwiegend in Zweigen der Bergbau-, Metallurgie- und Chemieindustrie t\u00e4tig, die unmittelbar mit der eigenen Bergbauaktivit\u00e4t zusammenh\u00e4ngen. Die&#8230;<\/p>\n","protected":false},"author":3,"featured_media":1125,"parent":0,"menu_order":0,"comment_status":"closed","ping_status":"closed","template":"page-kurumsal.php","meta":[],"_links":{"self":[{"href":"http:\/\/www.etiproducts.com\/de\/index.php?rest_route=\/wp\/v2\/pages\/102"}],"collection":[{"href":"http:\/\/www.etiproducts.com\/de\/index.php?rest_route=\/wp\/v2\/pages"}],"about":[{"href":"http:\/\/www.etiproducts.com\/de\/index.php?rest_route=\/wp\/v2\/types\/page"}],"author":[{"embeddable":true,"href":"http:\/\/www.etiproducts.com\/de\/index.php?rest_route=\/wp\/v2\/users\/3"}],"replies":[{"embeddable":true,"href":"http:\/\/www.etiproducts.com\/de\/index.php?rest_route=%2Fwp%2Fv2%2Fcomments&post=102"}],"version-history":[{"count":29,"href":"http:\/\/www.etiproducts.com\/de\/index.php?rest_route=\/wp\/v2\/pages\/102\/revisions"}],"predecessor-version":[{"id":2385,"href":"http:\/\/www.etiproducts.com\/de\/index.php?rest_route=\/wp\/v2\/pages\/102\/revisions\/2385"}],"wp:featuredmedia":[{"embeddable":true,"href":"http:\/\/www.etiproducts.com\/de\/index.php?rest_route=\/wp\/v2\/media\/1125"}],"wp:attachment":[{"href":"http:\/\/www.etiproducts.com\/de\/index.php?rest_route=%2Fwp%2Fv2%2Fmedia&parent=102"}],"curies":[{"name":"wp","href":"https:\/\/api.w.org\/{rel}","templated":true}]}}