{"id":116,"date":"2017-12-27T17:43:05","date_gmt":"2017-12-27T14:43:05","guid":{"rendered":"http:\/\/bestimagedemo.com\/etimine\/?page_id=116"},"modified":"2019-02-07T15:38:47","modified_gmt":"2019-02-07T12:38:47","slug":"misyon-vizyon-ve-degerler","status":"publish","type":"page","link":"http:\/\/www.etiproducts.com\/de\/?page_id=116","title":{"rendered":"MISSION, VISION, WERTE"},"content":{"rendered":"<h2>Mission<\/h2>\n<p>Unsere Mission ist: \u201eZum Wohlstand des Landes beizutragen durch Bewirtschaftung aller seiner Bodensch\u00e4tze au\u00dfer Kohle und Kohlenwasserstoffe, insbesondere Bor und Seltene Erden, und hierbei im Sinne einer nachhaltigen Entwicklung zu handeln und die Wissens- und Erfahrungssch\u00e4tze unseres Unternehmens in Verbindung mit neuesten Technologien einzusetzen, um so Produkte mit hohem Mehrwert zu erzeugen, die den Anforderungen und Erwartungen der Kunden gerecht werden.\u201c<\/p>\n<h2>Vision<\/h2>\n<p>Die Vision, die wir verfolgen, lautet: \u201eEine globale Organisation zu werden, die neue, auf dem Gebiet der Borchemie weltweit f\u00fchrende Produkte, Werkstoffe und G\u00fcter herstellt, die mit Bor und anderen Bodensch\u00e4tzen gesellschaftlichen Nutzen schafft und die als Informations- und Technologief\u00fchrer in der Bergbau- und Chemiebranche angesehen wird.\u201c<\/p>\n<h2>Werte<\/h2>\n<p>Eti Maden achtet in all seinen Prozessen auf den Grundsatz der Nachhaltigkeit und stellt hochproduktive und kosteng\u00fcnstige Materialien her, die den gr\u00f6\u00dftm\u00f6glichen Mehrwert von Bor und Borprodukten erschlie\u00dfen.<\/p>\n<p>Bei dieser T\u00e4tigkeit als Hersteller von Bor und Borprodukten wird Eti Maden von folgenden Werten geleitet:<\/p>\n<ul>\n<li>Innovation: Kontinuierliches Wachstum durch innovationsorientierte L\u00f6sungen, die die Verwendung von Bor und Borprodukten in der Zukunft weiter vorantreiben werden, und dabei neue Denkans\u00e4tze sinnvoll einzusetzen, um die Zukunft zu gestalten und nachhaltiges Wachstum zu erm\u00f6glichen.<\/li>\n<li>Kontinuierliche Verbesserung: Nachhaltigkeit durch kontinuierliche Verbesserung der Arbeitseffizienz und der Managementsysteme.<\/li>\n<li>Zuverl\u00e4ssigkeit: Erfolgreicher Abschluss aller Produktions- und anderen Prozesse und Systeme gem\u00e4\u00df den mit dem Kunden vereinbarten Fristen und Spezifikationen.<\/li>\n<li>Produktivit\u00e4t: Personenunabh\u00e4ngige, verlustfreie, messbare und kontrollierbare Prozesse.<\/li>\n<li>Zukunftsweisende Technologie: Ausarbeitung nachhaltiger Technologiestrategien durch Erstellung langfristiger Technologieprognosen.<\/li>\n<li>Kommunikationskompetenz: Kultur des Wissens- und Erfahrungstransfers, die vom Engagement des Einzelnen und von gegenseitigem Verst\u00e4ndnis getragen wird; f\u00fcr korrekte, zuverl\u00e4ssige und realistische Entscheidungen in der organisatorischen und operativen Unternehmensleitung.<\/li>\n<li>Kundenorientierung: Optimaler Service f\u00fcr den richtigen Kunden zur richtigen Zeit, zum richtigen Preis, mit dem richtigen Angebot.<\/li>\n<li>Kooperation: Ressourcen teilen, sich gegenseitig unterst\u00fctzen und zusammenarbeiten, um gemeinsam auf \u00fcbergeordnete Ziele hinzuarbeiten und Zielvorgaben zu erreichen.<\/li>\n<li>Teamgeist: Arbeitskultur, die institutionelle Synergien freisetzt.<\/li>\n<li>Partizipation: Bereitwillige Unterst\u00fctzung aller Mitarbeiter bei der Beteiligung an Entwicklungsprozessen, Probleml\u00f6sungen, kontinuierlicher Verbesserung und Kundenzufriedenheit.<\/li>\n<li>Umweltbewusstsein: Ausrichtung des wirtschaftlichen Handelns an einer \u00f6kologisch sensiblen Differenzierungsstrategie.<\/li>\n<li>Soziale Verantwortung: Engagement f\u00fcr und Investitionen in soziale Themen zur Steigerung des Markenwerts und der Kundenbindung.<\/li>\n<\/ul>\n","protected":false},"excerpt":{"rendered":"<p>Mission Unsere Mission ist: \u201eZum Wohlstand des Landes beizutragen durch Bewirtschaftung aller seiner Bodensch\u00e4tze au\u00dfer Kohle und Kohlenwasserstoffe, insbesondere Bor und Seltene Erden, und hierbei im Sinne einer nachhaltigen Entwicklung zu handeln und die Wissens- und Erfahrungssch\u00e4tze unseres Unternehmens in Verbindung mit neuesten Technologien einzusetzen, um so Produkte mit hohem Mehrwert zu erzeugen, die den&#8230;<\/p>\n","protected":false},"author":3,"featured_media":1771,"parent":0,"menu_order":0,"comment_status":"closed","ping_status":"closed","template":"page-kurumsal.php","meta":[],"_links":{"self":[{"href":"http:\/\/www.etiproducts.com\/de\/index.php?rest_route=\/wp\/v2\/pages\/116"}],"collection":[{"href":"http:\/\/www.etiproducts.com\/de\/index.php?rest_route=\/wp\/v2\/pages"}],"about":[{"href":"http:\/\/www.etiproducts.com\/de\/index.php?rest_route=\/wp\/v2\/types\/page"}],"author":[{"embeddable":true,"href":"http:\/\/www.etiproducts.com\/de\/index.php?rest_route=\/wp\/v2\/users\/3"}],"replies":[{"embeddable":true,"href":"http:\/\/www.etiproducts.com\/de\/index.php?rest_route=%2Fwp%2Fv2%2Fcomments&post=116"}],"version-history":[{"count":25,"href":"http:\/\/www.etiproducts.com\/de\/index.php?rest_route=\/wp\/v2\/pages\/116\/revisions"}],"predecessor-version":[{"id":2387,"href":"http:\/\/www.etiproducts.com\/de\/index.php?rest_route=\/wp\/v2\/pages\/116\/revisions\/2387"}],"wp:featuredmedia":[{"embeddable":true,"href":"http:\/\/www.etiproducts.com\/de\/index.php?rest_route=\/wp\/v2\/media\/1771"}],"wp:attachment":[{"href":"http:\/\/www.etiproducts.com\/de\/index.php?rest_route=%2Fwp%2Fv2%2Fmedia&parent=116"}],"curies":[{"name":"wp","href":"https:\/\/api.w.org\/{rel}","templated":true}]}}