{"id":124,"date":"2017-12-27T17:43:49","date_gmt":"2017-12-27T14:43:49","guid":{"rendered":"http:\/\/bestimagedemo.com\/etimine\/?page_id=124"},"modified":"2018-11-16T04:33:37","modified_gmt":"2018-11-16T01:33:37","slug":"cevre","status":"publish","type":"page","link":"http:\/\/www.etiproducts.com\/de\/?page_id=124","title":{"rendered":"UMWELT"},"content":{"rendered":"<h2>Bor \u2013 umweltschonend und hochproduktiv<\/h2>\n<p>Eti Maden \u2013\u00a0das Unternehmen, das mit Bor den wertvollsten Bodenschatz der T\u00fcrkei abbaut und verarbeitet\u00a0\u2013 achtet auf effizientes und nachhaltiges Prozessmanagement und \u00f6kologisch verantwortungsvolles Handeln und beugt mit umfassenden Vorkehrungen m\u00f6glichen negativen Auswirkung auf Natur und Umwelt vor. Mit der Abfallminimierung vom Anfang bis zum Ende der Produktionsphase verfolgt das Unternehmen konsequent eine Produktionspolitik, bei der das Umweltbewusstsein im Vordergrund steht. So stellt das Unternehmen kontinuierlich umweltfreundliche, hochproduktive, hochwertige Borprodukte her, die allen Vorschriften und Bestimmungen entsprechen.<\/p>\n<p>Mit Ma\u00dfnahmen zur Wiederaufforstung und zur Entsorgung von Abf\u00e4llen aus Projekten mit nat\u00fcrlichen Ressourcen, die das Unternehmen mit seinen Mitarbeitern durchf\u00fchrt, zeigt Eti Maden seinen ausgepr\u00e4gten Sinn f\u00fcr Umwelt, Natur und \u00f6kologisch verantwortungsvolles Handeln. Dank dem nach TS EN 140001 zertifizierten Umweltmanagementsystem werden Umweltbewusstsein und \u00f6kologische Ausrichtung von Tag zu Tag st\u00e4rker.<\/p>\n<h2>Eine saubere und gesunde Zukunft mit Bor<\/h2>\n<p>Eti Maden verfolgt das Ziel, den Verbrauch nat\u00fcrlicher Ressourcen zu minimieren, indem wir die Produktivit\u00e4t von Borprodukten maximieren \u2013 hieran arbeiten hochspezialisierte Fachleute f\u00fcr Bor und Borprodukte mit modernsten Technologien. Eti Maden sch\u00fctzt und st\u00e4rkt die Sch\u00e4tze der t\u00fcrkischen Natur gem\u00e4\u00df seiner selbst ausgearbeiteten Umweltleitlinien und sch\u00e4rft das Umweltbewusstsein seiner Mitarbeiter durch regelm\u00e4\u00dfige Schulungen.<\/p>\n<p>Eti Maden ber\u00fccksichtigt bei der Einrichtung seiner Produktionsst\u00e4tten und Prozessbereiche stets auch die m\u00f6glichen Auswirkungen auf die Umwelt und wird so seiner \u00f6kologischen Verantwortung gerecht. Etimine S.\u00a0A. strebt in allen Phasen des Produktionsprozesses an, nicht zum Klimawandel beizutragen, und tr\u00e4gt so dazu bei, dass wir kommenden Generationen eine saubere und gesunde Umwelt hinterlassen.<\/p>\n","protected":false},"excerpt":{"rendered":"<p>Bor \u2013 umweltschonend und hochproduktiv Eti Maden \u2013\u00a0das Unternehmen, das mit Bor den wertvollsten Bodenschatz der T\u00fcrkei abbaut und verarbeitet\u00a0\u2013 achtet auf effizientes und nachhaltiges Prozessmanagement und \u00f6kologisch verantwortungsvolles Handeln und beugt mit umfassenden Vorkehrungen m\u00f6glichen negativen Auswirkung auf Natur und Umwelt vor. Mit der Abfallminimierung vom Anfang bis zum Ende der Produktionsphase verfolgt das&#8230;<\/p>\n","protected":false},"author":3,"featured_media":1773,"parent":0,"menu_order":0,"comment_status":"closed","ping_status":"closed","template":"page-kurumsal.php","meta":[],"_links":{"self":[{"href":"http:\/\/www.etiproducts.com\/de\/index.php?rest_route=\/wp\/v2\/pages\/124"}],"collection":[{"href":"http:\/\/www.etiproducts.com\/de\/index.php?rest_route=\/wp\/v2\/pages"}],"about":[{"href":"http:\/\/www.etiproducts.com\/de\/index.php?rest_route=\/wp\/v2\/types\/page"}],"author":[{"embeddable":true,"href":"http:\/\/www.etiproducts.com\/de\/index.php?rest_route=\/wp\/v2\/users\/3"}],"replies":[{"embeddable":true,"href":"http:\/\/www.etiproducts.com\/de\/index.php?rest_route=%2Fwp%2Fv2%2Fcomments&post=124"}],"version-history":[{"count":15,"href":"http:\/\/www.etiproducts.com\/de\/index.php?rest_route=\/wp\/v2\/pages\/124\/revisions"}],"predecessor-version":[{"id":2389,"href":"http:\/\/www.etiproducts.com\/de\/index.php?rest_route=\/wp\/v2\/pages\/124\/revisions\/2389"}],"wp:featuredmedia":[{"embeddable":true,"href":"http:\/\/www.etiproducts.com\/de\/index.php?rest_route=\/wp\/v2\/media\/1773"}],"wp:attachment":[{"href":"http:\/\/www.etiproducts.com\/de\/index.php?rest_route=%2Fwp%2Fv2%2Fmedia&parent=124"}],"curies":[{"name":"wp","href":"https:\/\/api.w.org\/{rel}","templated":true}]}}