{"id":126,"date":"2017-12-27T17:43:54","date_gmt":"2017-12-27T14:43:54","guid":{"rendered":"http:\/\/bestimagedemo.com\/etimine\/?page_id=126"},"modified":"2019-02-07T15:40:54","modified_gmt":"2019-02-07T12:40:54","slug":"kalite-eys","status":"publish","type":"page","link":"http:\/\/www.etiproducts.com\/de\/?page_id=126","title":{"rendered":"QUALIT\u00c4T"},"content":{"rendered":"<p>Eti Maden als weltweit f\u00fchrendes Bor-Unternehmen verfolgt bei der Bewirtschaftung der Bor-Ressourcen der T\u00fcrkei eine Qualit\u00e4tspolitik, die internationalen Standards entspricht und zu einer angesehenen Position des Landes in der Welt beitr\u00e4gt. Die Nummer Eins der Branche rechtfertigt das ihr entgegengebrachte Vertrauen und gestaltet alle Prozesse gezielt so, dass die Bedarfe gedeckt und die hohen Anforderungen erf\u00fcllt werden.<\/p>\n<p>Die Borprodukte von Eti Maden werden gem\u00e4\u00df globalen Qualit\u00e4tsstandards hergestellt, gem\u00e4\u00df Normen f\u00fcr Qualit\u00e4ts-, Umwelt- und Energiemanagementsysteme und f\u00fcr integrierte Managementsysteme f\u00fcr Gesundheit und Sicherheit am Arbeitsplatz. Das Ergebnis sind hochwertige, nachhaltige, innovative und qualit\u00e4tsorientierte Produkte, die p\u00fcnktlich geliefert werden und allen Anforderungen entsprechen.<\/p>\n<h2>Niedrige Kosten, hohe Produktivit\u00e4t<\/h2>\n<p>Eti Maden zeigt bei der Herstellung seiner Borprodukte Umweltbewusstsein und strebt an, Abf\u00e4lle auf ein Minimum zu reduzieren. Eti Maden macht Industrieabf\u00e4lle in kontrollierter Weise wiederverwendbar und sorgt f\u00fcr Sicherheit und Gesundheit am Arbeitsplatz, indem den Themen Arbeitsunf\u00e4lle und Gesundheitsprobleme der Mitarbeiter durch Risikoanalysen in der Arbeitsumgebung gro\u00dfe Bedeutung beigemessen wird.<\/p>\n<p>Eti Maden achtet bei der Herstellung seiner Borprodukte nach hohen Qualit\u00e4tsstandards auch darauf, den Energieverbrauch so weit wie m\u00f6glich zu reduzieren.<\/p>\n<p>Die gesamte T\u00e4tigkeit von Eti Maden folgt einem integrierten Produktionsplan, der allen einschl\u00e4gigen Rechtsvorschriften ebenso entspricht wie den folgenden Normen, nach denen das Unternehmen zertifiziert ist: TS EN ISO 14001 Umweltmanagementsystem, TS EN ISO 9001 Qualit\u00e4tsmanagementsystem, TS 18001 System f\u00fcr Gesundheit und Sicherheit am Arbeitsplatz sowie TS EN ISO 50001 Energiemanagementsystem.<\/p>\n","protected":false},"excerpt":{"rendered":"<p>Eti Maden als weltweit f\u00fchrendes Bor-Unternehmen verfolgt bei der Bewirtschaftung der Bor-Ressourcen der T\u00fcrkei eine Qualit\u00e4tspolitik, die internationalen Standards entspricht und zu einer angesehenen Position des Landes in der Welt beitr\u00e4gt. Die Nummer Eins der Branche rechtfertigt das ihr entgegengebrachte Vertrauen und gestaltet alle Prozesse gezielt so, dass die Bedarfe gedeckt und die hohen Anforderungen&#8230;<\/p>\n","protected":false},"author":3,"featured_media":1772,"parent":0,"menu_order":0,"comment_status":"closed","ping_status":"closed","template":"page-kurumsal.php","meta":[],"_links":{"self":[{"href":"http:\/\/www.etiproducts.com\/de\/index.php?rest_route=\/wp\/v2\/pages\/126"}],"collection":[{"href":"http:\/\/www.etiproducts.com\/de\/index.php?rest_route=\/wp\/v2\/pages"}],"about":[{"href":"http:\/\/www.etiproducts.com\/de\/index.php?rest_route=\/wp\/v2\/types\/page"}],"author":[{"embeddable":true,"href":"http:\/\/www.etiproducts.com\/de\/index.php?rest_route=\/wp\/v2\/users\/3"}],"replies":[{"embeddable":true,"href":"http:\/\/www.etiproducts.com\/de\/index.php?rest_route=%2Fwp%2Fv2%2Fcomments&post=126"}],"version-history":[{"count":22,"href":"http:\/\/www.etiproducts.com\/de\/index.php?rest_route=\/wp\/v2\/pages\/126\/revisions"}],"predecessor-version":[{"id":2388,"href":"http:\/\/www.etiproducts.com\/de\/index.php?rest_route=\/wp\/v2\/pages\/126\/revisions\/2388"}],"wp:featuredmedia":[{"embeddable":true,"href":"http:\/\/www.etiproducts.com\/de\/index.php?rest_route=\/wp\/v2\/media\/1772"}],"wp:attachment":[{"href":"http:\/\/www.etiproducts.com\/de\/index.php?rest_route=%2Fwp%2Fv2%2Fmedia&parent=126"}],"curies":[{"name":"wp","href":"https:\/\/api.w.org\/{rel}","templated":true}]}}