{"id":168,"date":"2017-12-27T19:33:50","date_gmt":"2017-12-27T16:33:50","guid":{"rendered":"http:\/\/bestimagedemo.com\/etimine\/?page_id=168"},"modified":"2018-11-16T07:12:13","modified_gmt":"2018-11-16T04:12:13","slug":"ar-ge-calismalari","status":"publish","type":"page","link":"http:\/\/www.etiproducts.com\/de\/?page_id=168","title":{"rendered":"F&#038;E-Studien"},"content":{"rendered":"<p>Bor kommt in vielen verschiedenen Lebensbereichen zum Einsatz, zum Beispiel in der Glas- und Keramikproduktion, in der Landwirtschaft, in Holzschutzmitteln, Wasch- und Reinigungsmitteln, im Energie-, Gesundheits- und Technologiesektor und in Branchen der erneuerbaren Energien. Eti Maden als weltweit f\u00fchrender Anbieter von Bor betreibt an seinen Standorten in der T\u00fcrkei nach internationalen Qualit\u00e4tsstandards Forschung und Entwicklung rund um Bor und borhaltige Produkte.<\/p>\n<p>Technologienutzung und Innovation stehen bei Eti Maden im Mittelpunkt aller Gesch\u00e4ftsprozesse \u2013 das Unternehmen arbeitet in seinen F&amp;E-Laboratorien unter modernsten Bedingungen und mit fortschrittlichsten Technologien nach dem Grundsatz der kontinuierlichen Weiterentwicklung daran, die Anwendungsbereiche von Bor weiter auszubauen, das Produktportfolio zu erweitern, die Effizienz zu steigern und dabei als \u00fcbergeordnete Aufgabe die Umwelt und die menschliche Gesundheit in allen Produktionsprozessen zu sch\u00fctzen. Aus F&amp;E-Projekten in diesem Sinne sind u. a. Zinkborat, Boroxid, das borhaltige Waschmittel \u201eEtimatik\u201c sowie \u201eEtidot-67\u201c zur Produktivit\u00e4tssteigerung in der Landwirtschaft hervorgegangen.<\/p>\n<h2><strong>Das nat\u00fcrliche Waschmittel von Eti Maden: Etimatik<\/strong><\/h2>\n<p>Etimatik ist ein vielseitiges Waschmittel, das frei von Zus\u00e4tzen auf Erd\u00f6lbasis ist, das lokale, nat\u00fcrliche, pflanzliche Reinigungsstoffe enth\u00e4lt und das keine chemischen R\u00fcckst\u00e4nde in der W\u00e4sche hinterl\u00e4sst. Reinigungsprodukte auf Erd\u00f6lbasis gef\u00e4hrden die Gesundheit und belasten die Umwelt. Das borhaltige Waschmittel \u201eEtimatik\u201c steht f\u00fcr einen umwelt- und gesundheitsfreundlichen Weg in der Wasch- und Reinigungsmittelindustrie. Zugleich \u00fcberzeugt Etimatik durch herausragende Bleich- und Reinigungsleistung auch bei niedrigen Temperaturen. Etimatik beugt Pilzbefall und Geruchsbildung vor. Es sorgt im Haushalt und in der Industrie f\u00fcr zuverl\u00e4ssige Fleckentfernung, ohne dass die Farben verblassen, und sorgt f\u00fcr weiche W\u00e4sche ohne zus\u00e4tzliche Produkte.<\/p>\n<h2><strong>Hohe Ertr\u00e4ge in der Landwirtschaft mit Etidot-67<\/strong><\/h2>\n<p>Bor in Form des von Eti Maden in F&amp;E-Studien entwickelten Etidot-67 wirkt hocheffizient ertragssteigernd und tr\u00e4gt so dazu bei, die Nutzung von Anbaufl\u00e4chen und die Qualit\u00e4t der Ernten in der T\u00fcrkei und in der Welt zu optimieren. Borhaltige Produkte f\u00fcr die Landwirtschaft erm\u00f6glichen au\u00dferdem Kosteneinsparungen, indem Einbu\u00dfen bei Frucht- und Saatgutertr\u00e4gen verhindert werden. Etidot-67 ist von gro\u00dfer Bedeutung f\u00fcr die Agrarindustrie, da es mit seinem Boroxidgehalt (B2O3) von 67\u00a0% die Ertr\u00e4ge der B\u00f6den erheblich steigert. Etidot-67 ist ein speziell auf die Landwirtschaft zugeschnittenes Produkt, das in fester Form auf B\u00f6den als Fl\u00fcssigkeit auf Bl\u00e4tter aufgetragen wird. Auch als Pestizid und zum Schutz von Holzmaterialien vor Pilzbefall und anderen Sch\u00e4dlingen f\u00fcr eine lange Nutzungsdauer ist es hervorragend geeignet.<\/p>\n","protected":false},"excerpt":{"rendered":"<p>Bor kommt in vielen verschiedenen Lebensbereichen zum Einsatz, zum Beispiel in der Glas- und Keramikproduktion, in der Landwirtschaft, in Holzschutzmitteln, Wasch- und Reinigungsmitteln, im Energie-, Gesundheits- und Technologiesektor und in Branchen der erneuerbaren Energien. Eti Maden als weltweit f\u00fchrender Anbieter von Bor betreibt an seinen Standorten in der T\u00fcrkei nach internationalen Qualit\u00e4tsstandards Forschung und Entwicklung&#8230;<\/p>\n","protected":false},"author":3,"featured_media":1791,"parent":0,"menu_order":0,"comment_status":"closed","ping_status":"closed","template":"page-bor.php","meta":[],"_links":{"self":[{"href":"http:\/\/www.etiproducts.com\/de\/index.php?rest_route=\/wp\/v2\/pages\/168"}],"collection":[{"href":"http:\/\/www.etiproducts.com\/de\/index.php?rest_route=\/wp\/v2\/pages"}],"about":[{"href":"http:\/\/www.etiproducts.com\/de\/index.php?rest_route=\/wp\/v2\/types\/page"}],"author":[{"embeddable":true,"href":"http:\/\/www.etiproducts.com\/de\/index.php?rest_route=\/wp\/v2\/users\/3"}],"replies":[{"embeddable":true,"href":"http:\/\/www.etiproducts.com\/de\/index.php?rest_route=%2Fwp%2Fv2%2Fcomments&post=168"}],"version-history":[{"count":15,"href":"http:\/\/www.etiproducts.com\/de\/index.php?rest_route=\/wp\/v2\/pages\/168\/revisions"}],"predecessor-version":[{"id":2408,"href":"http:\/\/www.etiproducts.com\/de\/index.php?rest_route=\/wp\/v2\/pages\/168\/revisions\/2408"}],"wp:featuredmedia":[{"embeddable":true,"href":"http:\/\/www.etiproducts.com\/de\/index.php?rest_route=\/wp\/v2\/media\/1791"}],"wp:attachment":[{"href":"http:\/\/www.etiproducts.com\/de\/index.php?rest_route=%2Fwp%2Fv2%2Fmedia&parent=168"}],"curies":[{"name":"wp","href":"https:\/\/api.w.org\/{rel}","templated":true}]}}