{"id":169,"date":"2017-12-27T19:33:54","date_gmt":"2017-12-27T16:33:54","guid":{"rendered":"http:\/\/bestimagedemo.com\/etimine\/?page_id=169"},"modified":"2018-11-16T07:12:28","modified_gmt":"2018-11-16T04:12:28","slug":"laboratuvarlar","status":"publish","type":"page","link":"http:\/\/www.etiproducts.com\/de\/?page_id=169","title":{"rendered":"LABORATORIEN"},"content":{"rendered":"<h2><strong>Akkreditierte Laboratorien mit internationalen Referenzen<\/strong><\/h2>\n<p>Eti Maden bietet auch Dienstleistungen zur Bereitstellung von wissenschaftlichen Daten \u00fcber Bor und borhaltige Produkte an und setzt dabei auf umfassenden und zuverl\u00e4ssigen Service, P\u00fcnktlichkeit, Qualit\u00e4tsorientierung, Erf\u00fcllung aller Anforderungen der jeweiligen Analysemethoden sowie interne und externe Schulungen durch Fachleute mit gr\u00f6\u00dftem Know-how.<\/p>\n<p>Um die Zukunft des Bor-Bergbaus positiv zu gestalten, richtete Eti Maden seine Laboratorien in \u00dcbereinstimmung mit den h\u00f6chsten internationalen Normen ein, mit dem Ziel, Qualit\u00e4tsstandards f\u00fcr Bor und borhaltige Produkte zu etablieren und h\u00f6here Produktionseffizienz bei niedrigen Kosten zu erreichen. Eti Maden besitzt auch Zertifikate wie TS EN ISO\/IEC 17025:2005 Qualit\u00e4tsrichtlinien f\u00fcr Laboratorien, TS EN ISO\/IEC 17025:2005 Vereinbarung \u00fcber die Akkreditierung von Laboratorien und Pr\u00fcfvorrichtungen und TS EN ISO\/IEC 17025:2005 Akkreditierung von Laboratorien und Pr\u00fcfvorrichtungen und Dokumentation des Umfangs der Akkreditierung. Bei diesen Laboratorien, in denen die Analysen f\u00fcr F&amp;E-Projektstudien durchgef\u00fchrt werden, handelt es sich um ein Labor f\u00fcr Schl\u00e4mmanalysen und ein Labor f\u00fcr instrumentelle Analysen. Beispiele f\u00fcr die hier durchgef\u00fchrten Analysen sind:<\/p>\n<ul>\n<li>Analyse von Borverbindungen<\/li>\n<li>Chromit-Erz-Analyse<\/li>\n<li>Trona-Analyse<\/li>\n<li>Analyse von nat\u00fcrlichen Silikaten und Baryt-Erz<\/li>\n<li>Wasseranalyse<\/li>\n<li>Sonstige Analysen (Sieb-, Dichte-, thermogravimetrische Analysen; Probenvorbereitung)<\/li>\n<\/ul>\n<p>&nbsp;<\/p>\n<h2><strong>Hohe Produktivit\u00e4t nach internationalen Qualit\u00e4tsstandards<\/strong><\/h2>\n<p>An den Standorten von Eti Maden in K\u00fctahya \u2013 Emet, Bal\u0131kesir \u2013 Bigadi\u00e7, Bursa \u2013 Kestelek, Bal\u0131kesir \u2013 Band\u0131rma und Eski\u015fehir \u2013 K\u0131rka werden die Borprodukte mit modernster technischer Ausstattung physikalischen und chemischen Analysen und Qualit\u00e4tspr\u00fcfungen unterzogen.<\/p>\n<p>Das Ziel von Eti Maden ist es, den wertvollsten Bodenschatz der T\u00fcrkei \u2013\u00a0Borate\u00a0\u2013 nach internationalen Qualit\u00e4tsstandards mit hoher Produktivit\u00e4t und Qualit\u00e4t nachhaltig und kosteng\u00fcnstig zu produzieren und zugleich die Bergbauindustrie in der T\u00fcrkei und weltweit mit wissenschaftlichen Daten zu bereichern, die wir im Rahmen unserer Laborarbeiten mit Boraten und anderen Mineralien in unserem T\u00e4tigkeitsbereich gewinnen. Diese Laboratorien, die die Entwicklung des Bergbausektors pr\u00e4gen, arbeiten au\u00dferdem auch an der Umsetzung von F&amp;E-Projekten mit, f\u00fchren Studien und Analysen gem\u00e4\u00df R\u00fcckmeldungen von Kunden durch und \u00fcbernehmen externe Analyseauftr\u00e4ge als Dienstleister.<\/p>\n<p>Eti Maden setzt in der Laborforschung auf eine absolut konsequente Ausrichtung auf den bestehenden Bedarf. Um diese Bedarfsorientierung zu erreichen, werden die technologischen Entwicklungen im Bergbausektor aufmerksam beobachtet und die Laboratorien kontinuierlich verbessert. Objektivit\u00e4t, Unabh\u00e4ngigkeit, Datenschutz, Zuverl\u00e4ssigkeit und Qualit\u00e4tsbewusstsein leiten als Grundwerte die Arbeit der Laboratorien.<\/p>\n","protected":false},"excerpt":{"rendered":"<p>Akkreditierte Laboratorien mit internationalen Referenzen Eti Maden bietet auch Dienstleistungen zur Bereitstellung von wissenschaftlichen Daten \u00fcber Bor und borhaltige Produkte an und setzt dabei auf umfassenden und zuverl\u00e4ssigen Service, P\u00fcnktlichkeit, Qualit\u00e4tsorientierung, Erf\u00fcllung aller Anforderungen der jeweiligen Analysemethoden sowie interne und externe Schulungen durch Fachleute mit gr\u00f6\u00dftem Know-how. Um die Zukunft des Bor-Bergbaus positiv zu gestalten,&#8230;<\/p>\n","protected":false},"author":3,"featured_media":1124,"parent":0,"menu_order":0,"comment_status":"closed","ping_status":"closed","template":"page-bor.php","meta":[],"_links":{"self":[{"href":"http:\/\/www.etiproducts.com\/de\/index.php?rest_route=\/wp\/v2\/pages\/169"}],"collection":[{"href":"http:\/\/www.etiproducts.com\/de\/index.php?rest_route=\/wp\/v2\/pages"}],"about":[{"href":"http:\/\/www.etiproducts.com\/de\/index.php?rest_route=\/wp\/v2\/types\/page"}],"author":[{"embeddable":true,"href":"http:\/\/www.etiproducts.com\/de\/index.php?rest_route=\/wp\/v2\/users\/3"}],"replies":[{"embeddable":true,"href":"http:\/\/www.etiproducts.com\/de\/index.php?rest_route=%2Fwp%2Fv2%2Fcomments&post=169"}],"version-history":[{"count":16,"href":"http:\/\/www.etiproducts.com\/de\/index.php?rest_route=\/wp\/v2\/pages\/169\/revisions"}],"predecessor-version":[{"id":2409,"href":"http:\/\/www.etiproducts.com\/de\/index.php?rest_route=\/wp\/v2\/pages\/169\/revisions\/2409"}],"wp:featuredmedia":[{"embeddable":true,"href":"http:\/\/www.etiproducts.com\/de\/index.php?rest_route=\/wp\/v2\/media\/1124"}],"wp:attachment":[{"href":"http:\/\/www.etiproducts.com\/de\/index.php?rest_route=%2Fwp%2Fv2%2Fmedia&parent=169"}],"curies":[{"name":"wp","href":"https:\/\/api.w.org\/{rel}","templated":true}]}}