{"id":171,"date":"2017-12-27T19:34:06","date_gmt":"2017-12-27T16:34:06","guid":{"rendered":"http:\/\/bestimagedemo.com\/etimine\/?page_id=171"},"modified":"2019-02-07T15:47:43","modified_gmt":"2019-02-07T12:47:43","slug":"fikir-platformu","status":"publish","type":"page","link":"http:\/\/www.etiproducts.com\/de\/?page_id=171","title":{"rendered":"IDEENPLATTFORM"},"content":{"rendered":"<p>Eti Maden gestaltet die Zukunft der wirtschaftlichen Nutzung von Bor und ist offen f\u00fcr Innovationen und neue Denkans\u00e4tze, um Bor, den wertvollsten Bodenschatz der T\u00fcrkei, Tag f\u00fcr Tag effektiver zu nutzen. Mit dem \u00fcbergeordneten Ziel, die Anwendungsbereiche von Bor weiter auszudehnen, hat das Unternehmen eine \u201eIdeenplattform\u201c eingerichtet.<\/p>\n<p>Ganz unkompliziert kann man sich unter <a href=\"mailto:fikir@etimaden.gov.tr\">fikir@etimaden.gov.tr<\/a> an Eti Maden wenden. Das Unternehmen steht f\u00fcr fortschrittliche Technologie, internationale Qualit\u00e4tsstandards, innovationsorientierte L\u00f6sungen und Nachhaltigkeit.<\/p>\n<p>Alle Ideen und Projektvorschl\u00e4ge rund um Bor, die auf der \u201eIdeenplattform\u201c von Eti Maden eingehen, werden gepr\u00fcft und, wenn sie als geeignet erachtet werden, auch umgesetzt.<\/p>\n","protected":false},"excerpt":{"rendered":"<p>Eti Maden gestaltet die Zukunft der wirtschaftlichen Nutzung von Bor und ist offen f\u00fcr Innovationen und neue Denkans\u00e4tze, um Bor, den wertvollsten Bodenschatz der T\u00fcrkei, Tag f\u00fcr Tag effektiver zu nutzen. Mit dem \u00fcbergeordneten Ziel, die Anwendungsbereiche von Bor weiter auszudehnen, hat das Unternehmen eine \u201eIdeenplattform\u201c eingerichtet. Ganz unkompliziert kann man sich unter fikir@etimaden.gov.tr an&#8230;<\/p>\n","protected":false},"author":3,"featured_media":1801,"parent":0,"menu_order":0,"comment_status":"closed","ping_status":"closed","template":"page-bor.php","meta":[],"_links":{"self":[{"href":"http:\/\/www.etiproducts.com\/de\/index.php?rest_route=\/wp\/v2\/pages\/171"}],"collection":[{"href":"http:\/\/www.etiproducts.com\/de\/index.php?rest_route=\/wp\/v2\/pages"}],"about":[{"href":"http:\/\/www.etiproducts.com\/de\/index.php?rest_route=\/wp\/v2\/types\/page"}],"author":[{"embeddable":true,"href":"http:\/\/www.etiproducts.com\/de\/index.php?rest_route=\/wp\/v2\/users\/3"}],"replies":[{"embeddable":true,"href":"http:\/\/www.etiproducts.com\/de\/index.php?rest_route=%2Fwp%2Fv2%2Fcomments&post=171"}],"version-history":[{"count":10,"href":"http:\/\/www.etiproducts.com\/de\/index.php?rest_route=\/wp\/v2\/pages\/171\/revisions"}],"predecessor-version":[{"id":2471,"href":"http:\/\/www.etiproducts.com\/de\/index.php?rest_route=\/wp\/v2\/pages\/171\/revisions\/2471"}],"wp:featuredmedia":[{"embeddable":true,"href":"http:\/\/www.etiproducts.com\/de\/index.php?rest_route=\/wp\/v2\/media\/1801"}],"wp:attachment":[{"href":"http:\/\/www.etiproducts.com\/de\/index.php?rest_route=%2Fwp%2Fv2%2Fmedia&parent=171"}],"curies":[{"name":"wp","href":"https:\/\/api.w.org\/{rel}","templated":true}]}}