{"id":194,"date":"2017-12-27T20:59:51","date_gmt":"2017-12-27T17:59:51","guid":{"rendered":"http:\/\/bestimagedemo.com\/etimine\/?page_id=194"},"modified":"2019-02-07T15:42:16","modified_gmt":"2019-02-07T12:42:16","slug":"bor-mineralleri","status":"publish","type":"page","link":"http:\/\/www.etiproducts.com\/de\/?page_id=194","title":{"rendered":"BORMINERALE"},"content":{"rendered":"<p>Borminerale sind nat\u00fcrliche Verbindungen, die in unterschiedlichen Anteilen Boroxid enthalten. In der Natur kommen 230\u00a0Borminerale vor. Die wirtschaftlich wichtigsten Borminerale sind Borax, Colemanit, Kernit, Ulexit, Pandermit, Boracit, Szaib\u00e9lyit und Hydroboracit. Die wichtigsten Borminerale, die von dem weltweit f\u00fchrenden Bor-Unternehmen Eti Maden zu hochwertigen Produkten gem\u00e4\u00df internationaler Qualit\u00e4tsstandards verarbeitet werden, sind Borax, Colemanit und Ulexit.<\/p>\n<p><strong>Wichtige kommerziell genutzte Borminerale<\/strong><\/p>\n<table width=\"680\">\n<tbody>\n<tr>\n<td>Kernit<\/td>\n<td>Na<sub>2<\/sub>B<sub>4<\/sub>0<sub>7<\/sub>.4H<sub>2<\/sub>O<\/td>\n<\/tr>\n<tr>\n<td>Tincalconit<\/td>\n<td>Na<sub>2<\/sub>B<sub>4<\/sub>0<sub>7<\/sub>.5H<sub>2<\/sub>O<\/td>\n<\/tr>\n<tr>\n<td>Borax<\/td>\n<td>Na<sub>2<\/sub>B<sub>4<\/sub>0<sub>7<\/sub>.10H<sub>2<\/sub>O<\/td>\n<\/tr>\n<tr>\n<td>Probertit<\/td>\n<td>NaCaB<sub>5<\/sub>0<sub>9<\/sub>.5H<sub>2<\/sub>O<\/td>\n<\/tr>\n<tr>\n<td>Ulexit<\/td>\n<td>NaCaB<sub>5<\/sub>0<sub>9<\/sub>.8H<sub>2<\/sub>O<\/td>\n<\/tr>\n<tr>\n<td>Colemanit<\/td>\n<td>Ca<sub>2<\/sub>B<sub>6<\/sub>O<sub>11<\/sub>.5H<sub>2<\/sub>O<\/td>\n<\/tr>\n<tr>\n<td>Meyerhofferit<\/td>\n<td>Ca<sub>2<\/sub>B<sub>6<\/sub>O<sub>11<\/sub>.7H<sub>2<\/sub>O<\/td>\n<\/tr>\n<tr>\n<td>Inyoit<\/td>\n<td>Ca<sub>2<\/sub>B<sub>6<\/sub>O<sub>11<\/sub>.13H<sub>2<\/sub>O<\/td>\n<\/tr>\n<tr>\n<td>Pandermit<\/td>\n<td>Ca<sub>4<\/sub>B<sub>10<\/sub>O<sub>19<\/sub>.7H<sub>2<\/sub>O<\/td>\n<\/tr>\n<tr>\n<td>Inderit<\/td>\n<td>Mg<sub>2<\/sub>B<sub>6<\/sub>O<sub>11<\/sub>.15H<sub>2<\/sub>O<\/td>\n<\/tr>\n<tr>\n<td>Hydroboracit<\/td>\n<td>CaMgB<sub>6<\/sub>O<sub>11<\/sub>.6H<sub>2<\/sub>O<\/td>\n<\/tr>\n<tr>\n<td>Boracit<\/td>\n<td>Mg<sub>3<\/sub>B<sub>7<\/sub>O<sub>13<\/sub>Cl<\/td>\n<\/tr>\n<tr>\n<td>Ascharit<\/td>\n<td>Mg<sub>2<\/sub>B<sub>2<\/sub>O<sub>5<\/sub>.H<sub>2<\/sub>O<\/td>\n<\/tr>\n<tr>\n<td>Datolith<\/td>\n<td>Ca<sub>2<\/sub>B<sub>2<\/sub>Si<sub>2<\/sub>O<sub>9<\/sub>.H<sub>2<\/sub>O<\/td>\n<\/tr>\n<tr>\n<td>Sassolit (nat\u00fcrliche Bors\u00e4ure)<\/td>\n<td><\/td>\n<\/tr>\n<\/tbody>\n<\/table>\n<p>&nbsp;<\/p>\n<p>Die Borminerale werden von Eti Maden mit Hilfe verschiedener Abbauverfahren gewonnen, mittels physikalischer Prozesse angereichert und zu hochkonzentrierten Borprodukten verarbeitet. Durch die Raffination nach internationalen Standards entstehen bei Eti Maden hocheffiziente, profitable und nachhaltige Borprodukte f\u00fcr den Einsatz in unterschiedlichsten Industriebereichen, insbesondere in der Glas-, Keramik-, Agrar- sowie Reinigungsmittelindustrie.<\/p>\n<h2><strong>Der Bodenschatz der Zukunft: Bor<\/strong><\/h2>\n<p>Eti Maden gestaltet die Zukunft der wirtschaftlichen Nutzung von Bor und erweitert sein Produktportfolio seit Jahren immer weiter. Mit einem Portfolio von aktuell 17 raffinierten Borprodukten bietet Eti Maden eine breite Auswahl an Produkten mit unterschiedlichen Spektralwerten. Prim\u00e4re raffinierte Borprodukte sind: Etibor-48, Borax-Pentahydrat, Borax-Decahydrat, Bors\u00e4ure, Etidot-67, Etibor-68, wasserfreies Borax, Zinkborat, Boroxid, gemahlenes Colemanit und gemahlenes Ulexit.<\/p>\n<p>Die Forschungs- und Entwicklungsarbeit von Eti Maden hat zum Ziel, die Anwendungsgebiete von Borprodukten weiter zu vergr\u00f6\u00dfern. In folgenden Bereichen sollen neue Einsatzm\u00f6glichkeiten von Borprodukten erschlossen werden: Raum- und Luftfahrt, Nuklearanwendungen, Milit\u00e4rfahrzeuge, Kraftstoffe, Elektronik- und Kommunikationssektor, Polymermaterialien, Nanotechnologien, Automobil- und Energiewirtschaft, Metallurgie und Bauwesen.<\/p>\n<p>Etimatik ist ein aus den F&amp;E-Studien von Eti Maden hervorgegangenes sanftes, nat\u00fcrliches Haushaltswaschmittel, das keine petrochemischen Produkte enth\u00e4lt und die Umwelt schont. Gleichzeitig wird mit Etidot-67, das eine wichtige Rolle im Anbau landwirtschaftlicher Nutzpflanzen spielt, die Entwicklung von Borprodukten f\u00fcr den Agrarsektor weiter vorangetrieben.<\/p>\n","protected":false},"excerpt":{"rendered":"<p>Borminerale sind nat\u00fcrliche Verbindungen, die in unterschiedlichen Anteilen Boroxid enthalten. In der Natur kommen 230\u00a0Borminerale vor. Die wirtschaftlich wichtigsten Borminerale sind Borax, Colemanit, Kernit, Ulexit, Pandermit, Boracit, Szaib\u00e9lyit und Hydroboracit. Die wichtigsten Borminerale, die von dem weltweit f\u00fchrenden Bor-Unternehmen Eti Maden zu hochwertigen Produkten gem\u00e4\u00df internationaler Qualit\u00e4tsstandards verarbeitet werden, sind Borax, Colemanit und Ulexit. Wichtige&#8230;<\/p>\n","protected":false},"author":3,"featured_media":431,"parent":0,"menu_order":0,"comment_status":"closed","ping_status":"closed","template":"page-bor.php","meta":[],"_links":{"self":[{"href":"http:\/\/www.etiproducts.com\/de\/index.php?rest_route=\/wp\/v2\/pages\/194"}],"collection":[{"href":"http:\/\/www.etiproducts.com\/de\/index.php?rest_route=\/wp\/v2\/pages"}],"about":[{"href":"http:\/\/www.etiproducts.com\/de\/index.php?rest_route=\/wp\/v2\/types\/page"}],"author":[{"embeddable":true,"href":"http:\/\/www.etiproducts.com\/de\/index.php?rest_route=\/wp\/v2\/users\/3"}],"replies":[{"embeddable":true,"href":"http:\/\/www.etiproducts.com\/de\/index.php?rest_route=%2Fwp%2Fv2%2Fcomments&post=194"}],"version-history":[{"count":18,"href":"http:\/\/www.etiproducts.com\/de\/index.php?rest_route=\/wp\/v2\/pages\/194\/revisions"}],"predecessor-version":[{"id":2393,"href":"http:\/\/www.etiproducts.com\/de\/index.php?rest_route=\/wp\/v2\/pages\/194\/revisions\/2393"}],"wp:featuredmedia":[{"embeddable":true,"href":"http:\/\/www.etiproducts.com\/de\/index.php?rest_route=\/wp\/v2\/media\/431"}],"wp:attachment":[{"href":"http:\/\/www.etiproducts.com\/de\/index.php?rest_route=%2Fwp%2Fv2%2Fmedia&parent=194"}],"curies":[{"name":"wp","href":"https:\/\/api.w.org\/{rel}","templated":true}]}}