{"id":197,"date":"2017-12-27T21:00:24","date_gmt":"2017-12-27T18:00:24","guid":{"rendered":"http:\/\/bestimagedemo.com\/etimine\/?page_id=197"},"modified":"2019-02-07T15:47:15","modified_gmt":"2019-02-07T12:47:15","slug":"turkiyede-bor","status":"publish","type":"page","link":"http:\/\/www.etiproducts.com\/de\/?page_id=197","title":{"rendered":"BOR IN DER T\u00dcRKEI"},"content":{"rendered":"<p>Die bekanntesten Lagerst\u00e4tten von Bor in der T\u00fcrkei, wo 73\u00a0% der weltweiten Borvorkommen lagern, sind: Eski\u015fehir \u2013 K\u0131rka, K\u00fctahya \u2013 Emet, Bal\u0131kesir \u2013 Band\u0131rma und Bal\u0131kesir \u2013 Bigadi\u00e7.<\/p>\n<p>Die in der T\u00fcrkei am h\u00e4ufigsten vorkommenden Borminerale sind Borax und Colemanit. Borax ist vor allem in Eski\u015fehir \u2013 K\u0131rka zu finden, Colemanit in K\u00fctahya \u2013 Emet, Bal\u0131kesir \u2013 Bigadi\u00e7 und Bursa \u2013 Kestelek. Zus\u00e4tzlich lagert in Bal\u0131kesir \u2013 Bigadi\u00e7 auch Ulexit, und bisweilen wird in Bursa \u2013 Kestelek Ulexit als Nebenprodukt abgebaut.<\/p>\n<p>Das t\u00fcrkische Gesetz Nr.\u00a02840 beauftragt Eti Maden mit dem Abbau, der Verarbeitung und dem Vertrieb von Boraten in der T\u00fcrkei.<\/p>\n<p>An den Standorten von vier\u00a0Unternehmensdirektoraten von Eti Maden werden vor allem folgende Produkte f\u00fcr den nationalen und internationalen Markt hergestellt: Borax-Pentahydrat, Borax-Decahydrat, Bors\u00e4ure, Etidot-67, Boroxid, Zinkborat, Kalk-Borax, wasserfreier Borax, gemahlener Colemanit und gemahlener Ulexit. Die gesamte Produktionskapazit\u00e4t f\u00fcr raffiniertes Bor von Eti Maden betrug im Jahr\u00a02017 rund 2,7\u00a0Millionen Tonnen.<\/p>\n<p>Die Borprodukte werden in der T\u00fcrkei zu 36\u00a0% f\u00fcr Glas, zu 31\u00a0% f\u00fcr Keramik, zu 9\u00a0% f\u00fcr Wasch- und Reinigungsmittel, zu 7\u00a0% in der Landwirtschaft, zu 4\u00a0% f\u00fcr Klebstoffe und zu 14\u00a0% f\u00fcr sonstige Zwecke verwendet. Eti Maden deckt den gesamten nationalen Bedarf an Bor. Eti Maden tr\u00e4gt zum hohen internationalen Rang der t\u00fcrkischen Wirtschaft bei; es belegte in der Liste der 1.000\u00a0gr\u00f6\u00dften Exporteure der T\u00fcrkei im Jahr\u00a02016 den 15. Platz und in der Liste der 90\u00a0Unternehmen, die in die meisten L\u00e4nder exportieren, den 14. Platz.<\/p>\n<table width=\"680\">\n<tbody>\n<tr>\n<td>Name der Lagerst\u00e4tte<\/td>\n<td>Menge (Tonnen)<\/td>\n<\/tr>\n<tr>\n<td>Emet (Colemanit\/Ulexit)<\/td>\n<td>\u00a01.811.072,52<\/td>\n<\/tr>\n<tr>\n<td>Kir\u00e7a (Borax)<\/td>\n<td>\u00a0824.720,95<\/td>\n<\/tr>\n<tr>\n<td>Bigadi\u00e7 (Colemanit\/Ulexit)<\/td>\n<td>\u00a0628.350,48<\/td>\n<\/tr>\n<tr>\n<td>Kestelek (Colemanit)<\/td>\n<td>\u00a05.254,92<\/td>\n<\/tr>\n<tr>\n<td><strong>GESAMT<\/strong><\/td>\n<td><strong>\u00a03.269.398,87<\/strong><\/td>\n<\/tr>\n<\/tbody>\n<\/table>\n<p>&nbsp;<\/p>\n","protected":false},"excerpt":{"rendered":"<p>Die bekanntesten Lagerst\u00e4tten von Bor in der T\u00fcrkei, wo 73\u00a0% der weltweiten Borvorkommen lagern, sind: Eski\u015fehir \u2013 K\u0131rka, K\u00fctahya \u2013 Emet, Bal\u0131kesir \u2013 Band\u0131rma und Bal\u0131kesir \u2013 Bigadi\u00e7. Die in der T\u00fcrkei am h\u00e4ufigsten vorkommenden Borminerale sind Borax und Colemanit. Borax ist vor allem in Eski\u015fehir \u2013 K\u0131rka zu finden, Colemanit in K\u00fctahya \u2013 Emet,&#8230;<\/p>\n","protected":false},"author":3,"featured_media":434,"parent":0,"menu_order":0,"comment_status":"closed","ping_status":"closed","template":"page-bor.php","meta":[],"_links":{"self":[{"href":"http:\/\/www.etiproducts.com\/de\/index.php?rest_route=\/wp\/v2\/pages\/197"}],"collection":[{"href":"http:\/\/www.etiproducts.com\/de\/index.php?rest_route=\/wp\/v2\/pages"}],"about":[{"href":"http:\/\/www.etiproducts.com\/de\/index.php?rest_route=\/wp\/v2\/types\/page"}],"author":[{"embeddable":true,"href":"http:\/\/www.etiproducts.com\/de\/index.php?rest_route=\/wp\/v2\/users\/3"}],"replies":[{"embeddable":true,"href":"http:\/\/www.etiproducts.com\/de\/index.php?rest_route=%2Fwp%2Fv2%2Fcomments&post=197"}],"version-history":[{"count":18,"href":"http:\/\/www.etiproducts.com\/de\/index.php?rest_route=\/wp\/v2\/pages\/197\/revisions"}],"predecessor-version":[{"id":2406,"href":"http:\/\/www.etiproducts.com\/de\/index.php?rest_route=\/wp\/v2\/pages\/197\/revisions\/2406"}],"wp:featuredmedia":[{"embeddable":true,"href":"http:\/\/www.etiproducts.com\/de\/index.php?rest_route=\/wp\/v2\/media\/434"}],"wp:attachment":[{"href":"http:\/\/www.etiproducts.com\/de\/index.php?rest_route=%2Fwp%2Fv2%2Fmedia&parent=197"}],"curies":[{"name":"wp","href":"https:\/\/api.w.org\/{rel}","templated":true}]}}