{"id":387,"date":"2017-12-28T21:57:21","date_gmt":"2017-12-28T18:57:21","guid":{"rendered":"http:\/\/bestimagedemo.com\/etimine\/?page_id=387"},"modified":"2019-02-07T15:48:24","modified_gmt":"2019-02-07T12:48:24","slug":"bandirma","status":"publish","type":"page","link":"http:\/\/www.etiproducts.com\/de\/?page_id=387","title":{"rendered":"BANDIRMA"},"content":{"rendered":"\n\t\t<style type=\"text\/css\">\n\t\t\t#gallery-1 {\n\t\t\t\tmargin: auto;\n\t\t\t}\n\t\t\t#gallery-1 .gallery-item {\n\t\t\t\tfloat: left;\n\t\t\t\tmargin-top: 10px;\n\t\t\t\ttext-align: center;\n\t\t\t\twidth: 20%;\n\t\t\t}\n\t\t\t#gallery-1 img {\n\t\t\t\tborder: 2px solid #cfcfcf;\n\t\t\t}\n\t\t\t#gallery-1 .gallery-caption {\n\t\t\t\tmargin-left: 0;\n\t\t\t}\n\t\t\t\/* see gallery_shortcode() in wp-includes\/media.php *\/\n\t\t<\/style>\n\t\t<div id='gallery-1' class='gallery galleryid-387 gallery-columns-5 gallery-size-thumbnail'><dl class='gallery-item'>\n\t\t\t<dt class='gallery-icon landscape'>\n\t\t\t\t<a href='http:\/\/www.etiproducts.com\/de\/wp-content\/uploads\/2018\/01\/band\u0131rma_1.jpg'><img width=\"150\" height=\"150\" src=\"http:\/\/www.etiproducts.com\/de\/wp-content\/uploads\/2018\/01\/band\u0131rma_1-150x150.jpg\" class=\"attachment-thumbnail size-thumbnail\" alt=\"\" loading=\"lazy\" srcset=\"http:\/\/www.etiproducts.com\/de\/wp-content\/uploads\/2018\/01\/band\u0131rma_1-150x150.jpg 150w, http:\/\/www.etiproducts.com\/de\/wp-content\/uploads\/2018\/01\/band\u0131rma_1-214x214.jpg 214w\" sizes=\"(max-width: 150px) 100vw, 150px\" \/><\/a>\n\t\t\t<\/dt><\/dl><dl class='gallery-item'>\n\t\t\t<dt class='gallery-icon landscape'>\n\t\t\t\t<a href='http:\/\/www.etiproducts.com\/de\/wp-content\/uploads\/2018\/01\/band\u0131rma_2.jpg'><img width=\"150\" height=\"150\" src=\"http:\/\/www.etiproducts.com\/de\/wp-content\/uploads\/2018\/01\/band\u0131rma_2-150x150.jpg\" class=\"attachment-thumbnail size-thumbnail\" alt=\"\" loading=\"lazy\" srcset=\"http:\/\/www.etiproducts.com\/de\/wp-content\/uploads\/2018\/01\/band\u0131rma_2-150x150.jpg 150w, http:\/\/www.etiproducts.com\/de\/wp-content\/uploads\/2018\/01\/band\u0131rma_2-214x214.jpg 214w\" sizes=\"(max-width: 150px) 100vw, 150px\" \/><\/a>\n\t\t\t<\/dt><\/dl><dl class='gallery-item'>\n\t\t\t<dt class='gallery-icon landscape'>\n\t\t\t\t<a href='http:\/\/www.etiproducts.com\/de\/wp-content\/uploads\/2018\/01\/band\u0131rma_3.jpg'><img width=\"150\" height=\"150\" src=\"http:\/\/www.etiproducts.com\/de\/wp-content\/uploads\/2018\/01\/band\u0131rma_3-150x150.jpg\" class=\"attachment-thumbnail size-thumbnail\" alt=\"\" loading=\"lazy\" srcset=\"http:\/\/www.etiproducts.com\/de\/wp-content\/uploads\/2018\/01\/band\u0131rma_3-150x150.jpg 150w, http:\/\/www.etiproducts.com\/de\/wp-content\/uploads\/2018\/01\/band\u0131rma_3-214x214.jpg 214w\" sizes=\"(max-width: 150px) 100vw, 150px\" \/><\/a>\n\t\t\t<\/dt><\/dl><dl class='gallery-item'>\n\t\t\t<dt class='gallery-icon landscape'>\n\t\t\t\t<a href='http:\/\/www.etiproducts.com\/de\/wp-content\/uploads\/2018\/01\/band\u0131rma_4.jpg'><img width=\"150\" height=\"150\" src=\"http:\/\/www.etiproducts.com\/de\/wp-content\/uploads\/2018\/01\/band\u0131rma_4-150x150.jpg\" class=\"attachment-thumbnail size-thumbnail\" alt=\"\" loading=\"lazy\" srcset=\"http:\/\/www.etiproducts.com\/de\/wp-content\/uploads\/2018\/01\/band\u0131rma_4-150x150.jpg 150w, http:\/\/www.etiproducts.com\/de\/wp-content\/uploads\/2018\/01\/band\u0131rma_4-214x214.jpg 214w\" sizes=\"(max-width: 150px) 100vw, 150px\" \/><\/a>\n\t\t\t<\/dt><\/dl><dl class='gallery-item'>\n\t\t\t<dt class='gallery-icon landscape'>\n\t\t\t\t<a href='http:\/\/www.etiproducts.com\/de\/wp-content\/uploads\/2018\/01\/band\u0131rma_5.jpg'><img width=\"150\" height=\"150\" src=\"http:\/\/www.etiproducts.com\/de\/wp-content\/uploads\/2018\/01\/band\u0131rma_5-150x150.jpg\" class=\"attachment-thumbnail size-thumbnail\" alt=\"\" loading=\"lazy\" srcset=\"http:\/\/www.etiproducts.com\/de\/wp-content\/uploads\/2018\/01\/band\u0131rma_5-150x150.jpg 150w, http:\/\/www.etiproducts.com\/de\/wp-content\/uploads\/2018\/01\/band\u0131rma_5-214x214.jpg 214w\" sizes=\"(max-width: 150px) 100vw, 150px\" \/><\/a>\n\t\t\t<\/dt><\/dl><br style=\"clear: both\" \/><dl class='gallery-item'>\n\t\t\t<dt class='gallery-icon landscape'>\n\t\t\t\t<a href='http:\/\/www.etiproducts.com\/de\/wp-content\/uploads\/2018\/01\/band\u0131rma_6.jpg'><img width=\"150\" height=\"150\" src=\"http:\/\/www.etiproducts.com\/de\/wp-content\/uploads\/2018\/01\/band\u0131rma_6-150x150.jpg\" class=\"attachment-thumbnail size-thumbnail\" alt=\"\" loading=\"lazy\" srcset=\"http:\/\/www.etiproducts.com\/de\/wp-content\/uploads\/2018\/01\/band\u0131rma_6-150x150.jpg 150w, http:\/\/www.etiproducts.com\/de\/wp-content\/uploads\/2018\/01\/band\u0131rma_6-214x214.jpg 214w\" sizes=\"(max-width: 150px) 100vw, 150px\" \/><\/a>\n\t\t\t<\/dt><\/dl><dl class='gallery-item'>\n\t\t\t<dt class='gallery-icon landscape'>\n\t\t\t\t<a href='http:\/\/www.etiproducts.com\/de\/wp-content\/uploads\/2018\/01\/band\u0131rma_7.jpg'><img width=\"150\" height=\"150\" src=\"http:\/\/www.etiproducts.com\/de\/wp-content\/uploads\/2018\/01\/band\u0131rma_7-150x150.jpg\" class=\"attachment-thumbnail size-thumbnail\" alt=\"\" loading=\"lazy\" srcset=\"http:\/\/www.etiproducts.com\/de\/wp-content\/uploads\/2018\/01\/band\u0131rma_7-150x150.jpg 150w, http:\/\/www.etiproducts.com\/de\/wp-content\/uploads\/2018\/01\/band\u0131rma_7-214x214.jpg 214w\" sizes=\"(max-width: 150px) 100vw, 150px\" \/><\/a>\n\t\t\t<\/dt><\/dl><dl class='gallery-item'>\n\t\t\t<dt class='gallery-icon landscape'>\n\t\t\t\t<a href='http:\/\/www.etiproducts.com\/de\/wp-content\/uploads\/2018\/01\/band\u0131rma_8.jpg'><img width=\"150\" height=\"150\" src=\"http:\/\/www.etiproducts.com\/de\/wp-content\/uploads\/2018\/01\/band\u0131rma_8-150x150.jpg\" class=\"attachment-thumbnail size-thumbnail\" alt=\"\" loading=\"lazy\" srcset=\"http:\/\/www.etiproducts.com\/de\/wp-content\/uploads\/2018\/01\/band\u0131rma_8-150x150.jpg 150w, http:\/\/www.etiproducts.com\/de\/wp-content\/uploads\/2018\/01\/band\u0131rma_8-214x214.jpg 214w\" sizes=\"(max-width: 150px) 100vw, 150px\" \/><\/a>\n\t\t\t<\/dt><\/dl><dl class='gallery-item'>\n\t\t\t<dt class='gallery-icon landscape'>\n\t\t\t\t<a href='http:\/\/www.etiproducts.com\/de\/wp-content\/uploads\/2018\/01\/band\u0131rma_9.jpg'><img width=\"150\" height=\"150\" src=\"http:\/\/www.etiproducts.com\/de\/wp-content\/uploads\/2018\/01\/band\u0131rma_9-150x150.jpg\" class=\"attachment-thumbnail size-thumbnail\" alt=\"\" loading=\"lazy\" srcset=\"http:\/\/www.etiproducts.com\/de\/wp-content\/uploads\/2018\/01\/band\u0131rma_9-150x150.jpg 150w, http:\/\/www.etiproducts.com\/de\/wp-content\/uploads\/2018\/01\/band\u0131rma_9-214x214.jpg 214w\" sizes=\"(max-width: 150px) 100vw, 150px\" \/><\/a>\n\t\t\t<\/dt><\/dl><dl class='gallery-item'>\n\t\t\t<dt class='gallery-icon landscape'>\n\t\t\t\t<a href='http:\/\/www.etiproducts.com\/de\/wp-content\/uploads\/2018\/01\/band\u0131rma_10.jpg'><img width=\"150\" height=\"150\" src=\"http:\/\/www.etiproducts.com\/de\/wp-content\/uploads\/2018\/01\/band\u0131rma_10-150x150.jpg\" class=\"attachment-thumbnail size-thumbnail\" alt=\"\" loading=\"lazy\" srcset=\"http:\/\/www.etiproducts.com\/de\/wp-content\/uploads\/2018\/01\/band\u0131rma_10-150x150.jpg 150w, http:\/\/www.etiproducts.com\/de\/wp-content\/uploads\/2018\/01\/band\u0131rma_10-214x214.jpg 214w\" sizes=\"(max-width: 150px) 100vw, 150px\" \/><\/a>\n\t\t\t<\/dt><\/dl><br style=\"clear: both\" \/>\n\t\t<\/div>\n\n<p>&nbsp;<\/p>\n<p>Das Unternehmensdirektorat Bor- und S\u00e4urewerke Band\u0131rma in der Provinz Bal\u0131kesir wurde 1967 gegr\u00fcndet. Das hier gewonnene Bor wird zu hochwertigen und nachhaltigen Produkten mit hohem Mehrwert verarbeitet. Als eines der wichtigsten Borproduktionszentren der T\u00fcrkei mit 73\u00a0% der weltweiten Borreserven leistet das Unternehmensdirektorat Bor- und S\u00e4urewerke Band\u0131rma einen Beitrag zum Wachstum der t\u00fcrkischen und der globalen Wirtschaft, indem die Bor-Produkte aus dem Hafen von Band\u0131rma in die ganze Welt gebracht werden.<\/p>\n<p>Borax- und Colemanit-Erze, die hier und in anderen Bergwerken des Unternehmensgeneraldirektorats von Eti Maden gewonnen werden, werden im Unternehmensdirektorat Bor- und S\u00e4urewerke Band\u0131rma zu verschiedenen Produkten verarbeitet: Bors\u00e4ure, Etibor-48, Borax-Decahydrat, Borax-Pentahydrat, gemahlener Colemanit, wasserfreier Borax, Etidot-67, Zinkborat und Boroxid (amorph und glasig). In F&amp;E-Projekten entwickelt Eti Maden sein Produktportfolio kontinuierlich weiter und produziert mit hocheffizienten Verfahren und modernsten Technologien gem\u00e4\u00df internationaler Qualit\u00e4tsstandards amorphes Boroxid aus Borax-Decahydrat, Borax-Pentahydrat und Bors\u00e4ure, glasiges Boroxid, wasserfreien Borax und Etidot-67 sowie Zinkborat.<\/p>\n<h2><strong>Bor von h\u00f6chster Qualit\u00e4t<\/strong><\/h2>\n<p>Das Unternehmensdirektorat Bor- und S\u00e4urewerke Band\u0131rma produziert bei steigender Produktionskapazit\u00e4t derzeit j\u00e4hrlich rund 400.000 Tonnen raffinierte Borprodukte. Der Hafen Band\u0131rma ist mit mehr als 900.000 Tonnen an Exporten pro Jahr zusammen mit dem Unternehmensdirektorat Bor- und S\u00e4urewerke Band\u0131rma einer der wichtigsten Vertreter der T\u00fcrkei auf der globalen Ebene. 2014 wurde eine einheitliche Zentralorganisation unter dem Namen Band\u0131rma Logistics geschaffen. Mit branchenspezifischen Technologien werden Kristallisatoren und Verdicker hergestellt. Dar\u00fcber hinaus werden in akkreditierten Laboratorien Ans\u00e4tze untersucht, um Produktionsprozesse zu verbessern und die Produktivit\u00e4t zu steigern.<\/p>\n<p>Das Unternehmensdirektorat Bor- und S\u00e4urewerke Band\u0131rma trifft Vorkehrungen gegen Luft- und sonstige Umweltverschmutzung, die in den Anlagen anfallen kann. Zugleich arbeitet es an der Modernisierung der Ladebereiche und anderen Verbesserungsma\u00dfnahmen, um das Logistik- und Vertriebsnetzwerk weiter zu optimieren. Durch Deckung seines Energiebedarfs aus werksinternen Anlagen spart das Unternehmensdirektorat Bor- und S\u00e4urewerke Band\u0131rma einerseits Energie und leistet andererseits einen wirtschaftlichen Beitrag.<\/p>\n<p>Das Unternehmensdirektorat Bor- und S\u00e4urewerke Band\u0131rma strebt nach Exzellenz und nach der Zufriedenheit aller Beteiligten und st\u00fctzt sein Qualit\u00e4tsbewusstsein auf die Einhaltung strenger Standards f\u00fcr Qualit\u00e4ts-, Energie-, Umwelt- und Arbeitsschutzmanagementsysteme sowie akkreditierte Laboratorien.<\/p>\n","protected":false},"excerpt":{"rendered":"<p>&nbsp; Das Unternehmensdirektorat Bor- und S\u00e4urewerke Band\u0131rma in der Provinz Bal\u0131kesir wurde 1967 gegr\u00fcndet. Das hier gewonnene Bor wird zu hochwertigen und nachhaltigen Produkten mit hohem Mehrwert verarbeitet. Als eines der wichtigsten Borproduktionszentren der T\u00fcrkei mit 73\u00a0% der weltweiten Borreserven leistet das Unternehmensdirektorat Bor- und S\u00e4urewerke Band\u0131rma einen Beitrag zum Wachstum der t\u00fcrkischen und der&#8230;<\/p>\n","protected":false},"author":3,"featured_media":1827,"parent":0,"menu_order":0,"comment_status":"closed","ping_status":"closed","template":"page-global.php","meta":[],"_links":{"self":[{"href":"http:\/\/www.etiproducts.com\/de\/index.php?rest_route=\/wp\/v2\/pages\/387"}],"collection":[{"href":"http:\/\/www.etiproducts.com\/de\/index.php?rest_route=\/wp\/v2\/pages"}],"about":[{"href":"http:\/\/www.etiproducts.com\/de\/index.php?rest_route=\/wp\/v2\/types\/page"}],"author":[{"embeddable":true,"href":"http:\/\/www.etiproducts.com\/de\/index.php?rest_route=\/wp\/v2\/users\/3"}],"replies":[{"embeddable":true,"href":"http:\/\/www.etiproducts.com\/de\/index.php?rest_route=%2Fwp%2Fv2%2Fcomments&post=387"}],"version-history":[{"count":13,"href":"http:\/\/www.etiproducts.com\/de\/index.php?rest_route=\/wp\/v2\/pages\/387\/revisions"}],"predecessor-version":[{"id":2414,"href":"http:\/\/www.etiproducts.com\/de\/index.php?rest_route=\/wp\/v2\/pages\/387\/revisions\/2414"}],"wp:featuredmedia":[{"embeddable":true,"href":"http:\/\/www.etiproducts.com\/de\/index.php?rest_route=\/wp\/v2\/media\/1827"}],"wp:attachment":[{"href":"http:\/\/www.etiproducts.com\/de\/index.php?rest_route=%2Fwp%2Fv2%2Fmedia&parent=387"}],"curies":[{"name":"wp","href":"https:\/\/api.w.org\/{rel}","templated":true}]}}