{"id":389,"date":"2017-12-28T21:57:26","date_gmt":"2017-12-28T18:57:26","guid":{"rendered":"http:\/\/bestimagedemo.com\/etimine\/?page_id=389"},"modified":"2019-02-07T15:48:17","modified_gmt":"2019-02-07T12:48:17","slug":"bigadic","status":"publish","type":"page","link":"http:\/\/www.etiproducts.com\/de\/?page_id=389","title":{"rendered":"B\u0130GAD\u0130\u00c7"},"content":{"rendered":"\n\t\t<style type=\"text\/css\">\n\t\t\t#gallery-1 {\n\t\t\t\tmargin: auto;\n\t\t\t}\n\t\t\t#gallery-1 .gallery-item {\n\t\t\t\tfloat: left;\n\t\t\t\tmargin-top: 10px;\n\t\t\t\ttext-align: center;\n\t\t\t\twidth: 20%;\n\t\t\t}\n\t\t\t#gallery-1 img {\n\t\t\t\tborder: 2px solid #cfcfcf;\n\t\t\t}\n\t\t\t#gallery-1 .gallery-caption {\n\t\t\t\tmargin-left: 0;\n\t\t\t}\n\t\t\t\/* see gallery_shortcode() in wp-includes\/media.php *\/\n\t\t<\/style>\n\t\t<div id='gallery-1' class='gallery galleryid-389 gallery-columns-5 gallery-size-thumbnail'><dl class='gallery-item'>\n\t\t\t<dt class='gallery-icon landscape'>\n\t\t\t\t<a href='http:\/\/www.etiproducts.com\/de\/wp-content\/uploads\/2018\/01\/bigadic_1.jpg'><img width=\"150\" height=\"150\" src=\"http:\/\/www.etiproducts.com\/de\/wp-content\/uploads\/2018\/01\/bigadic_1-150x150.jpg\" class=\"attachment-thumbnail size-thumbnail\" alt=\"\" loading=\"lazy\" srcset=\"http:\/\/www.etiproducts.com\/de\/wp-content\/uploads\/2018\/01\/bigadic_1-150x150.jpg 150w, http:\/\/www.etiproducts.com\/de\/wp-content\/uploads\/2018\/01\/bigadic_1-214x214.jpg 214w\" sizes=\"(max-width: 150px) 100vw, 150px\" \/><\/a>\n\t\t\t<\/dt><\/dl><dl class='gallery-item'>\n\t\t\t<dt class='gallery-icon landscape'>\n\t\t\t\t<a href='http:\/\/www.etiproducts.com\/de\/wp-content\/uploads\/2018\/01\/bigadic_2.jpg'><img width=\"150\" height=\"150\" src=\"http:\/\/www.etiproducts.com\/de\/wp-content\/uploads\/2018\/01\/bigadic_2-150x150.jpg\" class=\"attachment-thumbnail size-thumbnail\" alt=\"\" loading=\"lazy\" srcset=\"http:\/\/www.etiproducts.com\/de\/wp-content\/uploads\/2018\/01\/bigadic_2-150x150.jpg 150w, http:\/\/www.etiproducts.com\/de\/wp-content\/uploads\/2018\/01\/bigadic_2-214x214.jpg 214w\" sizes=\"(max-width: 150px) 100vw, 150px\" \/><\/a>\n\t\t\t<\/dt><\/dl><dl class='gallery-item'>\n\t\t\t<dt class='gallery-icon landscape'>\n\t\t\t\t<a href='http:\/\/www.etiproducts.com\/de\/wp-content\/uploads\/2018\/01\/bigadic_3.jpg'><img width=\"150\" height=\"150\" src=\"http:\/\/www.etiproducts.com\/de\/wp-content\/uploads\/2018\/01\/bigadic_3-150x150.jpg\" class=\"attachment-thumbnail size-thumbnail\" alt=\"\" loading=\"lazy\" srcset=\"http:\/\/www.etiproducts.com\/de\/wp-content\/uploads\/2018\/01\/bigadic_3-150x150.jpg 150w, http:\/\/www.etiproducts.com\/de\/wp-content\/uploads\/2018\/01\/bigadic_3-214x214.jpg 214w\" sizes=\"(max-width: 150px) 100vw, 150px\" \/><\/a>\n\t\t\t<\/dt><\/dl><dl class='gallery-item'>\n\t\t\t<dt class='gallery-icon landscape'>\n\t\t\t\t<a href='http:\/\/www.etiproducts.com\/de\/wp-content\/uploads\/2018\/01\/bigadic_4.jpg'><img width=\"150\" height=\"150\" src=\"http:\/\/www.etiproducts.com\/de\/wp-content\/uploads\/2018\/01\/bigadic_4-150x150.jpg\" class=\"attachment-thumbnail size-thumbnail\" alt=\"\" loading=\"lazy\" srcset=\"http:\/\/www.etiproducts.com\/de\/wp-content\/uploads\/2018\/01\/bigadic_4-150x150.jpg 150w, http:\/\/www.etiproducts.com\/de\/wp-content\/uploads\/2018\/01\/bigadic_4-214x214.jpg 214w\" sizes=\"(max-width: 150px) 100vw, 150px\" \/><\/a>\n\t\t\t<\/dt><\/dl><dl class='gallery-item'>\n\t\t\t<dt class='gallery-icon landscape'>\n\t\t\t\t<a href='http:\/\/www.etiproducts.com\/de\/wp-content\/uploads\/2018\/01\/bigadic_5.jpg'><img width=\"150\" height=\"150\" src=\"http:\/\/www.etiproducts.com\/de\/wp-content\/uploads\/2018\/01\/bigadic_5-150x150.jpg\" class=\"attachment-thumbnail size-thumbnail\" alt=\"\" loading=\"lazy\" srcset=\"http:\/\/www.etiproducts.com\/de\/wp-content\/uploads\/2018\/01\/bigadic_5-150x150.jpg 150w, http:\/\/www.etiproducts.com\/de\/wp-content\/uploads\/2018\/01\/bigadic_5-214x214.jpg 214w\" sizes=\"(max-width: 150px) 100vw, 150px\" \/><\/a>\n\t\t\t<\/dt><\/dl><br style=\"clear: both\" \/><dl class='gallery-item'>\n\t\t\t<dt class='gallery-icon landscape'>\n\t\t\t\t<a href='http:\/\/www.etiproducts.com\/de\/wp-content\/uploads\/2018\/01\/bigadic_6.jpg'><img width=\"150\" height=\"150\" src=\"http:\/\/www.etiproducts.com\/de\/wp-content\/uploads\/2018\/01\/bigadic_6-150x150.jpg\" class=\"attachment-thumbnail size-thumbnail\" alt=\"\" loading=\"lazy\" srcset=\"http:\/\/www.etiproducts.com\/de\/wp-content\/uploads\/2018\/01\/bigadic_6-150x150.jpg 150w, http:\/\/www.etiproducts.com\/de\/wp-content\/uploads\/2018\/01\/bigadic_6-214x214.jpg 214w\" sizes=\"(max-width: 150px) 100vw, 150px\" \/><\/a>\n\t\t\t<\/dt><\/dl><dl class='gallery-item'>\n\t\t\t<dt class='gallery-icon landscape'>\n\t\t\t\t<a href='http:\/\/www.etiproducts.com\/de\/wp-content\/uploads\/2018\/01\/bigadic_7.jpg'><img width=\"150\" height=\"150\" src=\"http:\/\/www.etiproducts.com\/de\/wp-content\/uploads\/2018\/01\/bigadic_7-150x150.jpg\" class=\"attachment-thumbnail size-thumbnail\" alt=\"\" loading=\"lazy\" srcset=\"http:\/\/www.etiproducts.com\/de\/wp-content\/uploads\/2018\/01\/bigadic_7-150x150.jpg 150w, http:\/\/www.etiproducts.com\/de\/wp-content\/uploads\/2018\/01\/bigadic_7-214x214.jpg 214w\" sizes=\"(max-width: 150px) 100vw, 150px\" \/><\/a>\n\t\t\t<\/dt><\/dl><dl class='gallery-item'>\n\t\t\t<dt class='gallery-icon landscape'>\n\t\t\t\t<a href='http:\/\/www.etiproducts.com\/de\/wp-content\/uploads\/2018\/01\/bigadic_8.jpg'><img width=\"150\" height=\"150\" src=\"http:\/\/www.etiproducts.com\/de\/wp-content\/uploads\/2018\/01\/bigadic_8-150x150.jpg\" class=\"attachment-thumbnail size-thumbnail\" alt=\"\" loading=\"lazy\" srcset=\"http:\/\/www.etiproducts.com\/de\/wp-content\/uploads\/2018\/01\/bigadic_8-150x150.jpg 150w, http:\/\/www.etiproducts.com\/de\/wp-content\/uploads\/2018\/01\/bigadic_8-214x214.jpg 214w\" sizes=\"(max-width: 150px) 100vw, 150px\" \/><\/a>\n\t\t\t<\/dt><\/dl><dl class='gallery-item'>\n\t\t\t<dt class='gallery-icon landscape'>\n\t\t\t\t<a href='http:\/\/www.etiproducts.com\/de\/wp-content\/uploads\/2018\/01\/bigadic_9.jpg'><img width=\"150\" height=\"150\" src=\"http:\/\/www.etiproducts.com\/de\/wp-content\/uploads\/2018\/01\/bigadic_9-150x150.jpg\" class=\"attachment-thumbnail size-thumbnail\" alt=\"\" loading=\"lazy\" srcset=\"http:\/\/www.etiproducts.com\/de\/wp-content\/uploads\/2018\/01\/bigadic_9-150x150.jpg 150w, http:\/\/www.etiproducts.com\/de\/wp-content\/uploads\/2018\/01\/bigadic_9-214x214.jpg 214w\" sizes=\"(max-width: 150px) 100vw, 150px\" \/><\/a>\n\t\t\t<\/dt><\/dl><dl class='gallery-item'>\n\t\t\t<dt class='gallery-icon landscape'>\n\t\t\t\t<a href='http:\/\/www.etiproducts.com\/de\/wp-content\/uploads\/2018\/01\/bigadic_10.jpg'><img width=\"150\" height=\"150\" src=\"http:\/\/www.etiproducts.com\/de\/wp-content\/uploads\/2018\/01\/bigadic_10-150x150.jpg\" class=\"attachment-thumbnail size-thumbnail\" alt=\"\" loading=\"lazy\" srcset=\"http:\/\/www.etiproducts.com\/de\/wp-content\/uploads\/2018\/01\/bigadic_10-150x150.jpg 150w, http:\/\/www.etiproducts.com\/de\/wp-content\/uploads\/2018\/01\/bigadic_10-214x214.jpg 214w\" sizes=\"(max-width: 150px) 100vw, 150px\" \/><\/a>\n\t\t\t<\/dt><\/dl><br style=\"clear: both\" \/>\n\t\t<\/div>\n\n<p>&nbsp;<\/p>\n<p>Das Bor-Unternehmensdirektorat Bigadi\u00e7 wurde 1976 nach Einholung der Betriebs- und Lizenzrechte f\u00fcr die Borvorkommen von Bigadi\u00e7 in der Provinz Bal\u0131kesir gegr\u00fcndet. Mit umfangreichen Investitionen in Bergbau und Chemie tr\u00e4gt der Standort zur Gewinnung von Boraten bei. Seit 1976 wird hier Bergbau betrieben, 1980 wurde ein Konzentrator installiert und die Produktion begann. Das Bor-Unternehmensdirektorat Bigadi\u00e7 verarbeitet nat\u00fcrliche Borminerale zu Produkten mit hohem Mehrwert. Die Gewinnung der Colemanit- und Ulexit-Minerale erfolgt an vier Standorten: T\u00fcl\u00fc, Azep, Simav und Kestelek. Auch am Export dieser Produkte ist das Unternehmensdirektorat aktiv beteiligt. Seit Inbetriebnahme der Konzentratoren 1980, 1985 und 2007 werden hier Colemanit und Ulexit produziert; 1998, 2007 und 2012 kamen Mahlanlagen hinzu. Diese Produkte exportiert das Bor-Unternehmensdirektorat Bigadi\u00e7 in die ganze Welt.<\/p>\n<h2><strong>Wachsende Produktion, steigender Wert<\/strong><\/h2>\n<p>Die Produktionsmenge im Bor-Unternehmensdirektorat Bigadi\u00e7 wurde von 520.000\u00a0Tonnen gemahlener Produkte im Jahr 2016 auf 570.000 Tonnen im Jahr 2017 gesteigert. \u00dcber 1.300 hochspezialisierte Mitarbeiter sind hier f\u00fcr den Betrieb der auf einer Gesamtfl\u00e4che von 15.041.142\u00a0Quadratmetern installierten Anlagen zust\u00e4ndig. Mit moderner Technologie und innovativen L\u00f6sungen gew\u00e4hrleisten sie maximale Effizienz in allen Phasen der Borproduktion. Konzentriertes Colemanit und Ulexit werden hier zu unterschiedlichen Produkten f\u00fcr die Bereiche Schall- und W\u00e4rmed\u00e4mmung, Keramik, Metallurgie, Schlackenherstellung sowie Glas- und Glasfaserherstellung verarbeitet. Gemahlenes Colemanit und Ulexit kommen in der Landwirtschaft und in der Medizin zum Einsatz. Mit Innovationskraft und modernster Technologie vom Abbau bis zum Endprodukt stellt das Bor-Unternehmensdirektorat Bigadi\u00e7, das gro\u00dfen Wert auf Nachhaltigkeit legt, Produkte mit hohem Mehrwert her.<\/p>\n<p>Mit Aufforstungsarbeiten, die die Mitarbeiter rund um die Bergwerke durchf\u00fchren, tr\u00e4gt das Bor-Unternehmensdirektorat Bigadi\u00e7 zur Nachhaltigkeit und Umwelterhaltung bei. Mit diesen und anderen Projekten und Ma\u00dfnahmen, die von hohem Umweltbewusstsein zeugen, gibt das Unternehmen der Natur etwas zur\u00fcck.<\/p>\n<p>Das Bor-Unternehmensdirektorat Bigadi\u00e7 strebt nach Exzellenz und nach der Zufriedenheit aller Beteiligten und st\u00fctzt sein Qualit\u00e4tsbewusstsein auf die Einhaltung strenger Standards f\u00fcr Qualit\u00e4ts-, Energie-, Umwelt- und Arbeitsschutzmanagementsysteme sowie akkreditierte Laboratorien.<\/p>\n","protected":false},"excerpt":{"rendered":"<p>&nbsp; Das Bor-Unternehmensdirektorat Bigadi\u00e7 wurde 1976 nach Einholung der Betriebs- und Lizenzrechte f\u00fcr die Borvorkommen von Bigadi\u00e7 in der Provinz Bal\u0131kesir gegr\u00fcndet. Mit umfangreichen Investitionen in Bergbau und Chemie tr\u00e4gt der Standort zur Gewinnung von Boraten bei. Seit 1976 wird hier Bergbau betrieben, 1980 wurde ein Konzentrator installiert und die Produktion begann. Das Bor-Unternehmensdirektorat Bigadi\u00e7&#8230;<\/p>\n","protected":false},"author":3,"featured_media":438,"parent":0,"menu_order":0,"comment_status":"closed","ping_status":"closed","template":"page-global.php","meta":[],"_links":{"self":[{"href":"http:\/\/www.etiproducts.com\/de\/index.php?rest_route=\/wp\/v2\/pages\/389"}],"collection":[{"href":"http:\/\/www.etiproducts.com\/de\/index.php?rest_route=\/wp\/v2\/pages"}],"about":[{"href":"http:\/\/www.etiproducts.com\/de\/index.php?rest_route=\/wp\/v2\/types\/page"}],"author":[{"embeddable":true,"href":"http:\/\/www.etiproducts.com\/de\/index.php?rest_route=\/wp\/v2\/users\/3"}],"replies":[{"embeddable":true,"href":"http:\/\/www.etiproducts.com\/de\/index.php?rest_route=%2Fwp%2Fv2%2Fcomments&post=389"}],"version-history":[{"count":14,"href":"http:\/\/www.etiproducts.com\/de\/index.php?rest_route=\/wp\/v2\/pages\/389\/revisions"}],"predecessor-version":[{"id":2415,"href":"http:\/\/www.etiproducts.com\/de\/index.php?rest_route=\/wp\/v2\/pages\/389\/revisions\/2415"}],"wp:featuredmedia":[{"embeddable":true,"href":"http:\/\/www.etiproducts.com\/de\/index.php?rest_route=\/wp\/v2\/media\/438"}],"wp:attachment":[{"href":"http:\/\/www.etiproducts.com\/de\/index.php?rest_route=%2Fwp%2Fv2%2Fmedia&parent=389"}],"curies":[{"name":"wp","href":"https:\/\/api.w.org\/{rel}","templated":true}]}}