{"id":391,"date":"2017-12-28T21:57:32","date_gmt":"2017-12-28T18:57:32","guid":{"rendered":"http:\/\/bestimagedemo.com\/etimine\/?page_id=391"},"modified":"2020-10-05T09:40:59","modified_gmt":"2020-10-05T06:40:59","slug":"yurt-disi-istirakler","status":"publish","type":"page","link":"http:\/\/www.etiproducts.com\/de\/?page_id=391","title":{"rendered":"TOCHTERGESELLSCHAFTEN IM AUSLAND"},"content":{"rendered":"<p>Eti Maden als weltweit f\u00fchrender Anbieter von Bor tr\u00e4gt zur effektiven Nutzung von Bor und borhaltigen Produkten in der Welt bei, indem das Unternehmen aktiv starke Partnerschaften mit wichtigen Wachstumszentren der Welt pflegt, um kontinuierliches Wachstum zu erreichen.<\/p>\n<p>Die AB Etiproducts OY in Finnland ist f\u00fcr Marketing-, Verkaufs- und Logistikaktivit\u00e4ten f\u00fcr Borprodukte in Skandinavien, Osteuropa, Russland, Zentralasien und Afrika zust\u00e4ndig.<\/p>\n<p>An der Distribution der Produkte von Eti Maden im Kaukasus und in Zentralasien sind die ETIPRODUCTS LTD mit Hauptsitz in Moskau, die ASIAN AGRO CHEMICALS CORP. in Oman und die BOROCHEMIE INTERNATIONAL PTE. LTD. mit Hauptsitz in Singapur beteiligt.<\/p>\n<p>Die in Luxemburg gegr\u00fcndete Eti Mine S.A. ist eine der Auslandsniederlassungen von Eti Maden mit einem Anteil von 75\u00a0%; sie ist zust\u00e4ndig f\u00fcr die Logistik rund um die Borprodukte aus der T\u00fcrkei mit Lagern in Rum\u00e4nien, Slowenien, Italien, Spanien, den Niederlanden, Gro\u00dfbritannien, Tschechien und \u00d6sterreich.<\/p>\n<p>Eti Maden selbst hat seinen Hauptsitz in Ankara und steuert die Vertriebs und Marketingprozesse der Produkte und bringt sie zu den Abnehmern in Nord-, Mittel- und S\u00fcdamerika, insbesondere in den USA, Brasilien und Kanada, zusammen mit ETIMINE USA, ans\u00e4ssig in New Jersey USA zur Verf\u00fcgung stellt .<\/p>\n<p>Das Gesch\u00e4ft in Spanien \u00fcbt Eti Maden zusammen mit der MARIO PILATO BLAT S.A. in Valencia aus und das Management der logistischen Prozesse auf allen Kontinenten und insbesondere in Europa mit der Etimine SA in Luxemburg.<\/p>\n<p>Unterh\u00e4lt seine erfolgreichen Partnerschaften in China, Taiwan, Kambodscha, Vietnam, Laos und Nepal zusammen mit ET\u0130MADEN ASIA PACIFIC LTD., der seinen Standort in Hong Kong hat.<\/p>\n<p>Etimine S.A. in der T\u00fcrkei erweitert das Unternehmensnetzwerk tagt\u00e4glich mit neuen Interessenvertretern, st\u00e4rkt so die Position des Unternehmens auf dem Weltmarkt und bereichert die t\u00fcrkische und die globale Wirtschaft gleicherma\u00dfen.<\/p>\n<p>AB Etiproducts OY vermarktet den wertvollsten Bodenschatz der T\u00fcrkei auf dem internationalen Parkett: Die in Finnland ans\u00e4ssige Auslandsvertretung, an der Eti Maden 50\u00a0% h\u00e4lt, ist f\u00fcr den Vertrieb der Produkte von Eti Maden in Osteuropa, Russland, Zentralasien und Afrika zust\u00e4ndig.<\/p>\n<p>Eti Maden liefert hochwertige, zuverl\u00e4ssige und nachhaltige Bor- und borhaltige Produkte in alle Teile der Welt \u2013 das Unternehmen exportiert in 216 H\u00e4fen in 90\u00a0L\u00e4ndern und leistet damit einen wertvollen Beitrag f\u00fcr die t\u00fcrkische und die globale Wirtschaft.<\/p>\n","protected":false},"excerpt":{"rendered":"<p>Eti Maden als weltweit f\u00fchrender Anbieter von Bor tr\u00e4gt zur effektiven Nutzung von Bor und borhaltigen Produkten in der Welt bei, indem das Unternehmen aktiv starke Partnerschaften mit wichtigen Wachstumszentren der Welt pflegt, um kontinuierliches Wachstum zu erreichen. Die AB Etiproducts OY in Finnland ist f\u00fcr Marketing-, Verkaufs- und Logistikaktivit\u00e4ten f\u00fcr Borprodukte in Skandinavien, Osteuropa,&#8230;<\/p>\n","protected":false},"author":3,"featured_media":1830,"parent":0,"menu_order":0,"comment_status":"closed","ping_status":"closed","template":"page-global-acenteler.php","meta":[],"_links":{"self":[{"href":"http:\/\/www.etiproducts.com\/de\/index.php?rest_route=\/wp\/v2\/pages\/391"}],"collection":[{"href":"http:\/\/www.etiproducts.com\/de\/index.php?rest_route=\/wp\/v2\/pages"}],"about":[{"href":"http:\/\/www.etiproducts.com\/de\/index.php?rest_route=\/wp\/v2\/types\/page"}],"author":[{"embeddable":true,"href":"http:\/\/www.etiproducts.com\/de\/index.php?rest_route=\/wp\/v2\/users\/3"}],"replies":[{"embeddable":true,"href":"http:\/\/www.etiproducts.com\/de\/index.php?rest_route=%2Fwp%2Fv2%2Fcomments&post=391"}],"version-history":[{"count":24,"href":"http:\/\/www.etiproducts.com\/de\/index.php?rest_route=\/wp\/v2\/pages\/391\/revisions"}],"predecessor-version":[{"id":2487,"href":"http:\/\/www.etiproducts.com\/de\/index.php?rest_route=\/wp\/v2\/pages\/391\/revisions\/2487"}],"wp:featuredmedia":[{"embeddable":true,"href":"http:\/\/www.etiproducts.com\/de\/index.php?rest_route=\/wp\/v2\/media\/1830"}],"wp:attachment":[{"href":"http:\/\/www.etiproducts.com\/de\/index.php?rest_route=%2Fwp%2Fv2%2Fmedia&parent=391"}],"curies":[{"name":"wp","href":"https:\/\/api.w.org\/{rel}","templated":true}]}}