{"id":462,"date":"2017-12-29T19:55:10","date_gmt":"2017-12-29T16:55:10","guid":{"rendered":"http:\/\/bestimagedemo.com\/etimine\/?page_id=462"},"modified":"2019-02-07T15:43:20","modified_gmt":"2019-02-07T12:43:20","slug":"tarim","status":"publish","type":"page","link":"http:\/\/www.etiproducts.com\/de\/?page_id=462","title":{"rendered":"Landwirtschaft"},"content":{"rendered":"<p>Pflanzen gedeihen auf Anbaufl\u00e4chen, die mit ein wenig Bor angereichert wurden, besser, und die Qualit\u00e4t der Ertr\u00e4ge steigt deutlich. Dank seiner au\u00dfergew\u00f6hnlichen Wirkung auf Pflanzen wird Bor heute in der Landwirtschaft h\u00e4ufig eingesetzt. Pflanzen, die nicht ausreichend mit Bor versorgt werden, sind zwar entwicklungsf\u00e4hig, doch ihre Fr\u00fcchte und Samen k\u00f6nnen nicht die gew\u00fcnschte Qualit\u00e4t erreichen. Mit der Anwendung von Bor lassen sich Einbu\u00dfen bei Frucht- und Saatgutertr\u00e4gen verhindern. Der fachgerechte Einsatz von Bor sorgt daf\u00fcr, dass Anbaufl\u00e4chen aufgewertet werden und die Landwirte hohe Gewinne zu niedrigen Kosten erzielen.<\/p>\n<p>&nbsp;<\/p>\n<h2>Hohe Ertr\u00e4ge zu niedrigen Kosten mit Bor<\/h2>\n<p>Die Dosis an Bor, die angewendet wird, um bei Nutzpflanzen den h\u00f6chstm\u00f6glichen Ertrag zu erzielen, ist von gro\u00dfer Bedeutung f\u00fcr die Entwicklung der Pflanzen und das Erreichen der gew\u00fcnschten Qualit\u00e4t. Fehler bei der Dosierung und Anwendung k\u00f6nnen unerw\u00fcnschte Konsequenzen haben und die Pflanzen sch\u00e4digen. Richtig dosiert und angewendet hingegen tr\u00e4gt Bor zu optimalem Pflanzenwachstum und h\u00f6chster Ertragsqualit\u00e4t bei.<\/p>\n<p>&nbsp;<\/p>\n<h2>Die notwendige Prise Bor f\u00fcr die Landwirtschaft: Etidot-67<\/h2>\n<p>Etidot-67 wurde 2010 in F&amp;E-Projekten der Spezialisten von Eti\u00a0Maden entwickelt und dient der Ertragssteigerung bei landwirtschaftlichen Nutzpflanzen. Etidot-67 ist ein wichtiges N\u00e4hrmittel f\u00fcr Pflanzen, das aus der Reaktion von Borax und Bors\u00e4ure entsteht und 20,8\u00a0% Bor enth\u00e4lt. Etidot-67 ist ein speziell auf die Landwirtschaft zugeschnittenes Produkt. Es wird in Wasser gel\u00f6st und kann sowohl auf B\u00f6den als auch auf Bl\u00e4ttern angewendet werden. Auch als Pestizid und zum Schutz von Holzmaterialien vor Pilzbefall und anderen Sch\u00e4dlingen ist es hervorragend geeignet.<\/p>\n<p>&nbsp;<\/p>\n","protected":false},"excerpt":{"rendered":"<p>Pflanzen gedeihen auf Anbaufl\u00e4chen, die mit ein wenig Bor angereichert wurden, besser, und die Qualit\u00e4t der Ertr\u00e4ge steigt deutlich. Dank seiner au\u00dfergew\u00f6hnlichen Wirkung auf Pflanzen wird Bor heute in der Landwirtschaft h\u00e4ufig eingesetzt. Pflanzen, die nicht ausreichend mit Bor versorgt werden, sind zwar entwicklungsf\u00e4hig, doch ihre Fr\u00fcchte und Samen k\u00f6nnen nicht die gew\u00fcnschte Qualit\u00e4t erreichen&#8230;.<\/p>\n","protected":false},"author":3,"featured_media":1784,"parent":0,"menu_order":0,"comment_status":"closed","ping_status":"closed","template":"page-bor.php","meta":[],"_links":{"self":[{"href":"http:\/\/www.etiproducts.com\/de\/index.php?rest_route=\/wp\/v2\/pages\/462"}],"collection":[{"href":"http:\/\/www.etiproducts.com\/de\/index.php?rest_route=\/wp\/v2\/pages"}],"about":[{"href":"http:\/\/www.etiproducts.com\/de\/index.php?rest_route=\/wp\/v2\/types\/page"}],"author":[{"embeddable":true,"href":"http:\/\/www.etiproducts.com\/de\/index.php?rest_route=\/wp\/v2\/users\/3"}],"replies":[{"embeddable":true,"href":"http:\/\/www.etiproducts.com\/de\/index.php?rest_route=%2Fwp%2Fv2%2Fcomments&post=462"}],"version-history":[{"count":18,"href":"http:\/\/www.etiproducts.com\/de\/index.php?rest_route=\/wp\/v2\/pages\/462\/revisions"}],"predecessor-version":[{"id":2395,"href":"http:\/\/www.etiproducts.com\/de\/index.php?rest_route=\/wp\/v2\/pages\/462\/revisions\/2395"}],"wp:featuredmedia":[{"embeddable":true,"href":"http:\/\/www.etiproducts.com\/de\/index.php?rest_route=\/wp\/v2\/media\/1784"}],"wp:attachment":[{"href":"http:\/\/www.etiproducts.com\/de\/index.php?rest_route=%2Fwp%2Fv2%2Fmedia&parent=462"}],"curies":[{"name":"wp","href":"https:\/\/api.w.org\/{rel}","templated":true}]}}