{"id":466,"date":"2017-12-29T19:55:44","date_gmt":"2017-12-29T16:55:44","guid":{"rendered":"http:\/\/bestimagedemo.com\/etimine\/?page_id=466"},"modified":"2019-02-07T15:44:40","modified_gmt":"2019-02-07T12:44:40","slug":"cam","status":"publish","type":"page","link":"http:\/\/www.etiproducts.com\/de\/?page_id=466","title":{"rendered":"Glas"},"content":{"rendered":"<p>Borprodukte aus der T\u00fcrkei, wo 73\u00a0% der Weltreserven an Bor lagern, sind sowohl in der nationalen als auch in der internationalen Glasindustrie weit verbreitet. Bor wird aufgrund seiner einzigartigen Eigenschaften in vielen Bereichen eingesetzt und ist auch in der Glasindustrie ein wichtiger Rohstoff. Glasprodukte werden durch Zugabe von Bor best\u00e4ndiger gegen Hitze und Chemikalien. Unter anderem durch aktuelle F&amp;E-Studien sollen die Anwendungsbereiche von Glas, das mit Bor behandelt wird, weiter ausgedehnt werden.<\/p>\n<p>Mit verschiedenen Borprodukten hergestelltes Borosilikatglas wird in vielen Bereichen verwendet \u2013 von allt\u00e4glichen Glas-Haushaltswaren wie Servierplatten, Vorratsbeh\u00e4ltern oder Tee- und Kaffeekannen, die widerstandsf\u00e4hig gegen Hitze und Chemikalien sein m\u00fcssen, \u00fcber Kameralinsen, Ferngl\u00e4ser, Bildschirme elektronischer Ger\u00e4te und Beleuchtungsk\u00f6rper, deren Langlebigkeit erh\u00f6ht werden soll, bis hin zu Anwendungsgebieten wie Solarenergieanlagen, Flugzeug- und Automobilindustrie, Pharmaindustrie (zur Abf\u00fcllung von L\u00f6sungen und S\u00e4ften, Nahrungsmittelzus\u00e4tzen usw.), Getr\u00e4nkeabf\u00fcllanlagen, Glasartikel f\u00fcr Forschungslabors etc.<\/p>\n<h2><strong>Umweltfreundliche Glaswolle<\/strong><\/h2>\n<p>Glaswolle \u2013\u00a0hergestellt aus Glasfasern, die durch Hitzeeinwirkung verfl\u00fcssigt und in eine ergonomische Struktur umgewandelt werden\u00a0\u2013, wird strukturell kr\u00e4ftiger und langlebiger, wenn man ihr in der Produktionsphase Boroxid zusetzt. Glaswolle wird sowohl zur W\u00e4rme- als auch zur Schalld\u00e4mmung verwendet und unter anderem zu Matten, Platten, Rohren und Gussteilen verarbeitet. Man nutzt sie zur Auskleidung der Innenfl\u00e4chen von Beton- und anderen W\u00e4nden, Treppen- und Fahrstuhlsch\u00e4chten, in Holz-, Metall- und freistehenden D\u00e4chern, in Klimaanlagen und Dachmatten, in Au\u00dfend\u00e4mmungen, Industrierohren, Heizsystemen, Zentralheizungsanlagen usw. Glaswolle verformt nicht, zerfasert nicht, verfault nicht, korrodiert und rostet nicht, ist temperatur- und feuchtigkeitsbest\u00e4ndig und wird auch durch Sch\u00e4dlinge oder Mikroorganismen nicht beeintr\u00e4chtigt.<\/p>\n<h2><strong>Kosteng\u00fcnstige Glasfaserverst\u00e4rkung mit hoher chemischer Best\u00e4ndigkeit<\/strong><\/h2>\n<p>Glasfasern f\u00fcr die Verst\u00e4rkung von Kunststoffen \u2013\u00a0ein weiteres Glasprodukt, das durch die Zugabe von Bor entsteht\u00a0\u2013 sind ein industrielles Produkt, das sich durch geringe Herstellungskosten, hohe Zugfestigkeit und Best\u00e4ndigkeit gegen\u00fcber chemischen Reaktionen und St\u00f6\u00dfen auszeichnet. Die Haupteinsatzbereiche der hiermit verst\u00e4rkten Materialien und Verbundwerkstoffe sind Schiffe, Sportger\u00e4te, Treibstofftanks, Bahnwaggons, Dachmaterialien, elektronische Leiterplatten sowie Sto\u00dfstangen, Kotfl\u00fcgel, Sitz- und Frontplatten von Kraftfahrzeugen. Auch im Bereich der erneuerbaren Energien spielen sie eine wichtige Rolle als Baumaterial f\u00fcr Windr\u00e4der.<\/p>\n","protected":false},"excerpt":{"rendered":"<p>Borprodukte aus der T\u00fcrkei, wo 73\u00a0% der Weltreserven an Bor lagern, sind sowohl in der nationalen als auch in der internationalen Glasindustrie weit verbreitet. Bor wird aufgrund seiner einzigartigen Eigenschaften in vielen Bereichen eingesetzt und ist auch in der Glasindustrie ein wichtiger Rohstoff. Glasprodukte werden durch Zugabe von Bor best\u00e4ndiger gegen Hitze und Chemikalien. Unter&#8230;<\/p>\n","protected":false},"author":3,"featured_media":1788,"parent":0,"menu_order":0,"comment_status":"closed","ping_status":"closed","template":"page-bor.php","meta":[],"_links":{"self":[{"href":"http:\/\/www.etiproducts.com\/de\/index.php?rest_route=\/wp\/v2\/pages\/466"}],"collection":[{"href":"http:\/\/www.etiproducts.com\/de\/index.php?rest_route=\/wp\/v2\/pages"}],"about":[{"href":"http:\/\/www.etiproducts.com\/de\/index.php?rest_route=\/wp\/v2\/types\/page"}],"author":[{"embeddable":true,"href":"http:\/\/www.etiproducts.com\/de\/index.php?rest_route=\/wp\/v2\/users\/3"}],"replies":[{"embeddable":true,"href":"http:\/\/www.etiproducts.com\/de\/index.php?rest_route=%2Fwp%2Fv2%2Fcomments&post=466"}],"version-history":[{"count":15,"href":"http:\/\/www.etiproducts.com\/de\/index.php?rest_route=\/wp\/v2\/pages\/466\/revisions"}],"predecessor-version":[{"id":2400,"href":"http:\/\/www.etiproducts.com\/de\/index.php?rest_route=\/wp\/v2\/pages\/466\/revisions\/2400"}],"wp:featuredmedia":[{"embeddable":true,"href":"http:\/\/www.etiproducts.com\/de\/index.php?rest_route=\/wp\/v2\/media\/1788"}],"wp:attachment":[{"href":"http:\/\/www.etiproducts.com\/de\/index.php?rest_route=%2Fwp%2Fv2%2Fmedia&parent=466"}],"curies":[{"name":"wp","href":"https:\/\/api.w.org\/{rel}","templated":true}]}}