{"id":469,"date":"2017-12-29T19:56:08","date_gmt":"2017-12-29T16:56:08","guid":{"rendered":"http:\/\/bestimagedemo.com\/etimine\/?page_id=469"},"modified":"2019-02-07T15:46:05","modified_gmt":"2019-02-07T12:46:05","slug":"saglik","status":"publish","type":"page","link":"http:\/\/www.etiproducts.com\/de\/?page_id=469","title":{"rendered":"Gesundheit"},"content":{"rendered":"<p>Dass Bor, das zu den wertvollsten Bodensch\u00e4tzen der T\u00fcrkei z\u00e4hlt, einen wichtigen Beitrag zur menschlichen Gesundheit leistet, ist durch wissenschaftliche Studien belegt. Der K\u00f6rper deckt seinen niedrigen Bedarf an Bor aus der Nahrung und dem Wasser. Forschungsarbeiten der Gesundheitsindustrie ergaben 1981, dass Borprodukte positive Auswirkungen auf den menschlichen K\u00f6rper haben. Seitdem findet Bor auch in der Gesundheitsbranche zunehmend breite Verwendung in der Gesundheitsindustrie und erbrachte in vielen Behandlungsweisen effektive Ergebnisse. Seine positiven Auswirkungen auf den menschlichen K\u00f6rper werden tagt\u00e4glich unter Beweis gestellt. Bor reduziert M\u00fcdigkeit und Stress, wenn es in Form von N\u00e4hrstoffen eingenommen wird. Dar\u00fcber hinaus wird es zur Behandlung von Prostatakrebs, zur Sterilisierung bei Augenentz\u00fcndungen, zur Herstellung von Salben und insbesondere zur Behandlung von Hirntumoren verwendet.<\/p>\n<h2><strong>Medizinische Anwendungsgebiete von Bor<\/strong><\/h2>\n<p>Medizinische Studien zu Borprodukten haben ergeben, dass Bor die Knochen kr\u00e4ftigt, indem es die Aufnahme von Kupfer, Magnesium und anderen Elementen f\u00f6rdert. So tr\u00e4gt es zur Reduktion von Schmerzen und zur St\u00e4rkung der Knochenstruktur bei. Bor ist an Stoffwechselprozessen zur Regulierung des Calcium-, Magnesium- und Phosphorhaushalts beteiligt und unterst\u00fctzt die Muskel- und Gehirnfunktion, indem es zu einem ausgeglichenen Phosphorhaushalt beitr\u00e4gt. Au\u00dferdem wird Bor zur Behandlung von Osteoporose, Allergien, psychischen Erkrankungen, Arthritis sowie in der Menopause angewendet. In der Hirnkrebstherapie werden mit der Bor-Neutroneneinfangtherapie gezielt kranke Zellen identifiziert und zerst\u00f6rt, w\u00e4hrend gesunde Zellen soweit wie m\u00f6glich verschont bleiben.<\/p>\n<h2><strong>Ein bisschen Bor braucht der Mensch<\/strong><\/h2>\n<p>Bor ist dem aktuellen Stand der Wissenschaft zufolge ein essenzielles Element f\u00fcr Lebewesen, und so gewinnt es auch in der Gesundheitsindustrie dank seines Beitrags auch f\u00fcr die menschliche Gesundheit zunehmend an Bedeutung. Einer Erkl\u00e4rung der Weltgesundheitsorganisation (WHO) zufolge k\u00f6nnen gesunde Erwachsene 1\u201313\u00a0mg Bor mit der Nahrung aufnehmen. Wichtige Quellen f\u00fcr Bor sind verschiedene Obst- und Gem\u00fcsesorten (\u00c4pfel, Birnen, Pflaumen und Datteln sowie Bohnen, Kichererbsen, Linsen etc.), aber auch pasteurisierte Milch. Aufgrund der einzigartigen Eigenschaften nat\u00fcrlicher Borverbindungen ist es praktisch unm\u00f6glich, sie zu substituieren. Aktuelle Forschungsergebnisse belegen, dass der Mensch t\u00e4glich eine bestimmte Menge Bor braucht.<\/p>\n","protected":false},"excerpt":{"rendered":"<p>Dass Bor, das zu den wertvollsten Bodensch\u00e4tzen der T\u00fcrkei z\u00e4hlt, einen wichtigen Beitrag zur menschlichen Gesundheit leistet, ist durch wissenschaftliche Studien belegt. Der K\u00f6rper deckt seinen niedrigen Bedarf an Bor aus der Nahrung und dem Wasser. Forschungsarbeiten der Gesundheitsindustrie ergaben 1981, dass Borprodukte positive Auswirkungen auf den menschlichen K\u00f6rper haben. Seitdem findet Bor auch in&#8230;<\/p>\n","protected":false},"author":3,"featured_media":1783,"parent":0,"menu_order":0,"comment_status":"closed","ping_status":"closed","template":"page-bor.php","meta":[],"_links":{"self":[{"href":"http:\/\/www.etiproducts.com\/de\/index.php?rest_route=\/wp\/v2\/pages\/469"}],"collection":[{"href":"http:\/\/www.etiproducts.com\/de\/index.php?rest_route=\/wp\/v2\/pages"}],"about":[{"href":"http:\/\/www.etiproducts.com\/de\/index.php?rest_route=\/wp\/v2\/types\/page"}],"author":[{"embeddable":true,"href":"http:\/\/www.etiproducts.com\/de\/index.php?rest_route=\/wp\/v2\/users\/3"}],"replies":[{"embeddable":true,"href":"http:\/\/www.etiproducts.com\/de\/index.php?rest_route=%2Fwp%2Fv2%2Fcomments&post=469"}],"version-history":[{"count":13,"href":"http:\/\/www.etiproducts.com\/de\/index.php?rest_route=\/wp\/v2\/pages\/469\/revisions"}],"predecessor-version":[{"id":2403,"href":"http:\/\/www.etiproducts.com\/de\/index.php?rest_route=\/wp\/v2\/pages\/469\/revisions\/2403"}],"wp:featuredmedia":[{"embeddable":true,"href":"http:\/\/www.etiproducts.com\/de\/index.php?rest_route=\/wp\/v2\/media\/1783"}],"wp:attachment":[{"href":"http:\/\/www.etiproducts.com\/de\/index.php?rest_route=%2Fwp%2Fv2%2Fmedia&parent=469"}],"curies":[{"name":"wp","href":"https:\/\/api.w.org\/{rel}","templated":true}]}}