{"id":494,"date":"2017-12-29T20:03:02","date_gmt":"2017-12-29T17:03:02","guid":{"rendered":"http:\/\/bestimagedemo.com\/etimine\/?page_id=494"},"modified":"2019-02-07T16:25:05","modified_gmt":"2019-02-07T13:25:05","slug":"etidot-67","status":"publish","type":"page","link":"http:\/\/www.etiproducts.com\/de\/?page_id=494","title":{"rendered":"Etidot-67"},"content":{"rendered":"<p>Im Zuge der Gestaltung der Zukunft von Bor entwickelte Eti Maden das Produkt Etidot-67 als Ergebnis von Forschungs- und Entwicklungsprojekten mit dem Ziel, den Gebrauch von Bor und Borprodukten auf Anbaufl\u00e4chen zu popularisieren. Etidot-67 wurde von Experten im Jahr 2010 mit dem Ziel entwickelt, fruchtbare Gebiete f\u00fcr die Agrarindustrie zu schaffen. Es enth\u00e4lt 20,8 % Bor und hat eine positive Wirkung auf die Fruchtbarkeit von Anbaufl\u00e4chen in der T\u00fcrkei und weltweit, wie auch auf die Bodenqualit\u00e4t und das Pflanzenwachstum. In dieser Hinsicht steigt die Qualit\u00e4t von Fr\u00fcchten und Pflanzen, und die Agrarwirtschaft in der T\u00fcrkei und weltweit f\u00e4hrt fort zu wachsen. Etidot-67 wird durch die Reaktion von Borax und Bors\u00e4ure produziert und enth\u00e4lt 67 % Boroxid als einen wichtigen N\u00e4hrstoff f\u00fcr Pflanzen.<\/p>\n<h2><strong>Hohe Fruchtbarkeit auf Anbaufl\u00e4chen mit Etidot-67<\/strong><\/h2>\n<p>Etidot-67, ein landwirtschaftliches Produkt auf Borbasis, spielt eine wichtige Rolle beim Wachstum von Pflanzen und bei der Steigerung der Fruchtbarkeit. Seit Kurzem wird es mit seinen wundersamen Auswirkungen h\u00e4ufig in der Agrarindustrie eingesetzt. Die Pflanzen erhalten aus dem Boden und D\u00fcngemitteln Elemente wie Stickstoff, Phosphor und Kalium, die f\u00fcr ihr Wachstum und ihre Entwicklung notwendig sind. Anbaufl\u00e4chen, deren Anzahl durch den Einsatz von auf Chemikalien basierenden D\u00fcngern t\u00e4glich abnimmt, sind dank des D\u00fcngemittels Etidot-67 auf Borbasis nachhaltig geworden. Mit seiner speziellen Zusammensetzung, die ungew\u00fcnschte Pflanzen ins Visier nimmt, versucht Etidot-67 auf Borbasis, das die Qualit\u00e4t von Fr\u00fcchten und Samen anders als chemische D\u00fcnger steigert, den Anbaufl\u00e4chen zu helfen die maximale Fruchtbarkeit zu erreichen.<\/p>\n<h2><strong>Die wundersame Auswirkung von Etidot-67 auf Pflanzen<\/strong><\/h2>\n<p>Indem Etidot-67 auf den Pflanzen aufgetragen wird, die auf den Anbaufl\u00e4chen in der T\u00fcrkei und weltweit wachsen, wird ein Verlust von Fr\u00fcchten und Pflanzen verhindert. Dies hilft dem Hersteller, hohe Gewinne mit niedrigen Spesen zu erzielen und erh\u00f6ht den Wert von Anbaufl\u00e4chen. Die Anbaufl\u00e4chen in der T\u00fcrkei und weltweit gewinnen dank Bor und Etidot-67 auf Borbasis weiter an Wert. Etidot-67 wird in den Anlagen von Band\u0131rma Bor ve Asit Fabrikalar\u0131 \u0130\u015fletme M\u00fcd\u00fcrl\u00fc\u011f\u00fc (Unternehmensdirektorat Bor- und S\u00e4urewerke Band\u0131rma) hergestellt und wird ausschlie\u00dflich f\u00fcr die Agrarindustrie produziert. Es wird in fl\u00fcssiger Form auf Bl\u00e4tter sowie in fester Form auf B\u00f6den aufgetragen. Auch sein Einsatz als Pestizid zum Schutz von Holzmaterialien vor sch\u00e4dlichen Organismen wie Pilzen ist weit verbreitet. Etidot-67 f\u00f6rdert ein \u00fcppiges und gesundes Bl\u00fchen. Es ist einfach zu benutzen, da es sich rasch in Wasser aufl\u00f6st.<\/p>\n","protected":false},"excerpt":{"rendered":"<p>Im Zuge der Gestaltung der Zukunft von Bor entwickelte Eti Maden das Produkt Etidot-67 als Ergebnis von Forschungs- und Entwicklungsprojekten mit dem Ziel, den Gebrauch von Bor und Borprodukten auf Anbaufl\u00e4chen zu popularisieren. Etidot-67 wurde von Experten im Jahr 2010 mit dem Ziel entwickelt, fruchtbare Gebiete f\u00fcr die Agrarindustrie zu schaffen. Es enth\u00e4lt 20,8 %&#8230;<\/p>\n","protected":false},"author":3,"featured_media":505,"parent":0,"menu_order":0,"comment_status":"closed","ping_status":"closed","template":"page-urunler.php","meta":[],"_links":{"self":[{"href":"http:\/\/www.etiproducts.com\/de\/index.php?rest_route=\/wp\/v2\/pages\/494"}],"collection":[{"href":"http:\/\/www.etiproducts.com\/de\/index.php?rest_route=\/wp\/v2\/pages"}],"about":[{"href":"http:\/\/www.etiproducts.com\/de\/index.php?rest_route=\/wp\/v2\/types\/page"}],"author":[{"embeddable":true,"href":"http:\/\/www.etiproducts.com\/de\/index.php?rest_route=\/wp\/v2\/users\/3"}],"replies":[{"embeddable":true,"href":"http:\/\/www.etiproducts.com\/de\/index.php?rest_route=%2Fwp%2Fv2%2Fcomments&post=494"}],"version-history":[{"count":10,"href":"http:\/\/www.etiproducts.com\/de\/index.php?rest_route=\/wp\/v2\/pages\/494\/revisions"}],"predecessor-version":[{"id":2468,"href":"http:\/\/www.etiproducts.com\/de\/index.php?rest_route=\/wp\/v2\/pages\/494\/revisions\/2468"}],"wp:featuredmedia":[{"embeddable":true,"href":"http:\/\/www.etiproducts.com\/de\/index.php?rest_route=\/wp\/v2\/media\/505"}],"wp:attachment":[{"href":"http:\/\/www.etiproducts.com\/de\/index.php?rest_route=%2Fwp%2Fv2%2Fmedia&parent=494"}],"curies":[{"name":"wp","href":"https:\/\/api.w.org\/{rel}","templated":true}]}}