{"id":130,"date":"2017-12-27T17:44:26","date_gmt":"2017-12-27T14:44:26","guid":{"rendered":"http:\/\/bestimagedemo.com\/etimine\/?page_id=130"},"modified":"2018-11-16T04:35:29","modified_gmt":"2018-11-16T01:35:29","slug":"is-sagligi-ve-guvenligi","status":"publish","type":"page","link":"https:\/\/www.etiproducts.com\/de\/?page_id=130","title":{"rendered":"GESUNDHEIT UND SICHERHEIT AM ARBEITSPLATZ"},"content":{"rendered":"<h2>Minimales Risiko, maximale Sicherheit<\/h2>\n<p>Eti Maden sorgt f\u00fcr Arbeitssicherheit und Gesundheitsschutz auf h\u00f6chstem Niveau, um alle Mitarbeiter vor allen m\u00f6glichen Gefahren und Bedrohungen zu sch\u00fctzen und die Risiken zu minimieren. Die Gesundheit der Mitarbeiter steht in allen Arbeitsbereichen und in allen Phasen der Borproduktion an erster Stelle.<\/p>\n<p>An den Standorten, an denen Eti Maden Bor, einen der wertvollsten Bodensch\u00e4tze der T\u00fcrkei, abbaut und raffiniert, werden regelm\u00e4\u00dfig Messungen der Umgebungs- und pers\u00f6nlichen Exposition gegen\u00fcber Staub, L\u00e4rm, Vibration, Licht- und Temperaturverh\u00e4ltnissen durchgef\u00fchrt, und die Gesundheit der Mitarbeiter wird stetig kontrolliert.<\/p>\n<p>So werden in festen zeitlichen Abst\u00e4nden R\u00f6ntgenaufnahmen des Brustkorbs, Spirometrie (Lungenfunktionspr\u00fcfungen), Augenuntersuchungen und Audiometrie (H\u00f6rtests) durchgef\u00fchrt, um die Mitarbeiter vor gesundheitlicher Sch\u00e4digung zu sch\u00fctzen.<\/p>\n<h2>Sichere Arbeitsumgebungen nach strengen Standards<\/h2>\n<p>Eti Maden hat alle seine Betriebsst\u00e4tten nach seinem Arbeitsschutzmanagementsystem gem\u00e4\u00df Norm TS\u00a0180001 gestaltet, wie es f\u00fcr die Schaffung einer sicheren und mitarbeiterfreundlichen Arbeitsumgebung erforderlich ist, und damit seine hohe Sensibilit\u00e4t f\u00fcr das Thema Gesundheit und Sicherheit am Arbeitsplatz unter Beweis gestellt.<\/p>\n<p>Eti Maden h\u00e4lt strengste Risikomanagement-Vorkehrungen ein. Detailliert ausgearbeitete Expositionsszenarien decken alle bekannten Anwendungsm\u00f6glichkeiten von Boraten ab.<\/p>\n<p>In den Schulungen von Eti Maden zur Sensibilisierung in Bezug auf Arbeitssicherheit und Gesundheitsschutz wird angestrebt, dass die Mitarbeiter in der Lage sind, ihre Arbeit bestm\u00f6glich bei geringstm\u00f6glichem Risiko zu organisieren.<\/p>\n<p>Um ein Maximum an Sicherheit und Gesundheit am Arbeitsplatz zu gew\u00e4hrleisten, schult Eti Maden als weltweit f\u00fchrendes Bor-Unternehmen seine Mitarbeiter im Rahmen des Aufkl\u00e4rungs- und Fortbildungsprojekts Afete Haz\u0131r T\u00fcrkiye darin, wie man sich in m\u00f6glichen Unfallszenarien in den ersten 72\u00a0Stunden verh\u00e4lt, welche Ma\u00dfnahmen in den Arbeitsbereichen zu ergreifen sind etc.<\/p>\n","protected":false},"excerpt":{"rendered":"<p>Minimales Risiko, maximale Sicherheit Eti Maden sorgt f\u00fcr Arbeitssicherheit und Gesundheitsschutz auf h\u00f6chstem Niveau, um alle Mitarbeiter vor allen m\u00f6glichen Gefahren und Bedrohungen zu sch\u00fctzen und die Risiken zu minimieren. Die Gesundheit der Mitarbeiter steht in allen Arbeitsbereichen und in allen Phasen der Borproduktion an erster Stelle. An den Standorten, an denen Eti Maden Bor,&#8230;<\/p>\n","protected":false},"author":3,"featured_media":1775,"parent":0,"menu_order":0,"comment_status":"closed","ping_status":"closed","template":"page-kurumsal.php","meta":[],"_links":{"self":[{"href":"https:\/\/www.etiproducts.com\/de\/index.php?rest_route=\/wp\/v2\/pages\/130"}],"collection":[{"href":"https:\/\/www.etiproducts.com\/de\/index.php?rest_route=\/wp\/v2\/pages"}],"about":[{"href":"https:\/\/www.etiproducts.com\/de\/index.php?rest_route=\/wp\/v2\/types\/page"}],"author":[{"embeddable":true,"href":"https:\/\/www.etiproducts.com\/de\/index.php?rest_route=\/wp\/v2\/users\/3"}],"replies":[{"embeddable":true,"href":"https:\/\/www.etiproducts.com\/de\/index.php?rest_route=%2Fwp%2Fv2%2Fcomments&post=130"}],"version-history":[{"count":17,"href":"https:\/\/www.etiproducts.com\/de\/index.php?rest_route=\/wp\/v2\/pages\/130\/revisions"}],"predecessor-version":[{"id":2391,"href":"https:\/\/www.etiproducts.com\/de\/index.php?rest_route=\/wp\/v2\/pages\/130\/revisions\/2391"}],"wp:featuredmedia":[{"embeddable":true,"href":"https:\/\/www.etiproducts.com\/de\/index.php?rest_route=\/wp\/v2\/media\/1775"}],"wp:attachment":[{"href":"https:\/\/www.etiproducts.com\/de\/index.php?rest_route=%2Fwp%2Fv2%2Fmedia&parent=130"}],"curies":[{"name":"wp","href":"https:\/\/api.w.org\/{rel}","templated":true}]}}