{"id":1903,"date":"2018-03-19T07:34:57","date_gmt":"2018-03-19T04:34:57","guid":{"rendered":"http:\/\/bestimagedemo.com\/etimine\/?page_id=1903"},"modified":"2018-11-16T07:12:40","modified_gmt":"2018-11-16T04:12:40","slug":"projeler","status":"publish","type":"page","link":"https:\/\/www.etiproducts.com\/de\/?page_id=1903","title":{"rendered":"PROJEKTE"},"content":{"rendered":"<h2><strong>Projekte zur Gesch\u00e4ftsentwicklung<\/strong><\/h2>\n<h3><strong>Produktionsst\u00e4tten am Puls des technischen Fortschritts<\/strong><\/h3>\n<p>Eti Maden als weltweit f\u00fchrendes Bor-Unternehmen verarbeitet in seinen nach internationalen Standards und Normen gestalteten Fertigungsst\u00e4tten Borate zu hochproduktiven, profitablen, qualitativ hochwertigen und nachhaltigen Produkten. Die Anlagen und Prozesse zur Herstellung dieser Borprodukte mit ihrem breiten Spektrum von Anwendungsbereichen werden kontinuierlich verbessert. In diesem Sinne werden Gesch\u00e4ftsbereiche in Produktionszentren umgewandelt, die sich flexibel an den technologischen Wandel und Fortschritt anpassen k\u00f6nnen, in denen Bor, der wertvollste Bodenschatz der T\u00fcrkei, mit gr\u00f6\u00dftm\u00f6glicher Effizienz genutzt werden kann und in denen hochspezialisierte Fachleute herausragende Arbeit leisten.<\/p>\n<p>In diesen Produktionsst\u00e4tten, die Eti Maden mit seinen eigenen personellen und finanziellen Ressourcen aufgebaut hat, kann das Unternehmen seine F&amp;E-Aktivit\u00e4ten rasch auf Innovationen aller Art ausrichten und dabei auf seine reiche Erfahrung und sein vorhandenes Know-how einerseits und die fundierte Beobachtung weltweiter Entwicklungen andererseits aufbauen, um so auf nachhaltige und innovationsorientierte Weise hohe Qualit\u00e4t zu produzieren und Produktionsausf\u00e4lle zu minimieren. Eti Maden arbeitet unter umfassendem Einsatz der fortschrittlichsten Technologien daran, die Verwendung von Boraten weiter auszudehnen und die Effizienz der Produkte in den verschiedenen Anwendungsbereichen weiter zu steigern. Hierzu ist vorgesehen, notwendige technische Verbesserungen an den Standorten K\u00fctahya \u2013 Emet, Bal\u0131kesir \u2013 Bigadi\u00e7, Bal\u0131kesir \u2013 Band\u0131rma und Eski\u015fehir \u2013 K\u0131rka in n\u00e4chster Zukunft vorzunehmen, um so die Qualit\u00e4t und die Produktionsmengen zu steigern, die Belegschaft auf globales Niveau zu bringen und durch Gewinnung neuer Interessenvertreter den Einsatz von Borprodukten auszuweiten.<\/p>\n<p>&nbsp;<\/p>\n<h2><strong>Projekte zur Weiterentwicklung des Sektors<\/strong><\/h2>\n<h3><strong>Bor in allen Lebensbereichen<\/strong><\/h3>\n<p>Eti Maden, der weltweit bedeutendste Hersteller von Borprodukten, arbeitet kontinuierlich daran, die Verwendung von Borprodukten im In- und Ausland weiter auszudehnen.<\/p>\n<p>Weltweit will Eti Maden die Nutzung von Boraten gem\u00e4\u00df den Anforderungen der verschiedenen Branchen erweitern. Das Unternehmen stellt anderen Industrieunternehmen technische und wirtschaftliche Daten aus den unterschiedlichsten Branchen von Eisen und Stahl \u00fcber die Landwirtschaft bis hin zu Keramik und Glas zur Verf\u00fcgung, um die Nutzung von Borprodukten zu f\u00f6rdern. So werden auch in Sektoren, die bisher nicht mit Bor arbeiten, Projekte zu den Vorteilen der Bornutzung durchgef\u00fchrt, und dadurch werden neue Produktionsmethoden und Produkte auf hohem Qualit\u00e4tsniveau entwickelt und die Erschlie\u00dfung neuer Anwendungsbereiche wird vorangetrieben.<\/p>\n<p>&nbsp;<\/p>\n<h2><strong>Studien zur Entwicklung neuer Produkte<\/strong><\/h2>\n<h3><strong>Eti Maden gestaltet die Zukunft mit neuen Borprodukten<\/strong><\/h3>\n<p>Parallel zu seinem stetigen Wachstum auf den M\u00e4rkten f\u00fcr traditionelle Borprodukte leistet Eti Maden Pionierarbeit bei der Entwicklung neuer Borprodukte und erweitert so nicht nur sein Portfolio, sondern etabliert sich auch als Quelle neuer Informationen und Technologien f\u00fcr den weltweiten Borsektor. Eti Maden stellt aus Boraten immer neue Produkte mit hohem Mehrwert her, die die Angebotspalette bereichern. Das Unternehmen arbeitet best\u00e4ndig daran, die Produktionsmethoden von Hightech-Borprodukten und von borhaltigen Produkten f\u00fcr Endverbraucher (Wasch- und Reinigungsmittel, Glasfaser etc.) weiter zu verfeinern. F\u00fcr die Entwicklung neuer Produkte f\u00fchrt Eti Maden unter Ber\u00fccksichtigung des Wettbewerbs auf dem nationalen und internationalen Markt f\u00fcr Borprodukte F&amp;E-Studien von Grundlagenforschung bis zur technischen Produktion durch. K\u00fcnftige F&amp;E-Projekte werden sich voraussichtlich mit neuen borhaltigen Produkten f\u00fcr die Energie-, Verteidigungs- und Nuklearindustrie besch\u00e4ftigen.<\/p>\n","protected":false},"excerpt":{"rendered":"<p>Projekte zur Gesch\u00e4ftsentwicklung Produktionsst\u00e4tten am Puls des technischen Fortschritts Eti Maden als weltweit f\u00fchrendes Bor-Unternehmen verarbeitet in seinen nach internationalen Standards und Normen gestalteten Fertigungsst\u00e4tten Borate zu hochproduktiven, profitablen, qualitativ hochwertigen und nachhaltigen Produkten. Die Anlagen und Prozesse zur Herstellung dieser Borprodukte mit ihrem breiten Spektrum von Anwendungsbereichen werden kontinuierlich verbessert. In diesem Sinne werden&#8230;<\/p>\n","protected":false},"author":3,"featured_media":1794,"parent":0,"menu_order":0,"comment_status":"closed","ping_status":"closed","template":"page-bor.php","meta":[],"_links":{"self":[{"href":"https:\/\/www.etiproducts.com\/de\/index.php?rest_route=\/wp\/v2\/pages\/1903"}],"collection":[{"href":"https:\/\/www.etiproducts.com\/de\/index.php?rest_route=\/wp\/v2\/pages"}],"about":[{"href":"https:\/\/www.etiproducts.com\/de\/index.php?rest_route=\/wp\/v2\/types\/page"}],"author":[{"embeddable":true,"href":"https:\/\/www.etiproducts.com\/de\/index.php?rest_route=\/wp\/v2\/users\/3"}],"replies":[{"embeddable":true,"href":"https:\/\/www.etiproducts.com\/de\/index.php?rest_route=%2Fwp%2Fv2%2Fcomments&post=1903"}],"version-history":[{"count":9,"href":"https:\/\/www.etiproducts.com\/de\/index.php?rest_route=\/wp\/v2\/pages\/1903\/revisions"}],"predecessor-version":[{"id":2410,"href":"https:\/\/www.etiproducts.com\/de\/index.php?rest_route=\/wp\/v2\/pages\/1903\/revisions\/2410"}],"wp:featuredmedia":[{"embeddable":true,"href":"https:\/\/www.etiproducts.com\/de\/index.php?rest_route=\/wp\/v2\/media\/1794"}],"wp:attachment":[{"href":"https:\/\/www.etiproducts.com\/de\/index.php?rest_route=%2Fwp%2Fv2%2Fmedia&parent=1903"}],"curies":[{"name":"wp","href":"https:\/\/api.w.org\/{rel}","templated":true}]}}