{"id":198,"date":"2017-12-27T21:00:04","date_gmt":"2017-12-27T18:00:04","guid":{"rendered":"http:\/\/bestimagedemo.com\/etimine\/?page_id=198"},"modified":"2019-02-07T15:47:28","modified_gmt":"2019-02-07T12:47:28","slug":"dunyada-bor","status":"publish","type":"page","link":"https:\/\/www.etiproducts.com\/de\/?page_id=198","title":{"rendered":"BOR WELTWEIT"},"content":{"rendered":"<p>Da die Rohstoffvorr\u00e4te der Welt so schnell und von so vielen Industriezweigen verbraucht werden, nimmt die Bedeutung von Bor mit jedem Tag zu. Die T\u00fcrkei hat die gr\u00f6\u00dften Borvorkommen der Welt, gefolgt von Russland, S\u00fcdamerika und den USA.<\/p>\n<table width=\"680\">\n<tbody>\n<tr>\n<td>Land<\/td>\n<td>Gesamtvorkommen (in tausend Tonnen B<sub>2<\/sub>O<sub>3<\/sub>)<\/td>\n<td>Anteil (%)<\/td>\n<\/tr>\n<tr>\n<td>T\u00fcrkei<\/td>\n<td>950.000<\/td>\n<td>72,9<\/td>\n<\/tr>\n<tr>\n<td>USA<\/td>\n<td>80.000<\/td>\n<td>6,1<\/td>\n<\/tr>\n<tr>\n<td>Russland<\/td>\n<td>100.000<\/td>\n<td>7,7<\/td>\n<\/tr>\n<tr>\n<td>China<\/td>\n<td>47.000<\/td>\n<td>3,6<\/td>\n<\/tr>\n<tr>\n<td>Peru<\/td>\n<td>22.000<\/td>\n<td>1,7<\/td>\n<\/tr>\n<tr>\n<td>Argentinien<\/td>\n<td>9.000<\/td>\n<td>0,7<\/td>\n<\/tr>\n<tr>\n<td>Bolivien<\/td>\n<td>19.000<\/td>\n<td>1,5<\/td>\n<\/tr>\n<tr>\n<td>Chile<\/td>\n<td>41.000<\/td>\n<td>3,1<\/td>\n<\/tr>\n<tr>\n<td>Kasachstan<\/td>\n<td>15.000<\/td>\n<td>1,2<\/td>\n<\/tr>\n<tr>\n<td>Serbien<\/td>\n<td>21.000<\/td>\n<td>1,6<\/td>\n<\/tr>\n<tr>\n<td><strong>GESAMT<\/strong><\/td>\n<td><strong>1.304.000<\/strong><\/td>\n<td><strong>100<\/strong><\/td>\n<\/tr>\n<\/tbody>\n<\/table>\n<p>Rund 5,7 Millionen Tonnen Bor (bzw. 2,7\u00a0Millionen Tonnen B<sub>2<\/sub>O<sub>3<\/sub>) wurden 2017 weltweit produziert.<\/p>\n<p>Der weltweite Verbrauch von Borprodukten belief sich im Jahr\u00a02000 auf 3,1\u00a0Millionen Tonnen, 2014 auf 4,3\u00a0Millionen Tonnen, 2015 auf 3,8\u00a0Millionen Tonnen und 2016 auf 3,77\u00a0Millionen Tonnen. Nach Branchen betrachtet verteilte sich der weltweite Verbrauch von Borprodukten wie folgt: 47\u00a0% Glasindustrie, 16\u00a0% Landwirtschaft, 15\u00a0% Keramikindustrie, 2\u00a0% Wasch- und Reinigungsmittelindustrien und 20\u00a0% andere Branchen.<\/p>\n","protected":false},"excerpt":{"rendered":"<p>Da die Rohstoffvorr\u00e4te der Welt so schnell und von so vielen Industriezweigen verbraucht werden, nimmt die Bedeutung von Bor mit jedem Tag zu. Die T\u00fcrkei hat die gr\u00f6\u00dften Borvorkommen der Welt, gefolgt von Russland, S\u00fcdamerika und den USA. Land Gesamtvorkommen (in tausend Tonnen B2O3) Anteil (%) T\u00fcrkei 950.000 72,9 USA 80.000 6,1 Russland 100.000 7,7&#8230;<\/p>\n","protected":false},"author":3,"featured_media":433,"parent":0,"menu_order":0,"comment_status":"closed","ping_status":"closed","template":"page-bor.php","meta":[],"_links":{"self":[{"href":"https:\/\/www.etiproducts.com\/de\/index.php?rest_route=\/wp\/v2\/pages\/198"}],"collection":[{"href":"https:\/\/www.etiproducts.com\/de\/index.php?rest_route=\/wp\/v2\/pages"}],"about":[{"href":"https:\/\/www.etiproducts.com\/de\/index.php?rest_route=\/wp\/v2\/types\/page"}],"author":[{"embeddable":true,"href":"https:\/\/www.etiproducts.com\/de\/index.php?rest_route=\/wp\/v2\/users\/3"}],"replies":[{"embeddable":true,"href":"https:\/\/www.etiproducts.com\/de\/index.php?rest_route=%2Fwp%2Fv2%2Fcomments&post=198"}],"version-history":[{"count":14,"href":"https:\/\/www.etiproducts.com\/de\/index.php?rest_route=\/wp\/v2\/pages\/198\/revisions"}],"predecessor-version":[{"id":2470,"href":"https:\/\/www.etiproducts.com\/de\/index.php?rest_route=\/wp\/v2\/pages\/198\/revisions\/2470"}],"wp:featuredmedia":[{"embeddable":true,"href":"https:\/\/www.etiproducts.com\/de\/index.php?rest_route=\/wp\/v2\/media\/433"}],"wp:attachment":[{"href":"https:\/\/www.etiproducts.com\/de\/index.php?rest_route=%2Fwp%2Fv2%2Fmedia&parent=198"}],"curies":[{"name":"wp","href":"https:\/\/api.w.org\/{rel}","templated":true}]}}