{"id":2160,"date":"2018-07-17T16:07:17","date_gmt":"2018-07-17T13:07:17","guid":{"rendered":"http:\/\/bestimagedemo.com\/etiproducts\/?page_id=2160"},"modified":"2018-11-16T07:16:55","modified_gmt":"2018-11-16T04:16:55","slug":"logistics","status":"publish","type":"page","link":"https:\/\/www.etiproducts.com\/de\/?page_id=2160","title":{"rendered":"LOGISTIK"},"content":{"rendered":"<p>Exklusivvertriebsgebiet, Lager- und B\u00fcrostandorte der Ab Eti Products Oy:<\/p>\n<p>Das Exklusivvertriebsgebiet des Unternehmens f\u00fcr t\u00fcrkische Borprodukte erstreckt sich aktuell auf Finnland, Schweden, Norwegen, D\u00e4nemark, Island, Polen, Estland, Lettland, Litauen, Deutschland, die Ukraine, Moldawien und den afrikanischen<\/p>\n<p><img loading=\"lazy\" class=\"alignnone size-full wp-image-2161\" src=\"http:\/\/bestimagedemo.com\/etiproducts\/wp-content\/uploads\/2018\/07\/map-europe.png\" alt=\"\" width=\"3219\" height=\"1787\" srcset=\"https:\/\/www.etiproducts.com\/de\/wp-content\/uploads\/2018\/07\/map-europe.png 3219w, https:\/\/www.etiproducts.com\/de\/wp-content\/uploads\/2018\/07\/map-europe-300x167.png 300w, https:\/\/www.etiproducts.com\/de\/wp-content\/uploads\/2018\/07\/map-europe-768x426.png 768w, https:\/\/www.etiproducts.com\/de\/wp-content\/uploads\/2018\/07\/map-europe-1024x568.png 1024w\" sizes=\"(max-width: 3219px) 100vw, 3219px\" \/>\u00a0<img loading=\"lazy\" class=\"alignnone size-full wp-image-2255\" src=\"http:\/\/bestimagedemo.com\/etiproducts\/wp-content\/uploads\/2018\/08\/map-africa-Full.png\" alt=\"\" width=\"1738\" height=\"1882\" srcset=\"https:\/\/www.etiproducts.com\/de\/wp-content\/uploads\/2018\/08\/map-africa-Full.png 1738w, https:\/\/www.etiproducts.com\/de\/wp-content\/uploads\/2018\/08\/map-africa-Full-277x300.png 277w, https:\/\/www.etiproducts.com\/de\/wp-content\/uploads\/2018\/08\/map-africa-Full-768x832.png 768w, https:\/\/www.etiproducts.com\/de\/wp-content\/uploads\/2018\/08\/map-africa-Full-946x1024.png 946w\" sizes=\"(max-width: 1738px) 100vw, 1738px\" \/><\/p>\n<p>Au\u00dfer in diesem Exklusivgebiet k\u00f6nnen wir auch in L\u00e4ndern und Gebieten t\u00e4tig werden, die nicht zum Exklusivgebiet anderer Vertriebspartner der Eti Maden IGM z\u00e4hlen.<\/p>\n","protected":false},"excerpt":{"rendered":"<p>Exklusivvertriebsgebiet, Lager- und B\u00fcrostandorte der Ab Eti Products Oy: Das Exklusivvertriebsgebiet des Unternehmens f\u00fcr t\u00fcrkische Borprodukte erstreckt sich aktuell auf Finnland, Schweden, Norwegen, D\u00e4nemark, Island, Polen, Estland, Lettland, Litauen, Deutschland, die Ukraine, Moldawien und den afrikanischen \u00a0 Au\u00dfer in diesem Exklusivgebiet k\u00f6nnen wir auch in L\u00e4ndern und Gebieten t\u00e4tig werden, die nicht zum Exklusivgebiet anderer&#8230;<\/p>\n","protected":false},"author":3,"featured_media":1774,"parent":0,"menu_order":0,"comment_status":"closed","ping_status":"closed","template":"page-global.php","meta":[],"_links":{"self":[{"href":"https:\/\/www.etiproducts.com\/de\/index.php?rest_route=\/wp\/v2\/pages\/2160"}],"collection":[{"href":"https:\/\/www.etiproducts.com\/de\/index.php?rest_route=\/wp\/v2\/pages"}],"about":[{"href":"https:\/\/www.etiproducts.com\/de\/index.php?rest_route=\/wp\/v2\/types\/page"}],"author":[{"embeddable":true,"href":"https:\/\/www.etiproducts.com\/de\/index.php?rest_route=\/wp\/v2\/users\/3"}],"replies":[{"embeddable":true,"href":"https:\/\/www.etiproducts.com\/de\/index.php?rest_route=%2Fwp%2Fv2%2Fcomments&post=2160"}],"version-history":[{"count":13,"href":"https:\/\/www.etiproducts.com\/de\/index.php?rest_route=\/wp\/v2\/pages\/2160\/revisions"}],"predecessor-version":[{"id":2418,"href":"https:\/\/www.etiproducts.com\/de\/index.php?rest_route=\/wp\/v2\/pages\/2160\/revisions\/2418"}],"wp:featuredmedia":[{"embeddable":true,"href":"https:\/\/www.etiproducts.com\/de\/index.php?rest_route=\/wp\/v2\/media\/1774"}],"wp:attachment":[{"href":"https:\/\/www.etiproducts.com\/de\/index.php?rest_route=%2Fwp%2Fv2%2Fmedia&parent=2160"}],"curies":[{"name":"wp","href":"https:\/\/api.w.org\/{rel}","templated":true}]}}