{"id":383,"date":"2017-12-28T21:57:12","date_gmt":"2017-12-28T18:57:12","guid":{"rendered":"http:\/\/bestimagedemo.com\/etimine\/?page_id=383"},"modified":"2019-02-07T15:48:02","modified_gmt":"2019-02-07T12:48:02","slug":"kirka","status":"publish","type":"page","link":"https:\/\/www.etiproducts.com\/de\/?page_id=383","title":{"rendered":"KIRKA"},"content":{"rendered":"\n\t\t<style type=\"text\/css\">\n\t\t\t#gallery-1 {\n\t\t\t\tmargin: auto;\n\t\t\t}\n\t\t\t#gallery-1 .gallery-item {\n\t\t\t\tfloat: left;\n\t\t\t\tmargin-top: 10px;\n\t\t\t\ttext-align: center;\n\t\t\t\twidth: 20%;\n\t\t\t}\n\t\t\t#gallery-1 img {\n\t\t\t\tborder: 2px solid #cfcfcf;\n\t\t\t}\n\t\t\t#gallery-1 .gallery-caption {\n\t\t\t\tmargin-left: 0;\n\t\t\t}\n\t\t\t\/* see gallery_shortcode() in wp-includes\/media.php *\/\n\t\t<\/style>\n\t\t<div id='gallery-1' class='gallery galleryid-383 gallery-columns-5 gallery-size-thumbnail'><dl class='gallery-item'>\n\t\t\t<dt class='gallery-icon landscape'>\n\t\t\t\t<a href='https:\/\/www.etiproducts.com\/de\/wp-content\/uploads\/2018\/01\/2Q6A9803.jpg'><img width=\"150\" height=\"150\" src=\"https:\/\/www.etiproducts.com\/de\/wp-content\/uploads\/2018\/01\/2Q6A9803-150x150.jpg\" class=\"attachment-thumbnail size-thumbnail\" alt=\"\" loading=\"lazy\" srcset=\"https:\/\/www.etiproducts.com\/de\/wp-content\/uploads\/2018\/01\/2Q6A9803-150x150.jpg 150w, https:\/\/www.etiproducts.com\/de\/wp-content\/uploads\/2018\/01\/2Q6A9803-214x214.jpg 214w\" sizes=\"(max-width: 150px) 100vw, 150px\" \/><\/a>\n\t\t\t<\/dt><\/dl><dl class='gallery-item'>\n\t\t\t<dt class='gallery-icon landscape'>\n\t\t\t\t<a href='https:\/\/www.etiproducts.com\/de\/wp-content\/uploads\/2018\/01\/DJI_0019.jpg'><img width=\"150\" height=\"150\" src=\"https:\/\/www.etiproducts.com\/de\/wp-content\/uploads\/2018\/01\/DJI_0019-150x150.jpg\" class=\"attachment-thumbnail size-thumbnail\" alt=\"\" loading=\"lazy\" srcset=\"https:\/\/www.etiproducts.com\/de\/wp-content\/uploads\/2018\/01\/DJI_0019-150x150.jpg 150w, https:\/\/www.etiproducts.com\/de\/wp-content\/uploads\/2018\/01\/DJI_0019-214x214.jpg 214w\" sizes=\"(max-width: 150px) 100vw, 150px\" \/><\/a>\n\t\t\t<\/dt><\/dl><dl class='gallery-item'>\n\t\t\t<dt class='gallery-icon landscape'>\n\t\t\t\t<a href='https:\/\/www.etiproducts.com\/de\/wp-content\/uploads\/2018\/01\/DJI_0019.MOV_000003899.png'><img width=\"150\" height=\"150\" src=\"https:\/\/www.etiproducts.com\/de\/wp-content\/uploads\/2018\/01\/DJI_0019.MOV_000003899-150x150.png\" class=\"attachment-thumbnail size-thumbnail\" alt=\"\" loading=\"lazy\" srcset=\"https:\/\/www.etiproducts.com\/de\/wp-content\/uploads\/2018\/01\/DJI_0019.MOV_000003899-150x150.png 150w, https:\/\/www.etiproducts.com\/de\/wp-content\/uploads\/2018\/01\/DJI_0019.MOV_000003899-214x214.png 214w\" sizes=\"(max-width: 150px) 100vw, 150px\" \/><\/a>\n\t\t\t<\/dt><\/dl><dl class='gallery-item'>\n\t\t\t<dt class='gallery-icon landscape'>\n\t\t\t\t<a href='https:\/\/www.etiproducts.com\/de\/wp-content\/uploads\/2018\/01\/DJI_0045.jpg'><img width=\"150\" height=\"150\" src=\"https:\/\/www.etiproducts.com\/de\/wp-content\/uploads\/2018\/01\/DJI_0045-150x150.jpg\" class=\"attachment-thumbnail size-thumbnail\" alt=\"\" loading=\"lazy\" srcset=\"https:\/\/www.etiproducts.com\/de\/wp-content\/uploads\/2018\/01\/DJI_0045-150x150.jpg 150w, https:\/\/www.etiproducts.com\/de\/wp-content\/uploads\/2018\/01\/DJI_0045-214x214.jpg 214w\" sizes=\"(max-width: 150px) 100vw, 150px\" \/><\/a>\n\t\t\t<\/dt><\/dl><dl class='gallery-item'>\n\t\t\t<dt class='gallery-icon landscape'>\n\t\t\t\t<a href='https:\/\/www.etiproducts.com\/de\/wp-content\/uploads\/2018\/01\/DJI_0063.jpg'><img width=\"150\" height=\"150\" src=\"https:\/\/www.etiproducts.com\/de\/wp-content\/uploads\/2018\/01\/DJI_0063-150x150.jpg\" class=\"attachment-thumbnail size-thumbnail\" alt=\"\" loading=\"lazy\" srcset=\"https:\/\/www.etiproducts.com\/de\/wp-content\/uploads\/2018\/01\/DJI_0063-150x150.jpg 150w, https:\/\/www.etiproducts.com\/de\/wp-content\/uploads\/2018\/01\/DJI_0063-214x214.jpg 214w\" sizes=\"(max-width: 150px) 100vw, 150px\" \/><\/a>\n\t\t\t<\/dt><\/dl><br style=\"clear: both\" \/><dl class='gallery-item'>\n\t\t\t<dt class='gallery-icon landscape'>\n\t\t\t\t<a href='https:\/\/www.etiproducts.com\/de\/wp-content\/uploads\/2018\/01\/DJI_0071.jpg'><img width=\"150\" height=\"150\" src=\"https:\/\/www.etiproducts.com\/de\/wp-content\/uploads\/2018\/01\/DJI_0071-150x150.jpg\" class=\"attachment-thumbnail size-thumbnail\" alt=\"\" loading=\"lazy\" srcset=\"https:\/\/www.etiproducts.com\/de\/wp-content\/uploads\/2018\/01\/DJI_0071-150x150.jpg 150w, https:\/\/www.etiproducts.com\/de\/wp-content\/uploads\/2018\/01\/DJI_0071-214x214.jpg 214w\" sizes=\"(max-width: 150px) 100vw, 150px\" \/><\/a>\n\t\t\t<\/dt><\/dl><dl class='gallery-item'>\n\t\t\t<dt class='gallery-icon landscape'>\n\t\t\t\t<a href='https:\/\/www.etiproducts.com\/de\/wp-content\/uploads\/2018\/01\/DJI_0072.jpg'><img width=\"150\" height=\"150\" src=\"https:\/\/www.etiproducts.com\/de\/wp-content\/uploads\/2018\/01\/DJI_0072-150x150.jpg\" class=\"attachment-thumbnail size-thumbnail\" alt=\"\" loading=\"lazy\" srcset=\"https:\/\/www.etiproducts.com\/de\/wp-content\/uploads\/2018\/01\/DJI_0072-150x150.jpg 150w, https:\/\/www.etiproducts.com\/de\/wp-content\/uploads\/2018\/01\/DJI_0072-214x214.jpg 214w\" sizes=\"(max-width: 150px) 100vw, 150px\" \/><\/a>\n\t\t\t<\/dt><\/dl><dl class='gallery-item'>\n\t\t\t<dt class='gallery-icon landscape'>\n\t\t\t\t<a href='https:\/\/www.etiproducts.com\/de\/wp-content\/uploads\/2018\/01\/DJI_0077.jpg'><img width=\"150\" height=\"150\" src=\"https:\/\/www.etiproducts.com\/de\/wp-content\/uploads\/2018\/01\/DJI_0077-150x150.jpg\" class=\"attachment-thumbnail size-thumbnail\" alt=\"\" loading=\"lazy\" srcset=\"https:\/\/www.etiproducts.com\/de\/wp-content\/uploads\/2018\/01\/DJI_0077-150x150.jpg 150w, https:\/\/www.etiproducts.com\/de\/wp-content\/uploads\/2018\/01\/DJI_0077-214x214.jpg 214w\" sizes=\"(max-width: 150px) 100vw, 150px\" \/><\/a>\n\t\t\t<\/dt><\/dl><dl class='gallery-item'>\n\t\t\t<dt class='gallery-icon landscape'>\n\t\t\t\t<a href='https:\/\/www.etiproducts.com\/de\/wp-content\/uploads\/2018\/01\/DJI_0089-2.jpg'><img width=\"150\" height=\"150\" src=\"https:\/\/www.etiproducts.com\/de\/wp-content\/uploads\/2018\/01\/DJI_0089-2-150x150.jpg\" class=\"attachment-thumbnail size-thumbnail\" alt=\"\" loading=\"lazy\" srcset=\"https:\/\/www.etiproducts.com\/de\/wp-content\/uploads\/2018\/01\/DJI_0089-2-150x150.jpg 150w, https:\/\/www.etiproducts.com\/de\/wp-content\/uploads\/2018\/01\/DJI_0089-2-214x214.jpg 214w\" sizes=\"(max-width: 150px) 100vw, 150px\" \/><\/a>\n\t\t\t<\/dt><\/dl><dl class='gallery-item'>\n\t\t\t<dt class='gallery-icon landscape'>\n\t\t\t\t<a href='https:\/\/www.etiproducts.com\/de\/wp-content\/uploads\/2018\/01\/DSC09664.jpg'><img width=\"150\" height=\"150\" src=\"https:\/\/www.etiproducts.com\/de\/wp-content\/uploads\/2018\/01\/DSC09664-150x150.jpg\" class=\"attachment-thumbnail size-thumbnail\" alt=\"\" loading=\"lazy\" srcset=\"https:\/\/www.etiproducts.com\/de\/wp-content\/uploads\/2018\/01\/DSC09664-150x150.jpg 150w, https:\/\/www.etiproducts.com\/de\/wp-content\/uploads\/2018\/01\/DSC09664-214x214.jpg 214w\" sizes=\"(max-width: 150px) 100vw, 150px\" \/><\/a>\n\t\t\t<\/dt><\/dl><br style=\"clear: both\" \/><dl class='gallery-item'>\n\t\t\t<dt class='gallery-icon landscape'>\n\t\t\t\t<a href='https:\/\/www.etiproducts.com\/de\/wp-content\/uploads\/2018\/01\/DSC09699.jpg'><img width=\"150\" height=\"150\" src=\"https:\/\/www.etiproducts.com\/de\/wp-content\/uploads\/2018\/01\/DSC09699-150x150.jpg\" class=\"attachment-thumbnail size-thumbnail\" alt=\"\" loading=\"lazy\" srcset=\"https:\/\/www.etiproducts.com\/de\/wp-content\/uploads\/2018\/01\/DSC09699-150x150.jpg 150w, https:\/\/www.etiproducts.com\/de\/wp-content\/uploads\/2018\/01\/DSC09699-214x214.jpg 214w\" sizes=\"(max-width: 150px) 100vw, 150px\" \/><\/a>\n\t\t\t<\/dt><\/dl><dl class='gallery-item'>\n\t\t\t<dt class='gallery-icon landscape'>\n\t\t\t\t<a href='https:\/\/www.etiproducts.com\/de\/wp-content\/uploads\/2018\/01\/k\u0131rka-10.jpg'><img width=\"150\" height=\"150\" src=\"https:\/\/www.etiproducts.com\/de\/wp-content\/uploads\/2018\/01\/k\u0131rka-10-150x150.jpg\" class=\"attachment-thumbnail size-thumbnail\" alt=\"\" loading=\"lazy\" srcset=\"https:\/\/www.etiproducts.com\/de\/wp-content\/uploads\/2018\/01\/k\u0131rka-10-150x150.jpg 150w, https:\/\/www.etiproducts.com\/de\/wp-content\/uploads\/2018\/01\/k\u0131rka-10-214x214.jpg 214w\" sizes=\"(max-width: 150px) 100vw, 150px\" \/><\/a>\n\t\t\t<\/dt><\/dl><dl class='gallery-item'>\n\t\t\t<dt class='gallery-icon landscape'>\n\t\t\t\t<a href='https:\/\/www.etiproducts.com\/de\/wp-content\/uploads\/2018\/01\/k\u0131rka-21.jpg'><img width=\"150\" height=\"150\" src=\"https:\/\/www.etiproducts.com\/de\/wp-content\/uploads\/2018\/01\/k\u0131rka-21-150x150.jpg\" class=\"attachment-thumbnail size-thumbnail\" alt=\"\" loading=\"lazy\" srcset=\"https:\/\/www.etiproducts.com\/de\/wp-content\/uploads\/2018\/01\/k\u0131rka-21-150x150.jpg 150w, https:\/\/www.etiproducts.com\/de\/wp-content\/uploads\/2018\/01\/k\u0131rka-21-214x214.jpg 214w\" sizes=\"(max-width: 150px) 100vw, 150px\" \/><\/a>\n\t\t\t<\/dt><\/dl><dl class='gallery-item'>\n\t\t\t<dt class='gallery-icon landscape'>\n\t\t\t\t<a href='https:\/\/www.etiproducts.com\/de\/wp-content\/uploads\/2018\/01\/k\u0131rka-29.jpg'><img width=\"150\" height=\"150\" src=\"https:\/\/www.etiproducts.com\/de\/wp-content\/uploads\/2018\/01\/k\u0131rka-29-150x150.jpg\" class=\"attachment-thumbnail size-thumbnail\" alt=\"\" loading=\"lazy\" srcset=\"https:\/\/www.etiproducts.com\/de\/wp-content\/uploads\/2018\/01\/k\u0131rka-29-150x150.jpg 150w, https:\/\/www.etiproducts.com\/de\/wp-content\/uploads\/2018\/01\/k\u0131rka-29-214x214.jpg 214w\" sizes=\"(max-width: 150px) 100vw, 150px\" \/><\/a>\n\t\t\t<\/dt><\/dl><dl class='gallery-item'>\n\t\t\t<dt class='gallery-icon landscape'>\n\t\t\t\t<a href='https:\/\/www.etiproducts.com\/de\/wp-content\/uploads\/2018\/01\/P1220034.MOV_000096086.png'><img width=\"150\" height=\"150\" src=\"https:\/\/www.etiproducts.com\/de\/wp-content\/uploads\/2018\/01\/P1220034.MOV_000096086-150x150.png\" class=\"attachment-thumbnail size-thumbnail\" alt=\"\" loading=\"lazy\" srcset=\"https:\/\/www.etiproducts.com\/de\/wp-content\/uploads\/2018\/01\/P1220034.MOV_000096086-150x150.png 150w, https:\/\/www.etiproducts.com\/de\/wp-content\/uploads\/2018\/01\/P1220034.MOV_000096086-214x214.png 214w\" sizes=\"(max-width: 150px) 100vw, 150px\" \/><\/a>\n\t\t\t<\/dt><\/dl><br style=\"clear: both\" \/>\n\t\t<\/div>\n\n<p>&nbsp;<\/p>\n<p>Der Standort Eski\u015fehir \u2013 K\u0131rka wurde 1970 als K\u0131rka Sodium Salt Site Management gegr\u00fcndet und nach einer Umstrukturierung 1998 in K\u0131rka Boron Operations Directorate umbenannt. Das Unternehmensdirektorat ist in den Bereichen Bergbau, Chemie, Metallurgie und Logistik, insbesondere Borate, t\u00e4tig. Die Lagerst\u00e4tte K\u0131rka \u2013 Sar\u0131kaya ist das gr\u00f6\u00dfte Boraxvorkommen der Welt und macht rund 20\u00a0% (genauer: 18\u00a0%) der weltweiten Reserven aus. Zugleich entspricht dies 25\u00a0% der gesamten Borreserven der T\u00fcrkei.<\/p>\n<h2><strong>Ertrag von 3\u00a0Millionen Tonnen Borax pro Jahr<\/strong><\/h2>\n<p>Im Bor-Unternehmensdirektorat K\u0131rka werden rund 3\u00a0Millionen Tonnen Borax pro Jahr gewonnen. Borax aus dem Tagebau an der Lagerst\u00e4tte K\u0131rka \u2013 Sar\u0131kaya wird im Unternehmensdirektorat K\u0131rka zum gebrauchsfertigen Endprodukt Etimatik verarbeitet, einem Waschmittel mit Borax-Pentahydrat, Borax-Decahydrat, wasserfreiem Borax, kalziniertem Borax und Bor. Borax-Pentahydrat und Borax-Decahydrat werden aus Borax-Erz gewonnen und schaffen hohen Mehrwert in unterschiedlichsten Produkten von Feuerl\u00f6schern \u00fcber Klebstoffe, Agrochemikalien und D\u00fcngemittel bis hin zu Bleichmitteln, Seifen und Textilfarben. Wasserfreies Borax, das in der Verarbeitung hochproduktiv gemacht wird, spielt eine wichtige Rolle bei der Herstellung von Hartglas und isolierender Glaswolle sowie in der Metallurgie bei der Verwendung schmelzender Schwei\u00df- und L\u00f6tmaterialien. Wasserfreies Borax wird in einer Vielzahl von Industriezweigen eingesetzt, um unterschiedlichste Produkte langlebiger und nachhaltiger zu machen.<\/p>\n<h2><strong>\u00dcber 2.000 Angestellte stellen Borprodukte mit hohem Mehrwert her<\/strong><\/h2>\n<p>Auf dem 10,5\u00a0Millionen Quadratmeter gro\u00dfen Gel\u00e4nde des Unternehmensdirektorats K\u0131rka erzeugen engagierte, hochmotivierte und spezialisierte Fachleute Borprodukte mit hohem Mehrwert. In dem Werk, in dem \u00fcber 2.000 Personen besch\u00e4ftigt sind, sind verschiedene Bereiche angesiedelt \u2013 vom Abbau bis zur Raffinerie, von der Logistik bis zu F&amp;E-Studien zur Erweiterung der Anwendungsbereiche von Boraten.<\/p>\n<p>Das Bor-Unternehmensdirektorat K\u0131rka strebt nach Exzellenz und nach der Zufriedenheit aller Beteiligten und st\u00fctzt sein Qualit\u00e4tsbewusstsein auf die Einhaltung strenger Standards f\u00fcr Qualit\u00e4ts-, Energie-, Umwelt- und Arbeitsschutzmanagementsysteme sowie akkreditierte Laboratorien.<\/p>\n<p>Das Unternehmensdirektorat K\u0131rka strebt in allen Prozessen, an denen Borate beteiligt sind, gr\u00f6\u00dftm\u00f6gliche Nachhaltigkeit und die Nutzung modernster Technologien an und leistet mit seinen hochwertigen Produkten einen wichtigen Beitrag zur positiven Entwicklung der t\u00fcrkischen und der globalen Wirtschaft.<\/p>\n","protected":false},"excerpt":{"rendered":"<p>&nbsp; Der Standort Eski\u015fehir \u2013 K\u0131rka wurde 1970 als K\u0131rka Sodium Salt Site Management gegr\u00fcndet und nach einer Umstrukturierung 1998 in K\u0131rka Boron Operations Directorate umbenannt. Das Unternehmensdirektorat ist in den Bereichen Bergbau, Chemie, Metallurgie und Logistik, insbesondere Borate, t\u00e4tig. Die Lagerst\u00e4tte K\u0131rka \u2013 Sar\u0131kaya ist das gr\u00f6\u00dfte Boraxvorkommen der Welt und macht rund 20\u00a0%&#8230;<\/p>\n","protected":false},"author":3,"featured_media":1831,"parent":0,"menu_order":0,"comment_status":"closed","ping_status":"closed","template":"page-global.php","meta":[],"_links":{"self":[{"href":"https:\/\/www.etiproducts.com\/de\/index.php?rest_route=\/wp\/v2\/pages\/383"}],"collection":[{"href":"https:\/\/www.etiproducts.com\/de\/index.php?rest_route=\/wp\/v2\/pages"}],"about":[{"href":"https:\/\/www.etiproducts.com\/de\/index.php?rest_route=\/wp\/v2\/types\/page"}],"author":[{"embeddable":true,"href":"https:\/\/www.etiproducts.com\/de\/index.php?rest_route=\/wp\/v2\/users\/3"}],"replies":[{"embeddable":true,"href":"https:\/\/www.etiproducts.com\/de\/index.php?rest_route=%2Fwp%2Fv2%2Fcomments&post=383"}],"version-history":[{"count":23,"href":"https:\/\/www.etiproducts.com\/de\/index.php?rest_route=\/wp\/v2\/pages\/383\/revisions"}],"predecessor-version":[{"id":2412,"href":"https:\/\/www.etiproducts.com\/de\/index.php?rest_route=\/wp\/v2\/pages\/383\/revisions\/2412"}],"wp:featuredmedia":[{"embeddable":true,"href":"https:\/\/www.etiproducts.com\/de\/index.php?rest_route=\/wp\/v2\/media\/1831"}],"wp:attachment":[{"href":"https:\/\/www.etiproducts.com\/de\/index.php?rest_route=%2Fwp%2Fv2%2Fmedia&parent=383"}],"curies":[{"name":"wp","href":"https:\/\/api.w.org\/{rel}","templated":true}]}}