{"id":385,"date":"2017-12-28T21:57:17","date_gmt":"2017-12-28T18:57:17","guid":{"rendered":"http:\/\/bestimagedemo.com\/etimine\/?page_id=385"},"modified":"2019-02-07T15:48:09","modified_gmt":"2019-02-07T12:48:09","slug":"emet","status":"publish","type":"page","link":"https:\/\/www.etiproducts.com\/de\/?page_id=385","title":{"rendered":"EMET"},"content":{"rendered":"\n\t\t<style type=\"text\/css\">\n\t\t\t#gallery-1 {\n\t\t\t\tmargin: auto;\n\t\t\t}\n\t\t\t#gallery-1 .gallery-item {\n\t\t\t\tfloat: left;\n\t\t\t\tmargin-top: 10px;\n\t\t\t\ttext-align: center;\n\t\t\t\twidth: 20%;\n\t\t\t}\n\t\t\t#gallery-1 img {\n\t\t\t\tborder: 2px solid #cfcfcf;\n\t\t\t}\n\t\t\t#gallery-1 .gallery-caption {\n\t\t\t\tmargin-left: 0;\n\t\t\t}\n\t\t\t\/* see gallery_shortcode() in wp-includes\/media.php *\/\n\t\t<\/style>\n\t\t<div id='gallery-1' class='gallery galleryid-385 gallery-columns-5 gallery-size-thumbnail'><dl class='gallery-item'>\n\t\t\t<dt class='gallery-icon landscape'>\n\t\t\t\t<a href='https:\/\/www.etiproducts.com\/de\/wp-content\/uploads\/2018\/01\/emet_1.jpg'><img width=\"150\" height=\"150\" src=\"https:\/\/www.etiproducts.com\/de\/wp-content\/uploads\/2018\/01\/emet_1-150x150.jpg\" class=\"attachment-thumbnail size-thumbnail\" alt=\"\" loading=\"lazy\" srcset=\"https:\/\/www.etiproducts.com\/de\/wp-content\/uploads\/2018\/01\/emet_1-150x150.jpg 150w, https:\/\/www.etiproducts.com\/de\/wp-content\/uploads\/2018\/01\/emet_1-214x214.jpg 214w\" sizes=\"(max-width: 150px) 100vw, 150px\" \/><\/a>\n\t\t\t<\/dt><\/dl><dl class='gallery-item'>\n\t\t\t<dt class='gallery-icon landscape'>\n\t\t\t\t<a href='https:\/\/www.etiproducts.com\/de\/wp-content\/uploads\/2018\/01\/emet_2.jpg'><img width=\"150\" height=\"150\" src=\"https:\/\/www.etiproducts.com\/de\/wp-content\/uploads\/2018\/01\/emet_2-150x150.jpg\" class=\"attachment-thumbnail size-thumbnail\" alt=\"\" loading=\"lazy\" srcset=\"https:\/\/www.etiproducts.com\/de\/wp-content\/uploads\/2018\/01\/emet_2-150x150.jpg 150w, https:\/\/www.etiproducts.com\/de\/wp-content\/uploads\/2018\/01\/emet_2-214x214.jpg 214w\" sizes=\"(max-width: 150px) 100vw, 150px\" \/><\/a>\n\t\t\t<\/dt><\/dl><dl class='gallery-item'>\n\t\t\t<dt class='gallery-icon landscape'>\n\t\t\t\t<a href='https:\/\/www.etiproducts.com\/de\/wp-content\/uploads\/2018\/01\/emet_3.jpg'><img width=\"150\" height=\"150\" src=\"https:\/\/www.etiproducts.com\/de\/wp-content\/uploads\/2018\/01\/emet_3-150x150.jpg\" class=\"attachment-thumbnail size-thumbnail\" alt=\"\" loading=\"lazy\" srcset=\"https:\/\/www.etiproducts.com\/de\/wp-content\/uploads\/2018\/01\/emet_3-150x150.jpg 150w, https:\/\/www.etiproducts.com\/de\/wp-content\/uploads\/2018\/01\/emet_3-214x214.jpg 214w\" sizes=\"(max-width: 150px) 100vw, 150px\" \/><\/a>\n\t\t\t<\/dt><\/dl><dl class='gallery-item'>\n\t\t\t<dt class='gallery-icon landscape'>\n\t\t\t\t<a href='https:\/\/www.etiproducts.com\/de\/wp-content\/uploads\/2018\/01\/emet_4.jpg'><img width=\"150\" height=\"150\" src=\"https:\/\/www.etiproducts.com\/de\/wp-content\/uploads\/2018\/01\/emet_4-150x150.jpg\" class=\"attachment-thumbnail size-thumbnail\" alt=\"\" loading=\"lazy\" srcset=\"https:\/\/www.etiproducts.com\/de\/wp-content\/uploads\/2018\/01\/emet_4-150x150.jpg 150w, https:\/\/www.etiproducts.com\/de\/wp-content\/uploads\/2018\/01\/emet_4-214x214.jpg 214w\" sizes=\"(max-width: 150px) 100vw, 150px\" \/><\/a>\n\t\t\t<\/dt><\/dl><dl class='gallery-item'>\n\t\t\t<dt class='gallery-icon landscape'>\n\t\t\t\t<a href='https:\/\/www.etiproducts.com\/de\/wp-content\/uploads\/2018\/01\/emet_5.jpg'><img width=\"150\" height=\"150\" src=\"https:\/\/www.etiproducts.com\/de\/wp-content\/uploads\/2018\/01\/emet_5-150x150.jpg\" class=\"attachment-thumbnail size-thumbnail\" alt=\"\" loading=\"lazy\" srcset=\"https:\/\/www.etiproducts.com\/de\/wp-content\/uploads\/2018\/01\/emet_5-150x150.jpg 150w, https:\/\/www.etiproducts.com\/de\/wp-content\/uploads\/2018\/01\/emet_5-214x214.jpg 214w\" sizes=\"(max-width: 150px) 100vw, 150px\" \/><\/a>\n\t\t\t<\/dt><\/dl><br style=\"clear: both\" \/><dl class='gallery-item'>\n\t\t\t<dt class='gallery-icon landscape'>\n\t\t\t\t<a href='https:\/\/www.etiproducts.com\/de\/wp-content\/uploads\/2018\/01\/emet_6.jpg'><img width=\"150\" height=\"150\" src=\"https:\/\/www.etiproducts.com\/de\/wp-content\/uploads\/2018\/01\/emet_6-150x150.jpg\" class=\"attachment-thumbnail size-thumbnail\" alt=\"\" loading=\"lazy\" srcset=\"https:\/\/www.etiproducts.com\/de\/wp-content\/uploads\/2018\/01\/emet_6-150x150.jpg 150w, https:\/\/www.etiproducts.com\/de\/wp-content\/uploads\/2018\/01\/emet_6-214x214.jpg 214w\" sizes=\"(max-width: 150px) 100vw, 150px\" \/><\/a>\n\t\t\t<\/dt><\/dl><dl class='gallery-item'>\n\t\t\t<dt class='gallery-icon landscape'>\n\t\t\t\t<a href='https:\/\/www.etiproducts.com\/de\/wp-content\/uploads\/2018\/01\/emet_7.jpg'><img width=\"150\" height=\"150\" src=\"https:\/\/www.etiproducts.com\/de\/wp-content\/uploads\/2018\/01\/emet_7-150x150.jpg\" class=\"attachment-thumbnail size-thumbnail\" alt=\"\" loading=\"lazy\" srcset=\"https:\/\/www.etiproducts.com\/de\/wp-content\/uploads\/2018\/01\/emet_7-150x150.jpg 150w, https:\/\/www.etiproducts.com\/de\/wp-content\/uploads\/2018\/01\/emet_7-214x214.jpg 214w\" sizes=\"(max-width: 150px) 100vw, 150px\" \/><\/a>\n\t\t\t<\/dt><\/dl><dl class='gallery-item'>\n\t\t\t<dt class='gallery-icon landscape'>\n\t\t\t\t<a href='https:\/\/www.etiproducts.com\/de\/wp-content\/uploads\/2018\/01\/emet_8.jpg'><img width=\"150\" height=\"150\" src=\"https:\/\/www.etiproducts.com\/de\/wp-content\/uploads\/2018\/01\/emet_8-150x150.jpg\" class=\"attachment-thumbnail size-thumbnail\" alt=\"\" loading=\"lazy\" srcset=\"https:\/\/www.etiproducts.com\/de\/wp-content\/uploads\/2018\/01\/emet_8-150x150.jpg 150w, https:\/\/www.etiproducts.com\/de\/wp-content\/uploads\/2018\/01\/emet_8-214x214.jpg 214w\" sizes=\"(max-width: 150px) 100vw, 150px\" \/><\/a>\n\t\t\t<\/dt><\/dl><dl class='gallery-item'>\n\t\t\t<dt class='gallery-icon landscape'>\n\t\t\t\t<a href='https:\/\/www.etiproducts.com\/de\/wp-content\/uploads\/2018\/01\/emet_9.jpg'><img width=\"150\" height=\"150\" src=\"https:\/\/www.etiproducts.com\/de\/wp-content\/uploads\/2018\/01\/emet_9-150x150.jpg\" class=\"attachment-thumbnail size-thumbnail\" alt=\"\" loading=\"lazy\" srcset=\"https:\/\/www.etiproducts.com\/de\/wp-content\/uploads\/2018\/01\/emet_9-150x150.jpg 150w, https:\/\/www.etiproducts.com\/de\/wp-content\/uploads\/2018\/01\/emet_9-214x214.jpg 214w\" sizes=\"(max-width: 150px) 100vw, 150px\" \/><\/a>\n\t\t\t<\/dt><\/dl><dl class='gallery-item'>\n\t\t\t<dt class='gallery-icon landscape'>\n\t\t\t\t<a href='https:\/\/www.etiproducts.com\/de\/wp-content\/uploads\/2018\/01\/emet_10.jpg'><img width=\"150\" height=\"150\" src=\"https:\/\/www.etiproducts.com\/de\/wp-content\/uploads\/2018\/01\/emet_10-150x150.jpg\" class=\"attachment-thumbnail size-thumbnail\" alt=\"\" loading=\"lazy\" srcset=\"https:\/\/www.etiproducts.com\/de\/wp-content\/uploads\/2018\/01\/emet_10-150x150.jpg 150w, https:\/\/www.etiproducts.com\/de\/wp-content\/uploads\/2018\/01\/emet_10-214x214.jpg 214w\" sizes=\"(max-width: 150px) 100vw, 150px\" \/><\/a>\n\t\t\t<\/dt><\/dl><br style=\"clear: both\" \/><dl class='gallery-item'>\n\t\t\t<dt class='gallery-icon landscape'>\n\t\t\t\t<a href='https:\/\/www.etiproducts.com\/de\/wp-content\/uploads\/2018\/01\/emet_11.jpg'><img width=\"150\" height=\"150\" src=\"https:\/\/www.etiproducts.com\/de\/wp-content\/uploads\/2018\/01\/emet_11-150x150.jpg\" class=\"attachment-thumbnail size-thumbnail\" alt=\"\" loading=\"lazy\" srcset=\"https:\/\/www.etiproducts.com\/de\/wp-content\/uploads\/2018\/01\/emet_11-150x150.jpg 150w, https:\/\/www.etiproducts.com\/de\/wp-content\/uploads\/2018\/01\/emet_11-214x214.jpg 214w\" sizes=\"(max-width: 150px) 100vw, 150px\" \/><\/a>\n\t\t\t<\/dt><\/dl><dl class='gallery-item'>\n\t\t\t<dt class='gallery-icon landscape'>\n\t\t\t\t<a href='https:\/\/www.etiproducts.com\/de\/wp-content\/uploads\/2018\/01\/emet_12.jpg'><img width=\"150\" height=\"150\" src=\"https:\/\/www.etiproducts.com\/de\/wp-content\/uploads\/2018\/01\/emet_12-150x150.jpg\" class=\"attachment-thumbnail size-thumbnail\" alt=\"\" loading=\"lazy\" srcset=\"https:\/\/www.etiproducts.com\/de\/wp-content\/uploads\/2018\/01\/emet_12-150x150.jpg 150w, https:\/\/www.etiproducts.com\/de\/wp-content\/uploads\/2018\/01\/emet_12-214x214.jpg 214w\" sizes=\"(max-width: 150px) 100vw, 150px\" \/><\/a>\n\t\t\t<\/dt><\/dl><dl class='gallery-item'>\n\t\t\t<dt class='gallery-icon landscape'>\n\t\t\t\t<a href='https:\/\/www.etiproducts.com\/de\/wp-content\/uploads\/2018\/01\/emet_13.jpg'><img width=\"150\" height=\"150\" src=\"https:\/\/www.etiproducts.com\/de\/wp-content\/uploads\/2018\/01\/emet_13-150x150.jpg\" class=\"attachment-thumbnail size-thumbnail\" alt=\"\" loading=\"lazy\" srcset=\"https:\/\/www.etiproducts.com\/de\/wp-content\/uploads\/2018\/01\/emet_13-150x150.jpg 150w, https:\/\/www.etiproducts.com\/de\/wp-content\/uploads\/2018\/01\/emet_13-214x214.jpg 214w\" sizes=\"(max-width: 150px) 100vw, 150px\" \/><\/a>\n\t\t\t<\/dt><\/dl><dl class='gallery-item'>\n\t\t\t<dt class='gallery-icon landscape'>\n\t\t\t\t<a href='https:\/\/www.etiproducts.com\/de\/wp-content\/uploads\/2018\/01\/emet_14.jpg'><img width=\"150\" height=\"150\" src=\"https:\/\/www.etiproducts.com\/de\/wp-content\/uploads\/2018\/01\/emet_14-150x150.jpg\" class=\"attachment-thumbnail size-thumbnail\" alt=\"\" loading=\"lazy\" srcset=\"https:\/\/www.etiproducts.com\/de\/wp-content\/uploads\/2018\/01\/emet_14-150x150.jpg 150w, https:\/\/www.etiproducts.com\/de\/wp-content\/uploads\/2018\/01\/emet_14-214x214.jpg 214w\" sizes=\"(max-width: 150px) 100vw, 150px\" \/><\/a>\n\t\t\t<\/dt><\/dl><dl class='gallery-item'>\n\t\t\t<dt class='gallery-icon landscape'>\n\t\t\t\t<a href='https:\/\/www.etiproducts.com\/de\/wp-content\/uploads\/2018\/01\/emet_15.jpg'><img width=\"150\" height=\"150\" src=\"https:\/\/www.etiproducts.com\/de\/wp-content\/uploads\/2018\/01\/emet_15-150x150.jpg\" class=\"attachment-thumbnail size-thumbnail\" alt=\"\" loading=\"lazy\" srcset=\"https:\/\/www.etiproducts.com\/de\/wp-content\/uploads\/2018\/01\/emet_15-150x150.jpg 150w, https:\/\/www.etiproducts.com\/de\/wp-content\/uploads\/2018\/01\/emet_15-214x214.jpg 214w\" sizes=\"(max-width: 150px) 100vw, 150px\" \/><\/a>\n\t\t\t<\/dt><\/dl><br style=\"clear: both\" \/>\n\t\t<\/div>\n\n<p>&nbsp;<\/p>\n<p>Das Bor-Unternehmensdirektorat Emet in der Provinz K\u00fctahya wurde 1958 gegr\u00fcndet. In zwei Tagebau-Gruben \u2013\u00a0Hisarc\u0131k und Espey\u00a0\u2013 wird hier Colemanit-Erz abgebaut. Diese weltweit gr\u00f6\u00dfte und wichtigste Colemanit-Lagerst\u00e4tte um Hisarc\u0131k und Espey macht rund 40\u00a0% der weltweiten Reserven und 55\u00a0% der Reserven in der T\u00fcrkei aus. In den integrierten Anlagen des Direktorats wird das abgebaute Bor- und Colemaniterz in Konzentratoren physikalisch angereichert. Das konzentrierte Colemanit wird zu gemahlenen Produkten in der gew\u00fcnschten Gr\u00f6\u00dfe verarbeitet. Nach weiteren Reaktions-, Filtrations-, Kristallisations- und Trocknungsprozessen wird es in Bors\u00e4ure umgewandelt, die in der Branche einen wichtigen Platz einnimmt. Bors\u00e4ure ist ein wichtiger Bestandteil von Mitteln zur Behandlung der Augen, Ohren und Haut, von Insektiziden, Glasfaser, LCD-Bildschirmen, Plexiglas und flammhemmender Kleidung.<\/p>\n<h2><strong>Innovationsorientierte Produktion f\u00fcr vielf\u00e4ltige Anwendungen<\/strong><\/h2>\n<p>Das Bor-Unternehmensdirektorat Emet hat viel investiert, um angesichts der hohen Nachfrage die Produktionsmengen seiner Borprodukte zu steigern \u2013 so wurde 2005 die erste Bors\u00e4ure-Produktionsanlage in Betrieb genommen, 2011 die zweite und 2015 schlie\u00dflich eine multifunktionale Bors\u00e4ureanlage, in der Produkte gem\u00e4\u00df individuellen Spezifikationen hergestellt werden. So konnte die j\u00e4hrliche Bors\u00e4ure-Produktionskapazit\u00e4t auf 290.000\u00a0Tonnen erh\u00f6ht werden, und die Nachfrage nach Bors\u00e4ureprodukten wird auf maximal effiziente Weise gedeckt. Mit circa 1.500\u00a0hochspezialisierten Mitarbeitenden werden hier auf einer Fl\u00e4che von 1.638\u00a0Hektar Abbau-, Verarbeitungs- und Logistikaktivit\u00e4ten prim\u00e4r zu Boraten mit neuesten Technologien und gem\u00e4\u00df internationalen Qualit\u00e4tsstandards durchgef\u00fchrt. Ein innovationsorientierter Produktionsplan gew\u00e4hrleistet die unterbrechungsfreie Herstellung von hochwertigen, effizienten und nachhaltigen Produkten.<\/p>\n<h2><strong>Hochproduktives Bor nach internationalen Standards<\/strong><\/h2>\n<p>Als einer der wichtigsten Standorte von Eti Maden mit zunehmendem Wert f\u00fcr die t\u00fcrkische Wirtschaft gew\u00e4hrleistet das Bor-Unternehmensdirektorat Emet die Durchf\u00fchrung wichtiger Projekte und Aktivit\u00e4ten gem\u00e4\u00df anspruchsvoller Qualit\u00e4ts-, Umwelt-, Energie- und Arbeitsschutzmanagementsysteme, mit akkreditierten Laboratorien und unter Einhaltung aller einschl\u00e4gigen Umweltvorschriften.\u00a0 Das Bor-Unternehmensdirektorat Emet stellt innovative, effiziente, profitable und nachhaltige Borate nach internationalen Standards her und beweist dabei ausgepr\u00e4gtes Engagement f\u00fcr Natur- und Umweltschutz \u2013 nicht zuletzt die Aufforstungsma\u00dfnahmen bei bestehenden Bergwerken zeigen, welche Priorit\u00e4t das Unternehmen dem Umweltbewusstsein beimisst.<\/p>\n<p>Aus dem gr\u00f6\u00dften Colemanitvorkommen der Welt produziert das Bor-Unternehmensdirektorat Emet Bor, Bors\u00e4ure, konzentriertes Colemanit und Eticol-Keramik. Ein Teil der Produkte wird vor Ort in Emet verarbeitet, ein Teil wird an das Unternehmensgeneraldirektorat Bor- und S\u00e4urewerke Band\u0131rma (Bal\u0131kesir) gesandt, die heute in der T\u00fcrkei als logistische Zentrale f\u00fcr Borate fungieren.<\/p>\n","protected":false},"excerpt":{"rendered":"<p>&nbsp; Das Bor-Unternehmensdirektorat Emet in der Provinz K\u00fctahya wurde 1958 gegr\u00fcndet. In zwei Tagebau-Gruben \u2013\u00a0Hisarc\u0131k und Espey\u00a0\u2013 wird hier Colemanit-Erz abgebaut. Diese weltweit gr\u00f6\u00dfte und wichtigste Colemanit-Lagerst\u00e4tte um Hisarc\u0131k und Espey macht rund 40\u00a0% der weltweiten Reserven und 55\u00a0% der Reserven in der T\u00fcrkei aus. In den integrierten Anlagen des Direktorats wird das abgebaute Bor-&#8230;<\/p>\n","protected":false},"author":3,"featured_media":1828,"parent":0,"menu_order":0,"comment_status":"closed","ping_status":"closed","template":"page-global.php","meta":[],"_links":{"self":[{"href":"https:\/\/www.etiproducts.com\/de\/index.php?rest_route=\/wp\/v2\/pages\/385"}],"collection":[{"href":"https:\/\/www.etiproducts.com\/de\/index.php?rest_route=\/wp\/v2\/pages"}],"about":[{"href":"https:\/\/www.etiproducts.com\/de\/index.php?rest_route=\/wp\/v2\/types\/page"}],"author":[{"embeddable":true,"href":"https:\/\/www.etiproducts.com\/de\/index.php?rest_route=\/wp\/v2\/users\/3"}],"replies":[{"embeddable":true,"href":"https:\/\/www.etiproducts.com\/de\/index.php?rest_route=%2Fwp%2Fv2%2Fcomments&post=385"}],"version-history":[{"count":13,"href":"https:\/\/www.etiproducts.com\/de\/index.php?rest_route=\/wp\/v2\/pages\/385\/revisions"}],"predecessor-version":[{"id":2413,"href":"https:\/\/www.etiproducts.com\/de\/index.php?rest_route=\/wp\/v2\/pages\/385\/revisions\/2413"}],"wp:featuredmedia":[{"embeddable":true,"href":"https:\/\/www.etiproducts.com\/de\/index.php?rest_route=\/wp\/v2\/media\/1828"}],"wp:attachment":[{"href":"https:\/\/www.etiproducts.com\/de\/index.php?rest_route=%2Fwp%2Fv2%2Fmedia&parent=385"}],"curies":[{"name":"wp","href":"https:\/\/api.w.org\/{rel}","templated":true}]}}