{"id":461,"date":"2017-12-29T19:54:52","date_gmt":"2017-12-29T16:54:52","guid":{"rendered":"http:\/\/bestimagedemo.com\/etimine\/?page_id=461"},"modified":"2019-02-07T15:43:37","modified_gmt":"2019-02-07T12:43:37","slug":"temizlik","status":"publish","type":"page","link":"https:\/\/www.etiproducts.com\/de\/?page_id=461","title":{"rendered":"Reinigung"},"content":{"rendered":"<p>Moderne Waschmittel auf Basis petrochemischer Produkte verf\u00fcgen \u00fcber eine Vielzahl von Inhaltsstoffen. Zu den wichtigsten dieser Stoffe z\u00e4hlen:<\/p>\n<ul>\n<li>Tenside<\/li>\n<li>Ger\u00fcststoffe<\/li>\n<li>Bleichmittel<\/li>\n<\/ul>\n<p>Aktiver Sauerstoff und Chlor sind zwei wichtige Bestandteile von Reinigungsmitteln, die als Bleichmittel fungieren. Und die Inhaltsstoffe, die in diesen Gemischen den aktiven Sauerstoff liefern, sind Natriumperborat und Natriumpercarbonat. Die Hauptquelle f\u00fcr das Chlor ist Natriumhypochlorit.<\/p>\n<p>Borverbindungen werden als nat\u00fcrliche Reinigungsmittel schon seit dem 19.\u00a0Jahrhundert verwendet. Ohne die Anwendung chemischer Verfahren, lediglich mit einem physikalischen Verfahren, wird aus dem abgebauten borhaltigen Boden Borax gewonnen. Borax ist eine nat\u00fcrliche Verbindung aus Natrium, Wasser, Sauerstoff und Bor. Borate haben gleich mehrere Eigenschaften, denen sie ihre wichtige Rolle im Reinigungsmittelsektor verdanken \u2013 sie f\u00f6rdern Fleckenentfernung und den Bleichvorgang, stabilisieren Enzyme, puffern Laugen, enth\u00e4rten Wasser und steigern die Leistungsf\u00e4higkeit von Substanzen, die als Tenside verwendet werden. In F&amp;E-Studien wird aktuell untersucht, wie man diese Eigenschaften in diesem Sektor noch besser aussch\u00f6pfen kann. Im Vergleich zu Detergenzien aus Erd\u00f6lderivaten mit ihren negativen Auswirkungen auf die menschliche Gesundheit und die Umwelt \u00fcberzeugt Borax durch Nat\u00fcrlichkeit.<\/p>\n<p>Borate werden in vielen verschiedenen Arten von Wasch- und Reinigungsmitteln, Haushalts- und Industriereinigern sowie K\u00f6rperpflegeprodukten verwendet.<\/p>\n<p>Borate und Perborate als Inhaltsstoffe von Reinigungsmitteln haben unter anderem folgende Vorteile:<\/p>\n<ul>\n<li>Alkalische Pufferung und Einstellung des pH-Werts<\/li>\n<li>Wasserenth\u00e4rtung (Bildung eines komplexen l\u00f6slichen Calciumkomplexes)<\/li>\n<li>Wirkungsverbesserung oberfl\u00e4chenaktiver Substanzen<\/li>\n<li>Vorbeugung gegen erneute Schmutzanlagerung an Oberfl\u00e4chen<\/li>\n<li>Bleichende Wirkung (Perborate)<\/li>\n<li>Enzymstabilisierung<\/li>\n<li>Vorbeugung von Bakterien- und Pilzwachstum in K\u00f6rperpflegeprodukten<\/li>\n<\/ul>\n<p>Eti Maden hat derzeit vier Produktvarianten auf dem Markt: das Bor-Reinigungsmittel Etimatik, das Produkt f\u00fcr Wei\u00dfw\u00e4sche, das Produkt f\u00fcr Buntw\u00e4sche sowie das Produkt f\u00fcr Vorh\u00e4nge.<\/p>\n","protected":false},"excerpt":{"rendered":"<p>Moderne Waschmittel auf Basis petrochemischer Produkte verf\u00fcgen \u00fcber eine Vielzahl von Inhaltsstoffen. Zu den wichtigsten dieser Stoffe z\u00e4hlen: Tenside Ger\u00fcststoffe Bleichmittel Aktiver Sauerstoff und Chlor sind zwei wichtige Bestandteile von Reinigungsmitteln, die als Bleichmittel fungieren. Und die Inhaltsstoffe, die in diesen Gemischen den aktiven Sauerstoff liefern, sind Natriumperborat und Natriumpercarbonat. Die Hauptquelle f\u00fcr das Chlor&#8230;<\/p>\n","protected":false},"author":3,"featured_media":1785,"parent":0,"menu_order":0,"comment_status":"closed","ping_status":"closed","template":"page-bor.php","meta":[],"_links":{"self":[{"href":"https:\/\/www.etiproducts.com\/de\/index.php?rest_route=\/wp\/v2\/pages\/461"}],"collection":[{"href":"https:\/\/www.etiproducts.com\/de\/index.php?rest_route=\/wp\/v2\/pages"}],"about":[{"href":"https:\/\/www.etiproducts.com\/de\/index.php?rest_route=\/wp\/v2\/types\/page"}],"author":[{"embeddable":true,"href":"https:\/\/www.etiproducts.com\/de\/index.php?rest_route=\/wp\/v2\/users\/3"}],"replies":[{"embeddable":true,"href":"https:\/\/www.etiproducts.com\/de\/index.php?rest_route=%2Fwp%2Fv2%2Fcomments&post=461"}],"version-history":[{"count":21,"href":"https:\/\/www.etiproducts.com\/de\/index.php?rest_route=\/wp\/v2\/pages\/461\/revisions"}],"predecessor-version":[{"id":2396,"href":"https:\/\/www.etiproducts.com\/de\/index.php?rest_route=\/wp\/v2\/pages\/461\/revisions\/2396"}],"wp:featuredmedia":[{"embeddable":true,"href":"https:\/\/www.etiproducts.com\/de\/index.php?rest_route=\/wp\/v2\/media\/1785"}],"wp:attachment":[{"href":"https:\/\/www.etiproducts.com\/de\/index.php?rest_route=%2Fwp%2Fv2%2Fmedia&parent=461"}],"curies":[{"name":"wp","href":"https:\/\/api.w.org\/{rel}","templated":true}]}}