{"id":463,"date":"2017-12-29T19:55:19","date_gmt":"2017-12-29T16:55:19","guid":{"rendered":"http:\/\/bestimagedemo.com\/etimine\/?page_id=463"},"modified":"2019-02-07T15:43:56","modified_gmt":"2019-02-07T12:43:56","slug":"metalurji","status":"publish","type":"page","link":"https:\/\/www.etiproducts.com\/de\/?page_id=463","title":{"rendered":"Metallurgie"},"content":{"rendered":"<p>Bei Schmelzprozessen im Rahmen des Eisenbergbaus und der Schrottverwertung entsteht Schlacke, eine pulverf\u00f6rmige Substanz, die es erm\u00f6glicht, in der T\u00fcrkei und weltweit Abfallmaterialien in der Eisen-Stahl-Industrie wiederzuverwenden. Schlacke ist ein Nebenprodukt, das keine Benetzungs- und Verdichtungsf\u00e4higkeit besitzt und Transport- und Lagerprobleme verursacht, weil es viel Raum einnimmt. Durch die Zugabe von Bor nimmt die Schlacke jedoch eine kompaktere Struktur an und wird dadurch besser handhabbar, was die Probleme bei Transport und Lagerung angeht. Mit Borzusatz hergestellte Schlacke ist umweltschonend und nicht gesundheitsgef\u00e4hrdend. Sie senkt Logistikkosten und tr\u00e4gt so zu Kosteneinsparungen bei.<\/p>\n<p>Bor spielt eine aktive Rolle in der Entstehung hochwertiger, hochproduktiver und nachhaltiger Produkte in verschiedenen Technologie- und Industriebereichen und nimmt dadurch einen wichtigen Platz in der Metallurgie und Materialindustrie ein. Bor zeichnet sich auch durch die F\u00e4higkeit aus, bei hohen Temperaturen eine glatte, haftende, sch\u00fctzende und nicht-entgratende Fl\u00fcssigkeit zu bilden. Borate verleihen den Produkten, in denen sie verarbeitet werden, Best\u00e4ndigkeit und eine lange Lebensdauer; insbesondere Stahl. Bor wird bei der Borierung bzw. elektrolytischen Beschichtung vieler Metalle eingesetzt, um harte und abriebfeste Oberfl\u00e4chen zu erzeugen.<\/p>\n<p>&nbsp;<\/p>\n<h2>Niedrige Kosten, hohe Leistung<\/h2>\n<p>Borate erm\u00f6glichen Einsparungen in der Produktion durch Minimierung der hohen Kosten. In der Stahlproduktion kann die Eisen-Bor-Legierung Ferrobor teurere Werkstoffe f\u00fcr die Stahlh\u00e4rtung ersetzen. Ein weiteres Anwendungsgebiet, in dem gute Ergebnisse erzielt werden, ist die Verbindung zweier Materialien im L\u00f6tverfahren.<\/p>\n<p>Industrie\u00f6le, die durch verschiedene physikalische und chemische Prozesse gewonnen werden, reduzieren mithilfe von Boraten Reibung und Verschlei\u00df in Industrieanlagen und Fahrzeugen. Sie verl\u00e4ngern so die Lebensdauer der Maschinen. Die hochtemperaturbest\u00e4ndigen Bor-\u00d6le verringern die Ger\u00e4uschentwicklung und mithin L\u00e4rmbel\u00e4stigung, indem sie daf\u00fcr sorgen, dass weniger Abrieb entsteht.<\/p>\n<p>Weitere Einsatzgebiete von Bor sind aerodynamische Anwendungen in der Raum- und Luftfahrt insbesondere bei Hochgeschwindigkeitsfl\u00fcgeln sowie verschiedenen Konzeptions- und Entwicklungsstadien von hochtemperaturbest\u00e4ndigen K\u00f6rpern.<\/p>\n","protected":false},"excerpt":{"rendered":"<p>Bei Schmelzprozessen im Rahmen des Eisenbergbaus und der Schrottverwertung entsteht Schlacke, eine pulverf\u00f6rmige Substanz, die es erm\u00f6glicht, in der T\u00fcrkei und weltweit Abfallmaterialien in der Eisen-Stahl-Industrie wiederzuverwenden. Schlacke ist ein Nebenprodukt, das keine Benetzungs- und Verdichtungsf\u00e4higkeit besitzt und Transport- und Lagerprobleme verursacht, weil es viel Raum einnimmt. Durch die Zugabe von Bor nimmt die Schlacke&#8230;<\/p>\n","protected":false},"author":3,"featured_media":1782,"parent":0,"menu_order":0,"comment_status":"closed","ping_status":"closed","template":"page-bor.php","meta":[],"_links":{"self":[{"href":"https:\/\/www.etiproducts.com\/de\/index.php?rest_route=\/wp\/v2\/pages\/463"}],"collection":[{"href":"https:\/\/www.etiproducts.com\/de\/index.php?rest_route=\/wp\/v2\/pages"}],"about":[{"href":"https:\/\/www.etiproducts.com\/de\/index.php?rest_route=\/wp\/v2\/types\/page"}],"author":[{"embeddable":true,"href":"https:\/\/www.etiproducts.com\/de\/index.php?rest_route=\/wp\/v2\/users\/3"}],"replies":[{"embeddable":true,"href":"https:\/\/www.etiproducts.com\/de\/index.php?rest_route=%2Fwp%2Fv2%2Fcomments&post=463"}],"version-history":[{"count":17,"href":"https:\/\/www.etiproducts.com\/de\/index.php?rest_route=\/wp\/v2\/pages\/463\/revisions"}],"predecessor-version":[{"id":2397,"href":"https:\/\/www.etiproducts.com\/de\/index.php?rest_route=\/wp\/v2\/pages\/463\/revisions\/2397"}],"wp:featuredmedia":[{"embeddable":true,"href":"https:\/\/www.etiproducts.com\/de\/index.php?rest_route=\/wp\/v2\/media\/1782"}],"wp:attachment":[{"href":"https:\/\/www.etiproducts.com\/de\/index.php?rest_route=%2Fwp%2Fv2%2Fmedia&parent=463"}],"curies":[{"name":"wp","href":"https:\/\/api.w.org\/{rel}","templated":true}]}}