{"id":464,"date":"2017-12-29T19:55:26","date_gmt":"2017-12-29T16:55:26","guid":{"rendered":"http:\/\/bestimagedemo.com\/etimine\/?page_id=464"},"modified":"2019-02-07T15:44:07","modified_gmt":"2019-02-07T12:44:07","slug":"seramik","status":"publish","type":"page","link":"https:\/\/www.etiproducts.com\/de\/?page_id=464","title":{"rendered":"Keramik"},"content":{"rendered":"<p>Das Prinzip der Keramikherstellung, eine Mischung aus Tonerde und kaolin\u00e4hnlichen Stoffen aus zerkleinertem Gestein bei hohen Temperaturen zu h\u00e4rten, ist der Menschheit seit langer Zeit bekannt. Durch Zugabe von Boraten l\u00e4sst sich die Struktur so ver\u00e4ndern, dass die Keramik widerstandsf\u00e4higer gegen physikalische Einwirkungen und Chemikalien ist. Etwa 13\u00a0% des weltweiten Borverbrauchs entfallen auf den Keramiksektor. Durch den Einsatz von Bor in der Keramikglasur- und Emaille-Produktion erh\u00e4lt man Produkte, die gegen Hitze, Chemikalien und physikalische Einfl\u00fcsse best\u00e4ndig sind. Hochwertige Emaillen mit Boratzusatz werden in der Regel zur Beschichtung von Produkten mit Metalllegierungen bevorzugt und Glasuren zur Beschichtung von Keramikprodukten.<\/p>\n<p>Borhaltige Keramik wird h\u00e4ufig als Material am Bau sowie f\u00fcr K\u00fcchen- und Dekorationsartikel verwendet und ist somit im industriellen Bereich ebenso wie im t\u00e4glichen Leben weit verbreitet. Eine d\u00fcnner Film aus borhaltiger Glasur verleiht keramischen Produkte wie z.\u00a0B. Essgeschirr, Fliesen oder Dekorationsobjekten im Badezimmer ein glatteres Aussehen. Bormaterialien werden in keramischen Produkten verwendet, die der Nachfrage nach gro\u00dfen Oberfl\u00e4chen bei Wandfliesen entsprechen. Silica- und Aluminiumoxidmaterialien k\u00f6nnen bei hohen Temperaturen gebrannt werden, um eine Glasur herzustellen. Da die hierf\u00fcr ben\u00f6tige Hitze jedoch technisch aufwendig und teuer zu erzeugen ist, wird Bor verwendet, um den Prozess wirtschaftlicher und einfacher zu machen. An dieser Stelle tragen Borate mit ihrer niedrigen Schmelztemperatur unmittelbar zur Herstellung von keramischen Produkten bei, die kosteng\u00fcnstig und langlebig zugleich sind.<\/p>\n<p>&nbsp;<\/p>\n<h2>Keramik auf neuem Qualit\u00e4tsniveau dank Bor<\/h2>\n<p>Bor besitzt ausgepr\u00e4gte Schmelz- und Bindungseigenschaften, reduziert die Flie\u00dff\u00e4higkeit und Oberfl\u00e4chenspannung von Glas und erh\u00f6ht so die Best\u00e4ndigkeit von Keramik gegen\u00fcber physikalischen und chemischen Einwirkungen. Im Hinblick auf die optische Attraktivit\u00e4t von Keramik tr\u00e4gt es zu lebendigeren und kr\u00e4ftigeren Farben bei, indem es daf\u00fcr sorgt, dass die Farbe besser haftet. Bei keramischen Produkten, deren Kratz-, Sprung- und Bruchbest\u00e4ndigkeit mit Bor erh\u00f6ht wurde, treten Schmelzen und Verkleben bei niedrigeren Temperaturen auf.<\/p>\n","protected":false},"excerpt":{"rendered":"<p>Das Prinzip der Keramikherstellung, eine Mischung aus Tonerde und kaolin\u00e4hnlichen Stoffen aus zerkleinertem Gestein bei hohen Temperaturen zu h\u00e4rten, ist der Menschheit seit langer Zeit bekannt. Durch Zugabe von Boraten l\u00e4sst sich die Struktur so ver\u00e4ndern, dass die Keramik widerstandsf\u00e4higer gegen physikalische Einwirkungen und Chemikalien ist. Etwa 13\u00a0% des weltweiten Borverbrauchs entfallen auf den Keramiksektor&#8230;.<\/p>\n","protected":false},"author":3,"featured_media":610,"parent":0,"menu_order":0,"comment_status":"closed","ping_status":"closed","template":"page-bor.php","meta":[],"_links":{"self":[{"href":"https:\/\/www.etiproducts.com\/de\/index.php?rest_route=\/wp\/v2\/pages\/464"}],"collection":[{"href":"https:\/\/www.etiproducts.com\/de\/index.php?rest_route=\/wp\/v2\/pages"}],"about":[{"href":"https:\/\/www.etiproducts.com\/de\/index.php?rest_route=\/wp\/v2\/types\/page"}],"author":[{"embeddable":true,"href":"https:\/\/www.etiproducts.com\/de\/index.php?rest_route=\/wp\/v2\/users\/3"}],"replies":[{"embeddable":true,"href":"https:\/\/www.etiproducts.com\/de\/index.php?rest_route=%2Fwp%2Fv2%2Fcomments&post=464"}],"version-history":[{"count":15,"href":"https:\/\/www.etiproducts.com\/de\/index.php?rest_route=\/wp\/v2\/pages\/464\/revisions"}],"predecessor-version":[{"id":2398,"href":"https:\/\/www.etiproducts.com\/de\/index.php?rest_route=\/wp\/v2\/pages\/464\/revisions\/2398"}],"wp:featuredmedia":[{"embeddable":true,"href":"https:\/\/www.etiproducts.com\/de\/index.php?rest_route=\/wp\/v2\/media\/610"}],"wp:attachment":[{"href":"https:\/\/www.etiproducts.com\/de\/index.php?rest_route=%2Fwp%2Fv2%2Fmedia&parent=464"}],"curies":[{"name":"wp","href":"https:\/\/api.w.org\/{rel}","templated":true}]}}