{"id":465,"date":"2017-12-29T19:55:34","date_gmt":"2017-12-29T16:55:34","guid":{"rendered":"http:\/\/bestimagedemo.com\/etimine\/?page_id=465"},"modified":"2019-02-07T15:44:25","modified_gmt":"2019-02-07T12:44:25","slug":"ahsap-koruma","status":"publish","type":"page","link":"https:\/\/www.etiproducts.com\/de\/?page_id=465","title":{"rendered":"Holzschutz"},"content":{"rendered":"<p>Borverbindungen werden in der t\u00fcrkischen und weltweiten Holzschutzindustrie h\u00e4ufig verwendet. Chemische Holzschutzmittel, deren Nutzung aufgrund der umfassenden toxischen chemischen Wirkungen in vielen europ\u00e4ischen L\u00e4ndern eingeschr\u00e4nkt ist, werden zunehmend durch borhaltige Mittel verdr\u00e4ngt, die schonender f\u00fcr die Gesundheit und die Umwelt sind. Mit Borverbindungen hergestellte Holzschutzprodukte sind best\u00e4ndig gegen sch\u00e4dliche biologische Einfl\u00fcsse, gut wasserl\u00f6slich und einfach aufzutragen.<\/p>\n<h2>Borhaltige Holzschutzmittel sind leicht aufzutragen<\/h2>\n<p>Ohne teuren technischen Aufwand werden Holzmaterialien und -produkte mit einfachen Tauch-, Tr\u00e4nk-, Streich-, Spr\u00fch-, Unter- oder \u00dcberdrucksystemen mit Borverbindungen impr\u00e4gniert. Borverbindungen kr\u00e4ftigen das Holz, verl\u00e4ngern seine Lebens- und Nutzungsdauer und sparen dadurch Kosten. Da sie au\u00dferdem im Vergleich zu anderen Holzschutzprodukten im Brandfall die Intensit\u00e4t der Flammen auf ein Minimum reduzieren, minimieren sie auch das Ausma\u00df der entstehenden Sch\u00e4den und erh\u00f6hen die Sicherheit im Umfeld. Wenn Holz hohen Temperaturen ausgesetzt ist, verkohlt es, wobei rasch Wasser aus den \u00e4u\u00dferen Schichten austritt. Durch die Behandlung mit Bor wird die Weiterleitung der W\u00e4rme von den verkohlten \u00e4u\u00dferen Schichten ins Innere ebenso verlangsamt wie die Verbrennung. Dies tr\u00e4gt dazu bei, im Brandfall Zeit zu gewinnen und Personen- und Sachsch\u00e4den so gering wie m\u00f6glich zu halten. Aufgrund seiner L\u00f6slichkeit in Wasser und in feuchten Umgebungen kann das Borprodukt in Form von Dr\u00e4hten oder Stangen in Bohrl\u00f6cher ins gesch\u00fctzte oder ungesch\u00fctzte Holz eingef\u00fchrt werden, um sich dort nach wasser- oder feuchtigkeitsbedingter Aufl\u00f6sung zu verteilen.<\/p>\n<h2>Umweltfreundlicher Holzschutz mit Bor<\/h2>\n<p>G\u00e4ngige Holzbeschichtungen werden durch den Einsatz von Bor zu qualitativ hochwertigen, umweltschonenden Produkten mit langer Lebens- und Nutzungsdauer, die das \u00f6kologische Gleichgewicht nicht st\u00f6ren. Bor in Holzschutzmitteln birgt keine Gefahren f\u00fcr die Gesundheit von Mensch und Tier. Es verhindert die Besiedelung von Holz mit sch\u00e4dlichen Organismen. Es sch\u00fctzt sowohl vor Pilzbefall als auch vor Insekten, Termiten und Wassersch\u00e4dlingen. So gew\u00e4hrleisten Borprodukte einen lang anhaltenden, umwelt- und gesundheitsschonenden Holzschutz.<\/p>\n<p>Dadurch, dass borhaltige Holzbeschichtungen den behandelten Produkten Best\u00e4ndigkeit und Langlebigkeit verleihen und so ihre instandhaltungsfreie Nutzungsdauer verl\u00e4ngern, tragen sie auch zum Schutz der W\u00e4lder und zur Senkung des Baumverbrauchs bei \u2013 und all das zu niedrigen Kosten.<\/p>\n","protected":false},"excerpt":{"rendered":"<p>Borverbindungen werden in der t\u00fcrkischen und weltweiten Holzschutzindustrie h\u00e4ufig verwendet. Chemische Holzschutzmittel, deren Nutzung aufgrund der umfassenden toxischen chemischen Wirkungen in vielen europ\u00e4ischen L\u00e4ndern eingeschr\u00e4nkt ist, werden zunehmend durch borhaltige Mittel verdr\u00e4ngt, die schonender f\u00fcr die Gesundheit und die Umwelt sind. Mit Borverbindungen hergestellte Holzschutzprodukte sind best\u00e4ndig gegen sch\u00e4dliche biologische Einfl\u00fcsse, gut wasserl\u00f6slich und einfach&#8230;<\/p>\n","protected":false},"author":3,"featured_media":1787,"parent":0,"menu_order":0,"comment_status":"closed","ping_status":"closed","template":"page-bor.php","meta":[],"_links":{"self":[{"href":"https:\/\/www.etiproducts.com\/de\/index.php?rest_route=\/wp\/v2\/pages\/465"}],"collection":[{"href":"https:\/\/www.etiproducts.com\/de\/index.php?rest_route=\/wp\/v2\/pages"}],"about":[{"href":"https:\/\/www.etiproducts.com\/de\/index.php?rest_route=\/wp\/v2\/types\/page"}],"author":[{"embeddable":true,"href":"https:\/\/www.etiproducts.com\/de\/index.php?rest_route=\/wp\/v2\/users\/3"}],"replies":[{"embeddable":true,"href":"https:\/\/www.etiproducts.com\/de\/index.php?rest_route=%2Fwp%2Fv2%2Fcomments&post=465"}],"version-history":[{"count":12,"href":"https:\/\/www.etiproducts.com\/de\/index.php?rest_route=\/wp\/v2\/pages\/465\/revisions"}],"predecessor-version":[{"id":2399,"href":"https:\/\/www.etiproducts.com\/de\/index.php?rest_route=\/wp\/v2\/pages\/465\/revisions\/2399"}],"wp:featuredmedia":[{"embeddable":true,"href":"https:\/\/www.etiproducts.com\/de\/index.php?rest_route=\/wp\/v2\/media\/1787"}],"wp:attachment":[{"href":"https:\/\/www.etiproducts.com\/de\/index.php?rest_route=%2Fwp%2Fv2%2Fmedia&parent=465"}],"curies":[{"name":"wp","href":"https:\/\/api.w.org\/{rel}","templated":true}]}}