{"id":467,"date":"2017-12-29T19:55:51","date_gmt":"2017-12-29T16:55:51","guid":{"rendered":"http:\/\/bestimagedemo.com\/etimine\/?page_id=467"},"modified":"2019-02-07T15:45:16","modified_gmt":"2019-02-07T12:45:16","slug":"yalitim","status":"publish","type":"page","link":"https:\/\/www.etiproducts.com\/de\/?page_id=467","title":{"rendered":"D\u00e4mmung"},"content":{"rendered":"<p>D\u00e4mmstoffe f\u00fcr die W\u00e4rme-, Schall- und Brandschutzisolierung werden aus nat\u00fcrlichen Materialien hergestellt. Borhaltige D\u00e4mmstoffe aus einem Gemisch aus Zellulose und Boratzusatz sind besonders leistungsf\u00e4hig und langlebig und werden deshalb h\u00e4ufig in geschlossenen Bereichen verwendet. Sie sind umweltvertr\u00e4glich und erm\u00f6glichen Energieeinsparungen in Innenr\u00e4umen, indem sie durch ihre hohe Isolierkraft den W\u00e4rmeaustausch reduzieren. Sie sind in keiner Weise gesundheitssch\u00e4dlich und lassen sich leicht auf Oberfl\u00e4chen aller Art aufbringen. So tragen sie zu h\u00f6chstem Raumkomfort bei. D\u00e4mmstoffe mit Bor und borhaltigen Produkten schaffen eine kostensparende, langlebige und wirkungsstarke D\u00e4mmung.<\/p>\n<p>Auch f\u00fcr die Schalld\u00e4mmung sind Borate wichtige Rohstoffe \u2013 in Bereichen wie Musikstudios oder Auff\u00fchrungss\u00e4len optimieren die D\u00e4mmstoffe die Akustik im Innern und minimieren St\u00f6rger\u00e4usche von au\u00dfen und schaffen so hervorragende Raumverh\u00e4ltnisse. Neben der W\u00e4rme- und Schallisolierung wirken borhaltige D\u00e4mmstoffe auch feuerisolierend \u2013 sie hemmen im Brandfall die Flammenausbreitung, indem sie verhindern, dass der Raum mit Sauerstoff versorgt wird. Sie reduzieren die Rauchentwicklung auf ein Minimum und verz\u00f6gern die Freisetzung von gesundheitssch\u00e4dlichen Gasen. Borhaltige Feuerisolationsmaterialien werden in der Textilindustrie und in vielen anderen Bereichen verwendet, die mit brand- und explosionsgef\u00e4hrdeten Produkten arbeiten. D\u00e4mmstoffe mit Bor sind umweltschonend und sorgen f\u00fcr Sicherheit und Komfort auf h\u00f6chstem Niveau in ihrem jeweiligen Einsatzbereich.<\/p>\n<h2><strong>Niedrige Kosten, wirksame D\u00e4mmung<\/strong><\/h2>\n<p>Die preiswerten und langlebigen Bor-D\u00e4mmstoffe werden aus nat\u00fcrlichen Rohstoffen hergestellt. Sie sind staub-, hitze- und wasserbest\u00e4ndig und unempfindlich gegen\u00fcber Sch\u00e4digung durch Insekten und Nagetiere. Dank ihrer chemikalienfreien Zusammensetzung wirken sie nicht krebserzeugend. Als stabiles und langlebiges Verbrauchsgut sind sie unempfindlich gegen\u00fcber Rost, Metallkorrosion und andere Formen der Sch\u00e4digung. Sie machen Innenr\u00e4ume auf budgetfreundliche Weise sicherer und komfortabler, indem sie f\u00fcr W\u00e4rme-, Schall- und Brandschutzisolierung zugleich sorgen.<\/p>\n","protected":false},"excerpt":{"rendered":"<p>D\u00e4mmstoffe f\u00fcr die W\u00e4rme-, Schall- und Brandschutzisolierung werden aus nat\u00fcrlichen Materialien hergestellt. Borhaltige D\u00e4mmstoffe aus einem Gemisch aus Zellulose und Boratzusatz sind besonders leistungsf\u00e4hig und langlebig und werden deshalb h\u00e4ufig in geschlossenen Bereichen verwendet. Sie sind umweltvertr\u00e4glich und erm\u00f6glichen Energieeinsparungen in Innenr\u00e4umen, indem sie durch ihre hohe Isolierkraft den W\u00e4rmeaustausch reduzieren. Sie sind in keiner&#8230;<\/p>\n","protected":false},"author":3,"featured_media":1786,"parent":0,"menu_order":0,"comment_status":"closed","ping_status":"closed","template":"page-bor.php","meta":[],"_links":{"self":[{"href":"https:\/\/www.etiproducts.com\/de\/index.php?rest_route=\/wp\/v2\/pages\/467"}],"collection":[{"href":"https:\/\/www.etiproducts.com\/de\/index.php?rest_route=\/wp\/v2\/pages"}],"about":[{"href":"https:\/\/www.etiproducts.com\/de\/index.php?rest_route=\/wp\/v2\/types\/page"}],"author":[{"embeddable":true,"href":"https:\/\/www.etiproducts.com\/de\/index.php?rest_route=\/wp\/v2\/users\/3"}],"replies":[{"embeddable":true,"href":"https:\/\/www.etiproducts.com\/de\/index.php?rest_route=%2Fwp%2Fv2%2Fcomments&post=467"}],"version-history":[{"count":16,"href":"https:\/\/www.etiproducts.com\/de\/index.php?rest_route=\/wp\/v2\/pages\/467\/revisions"}],"predecessor-version":[{"id":2401,"href":"https:\/\/www.etiproducts.com\/de\/index.php?rest_route=\/wp\/v2\/pages\/467\/revisions\/2401"}],"wp:featuredmedia":[{"embeddable":true,"href":"https:\/\/www.etiproducts.com\/de\/index.php?rest_route=\/wp\/v2\/media\/1786"}],"wp:attachment":[{"href":"https:\/\/www.etiproducts.com\/de\/index.php?rest_route=%2Fwp%2Fv2%2Fmedia&parent=467"}],"curies":[{"name":"wp","href":"https:\/\/api.w.org\/{rel}","templated":true}]}}