{"id":470,"date":"2017-12-29T19:56:17","date_gmt":"2017-12-29T16:56:17","guid":{"rendered":"http:\/\/bestimagedemo.com\/etimine\/?page_id=470"},"modified":"2019-02-07T15:46:14","modified_gmt":"2019-02-07T12:46:14","slug":"enerji-2","status":"publish","type":"page","link":"https:\/\/www.etiproducts.com\/de\/?page_id=470","title":{"rendered":"Energie"},"content":{"rendered":"<p>Da der weltweite Energiebedarf stetig steigt, w\u00e4hrend die Vorr\u00e4te an fossilen Brennstoffen wie Kohle und \u00d6l immer knapper werden, wird nach alternativen Energiequellen gesucht. Der st\u00e4ndige technische Fortschritt und die unabl\u00e4ssig wachsende Weltbev\u00f6lkerung lassen den Energiebedarf immer weiter wachsen. Deshalb ist die Erforschung neuer Energiequellen und -gewinnungsverfahren heute so wichtig. Abbau und Verbrauch von Prim\u00e4renergietr\u00e4gern sind sch\u00e4dlich f\u00fcr Tiere, Pflanzen und die Umwelt, f\u00fcr die menschliche Gesundheit und f\u00fcr die Wirtschaft auf nationaler und internationaler Ebene. Der Energiebedarf der Zukunft kann durch den effektiven Beitrag von Borprodukten auf nachhaltige und erneuerbare Weise gedeckt werden; sie spielen eine wichtige Rolle f\u00fcr umweltfreundlichere Alternativen im Energiesektor.<\/p>\n<h2><strong>Energiequellen besser nutzen mit Bor<\/strong><\/h2>\n<p>Brennstoffzellen, die Wasserstoff in elektrische Energie umwandeln, gelten als wichtige Energiequellen der Zukunft und sind Gegenstand umfassender Forschungsarbeiten. Aktuelle F&amp;E-Studien zum Thema widmen sich der weiteren Verbesserung der Produktion, Verteilung, Lagerung und Technologie der Brennstoffzellen, der Systemintegration in den verschiedenen Einsatzbereichen etc. Bor erm\u00f6glicht hierbei die hocheffiziente Nutzung der Wasserstoffenergie und ist einer wichtigsten Rohstoffe f\u00fcr die Entwicklung von Natriumborhydrid-Brennstoffzellen. Dar\u00fcber hinaus findet Natriumborhydrid Anwendung in Reinigungschemikalien, beim Zellstoffbleichen, zur Reinigung von Metalloberfl\u00e4chen, zur Edelmetall-R\u00fcckgewinnung bei der Metalloberfl\u00e4chenbehandlung und zur Entfernung von Schwermetallen aus Abw\u00e4ssern.<\/p>\n<h2><strong>Der Beitrag von Bor zur Energie der Zukunft<\/strong><\/h2>\n<p>Bor spielt eine wichtige Rolle bei der Entwicklung nachhaltiger und hocheffizienter Energiequellen f\u00fcr die Zukunft; in Form von Natriumborhydrid mit seiner erneuerbaren Struktur ist es von gro\u00dfem Wert f\u00fcr den Energiesektor. Natriumborhydrid findet Anwendung unter anderem in elektronischen Ger\u00e4ten, Fahrzeugen und Elektrizit\u00e4ts-\/Heizkraftwerken sowie Brennstoffzellen f\u00fcr milit\u00e4rische und zivile Zwecke. Es zeichnet sich dadurch aus, dass es bis zu 10,8\u00a0% Wasserstoff speichern kann, weder entflammbar noch explosiv ist und die Wasserstoffabgabereaktion kontrolliert werden kann.<\/p>\n<p>Die Weiterentwicklung der Technologie zur Herstellung von Natriumborhydrid, das zu den wichtigen Rohstoffen f\u00fcr die sich derzeit in F&amp;E-Stadien befindliche Wasserstoffspeicherungstechnologie z\u00e4hlt, ist sehr wichtig f\u00fcr die effiziente Nutzung von Bor, den wertvollsten Bodenschatz der T\u00fcrkei, der von Eti Maden abgebaut und verarbeitet wird.<\/p>\n","protected":false},"excerpt":{"rendered":"<p>Da der weltweite Energiebedarf stetig steigt, w\u00e4hrend die Vorr\u00e4te an fossilen Brennstoffen wie Kohle und \u00d6l immer knapper werden, wird nach alternativen Energiequellen gesucht. Der st\u00e4ndige technische Fortschritt und die unabl\u00e4ssig wachsende Weltbev\u00f6lkerung lassen den Energiebedarf immer weiter wachsen. Deshalb ist die Erforschung neuer Energiequellen und -gewinnungsverfahren heute so wichtig. Abbau und Verbrauch von Prim\u00e4renergietr\u00e4gern&#8230;<\/p>\n","protected":false},"author":3,"featured_media":1789,"parent":0,"menu_order":0,"comment_status":"closed","ping_status":"closed","template":"page-bor.php","meta":[],"_links":{"self":[{"href":"https:\/\/www.etiproducts.com\/de\/index.php?rest_route=\/wp\/v2\/pages\/470"}],"collection":[{"href":"https:\/\/www.etiproducts.com\/de\/index.php?rest_route=\/wp\/v2\/pages"}],"about":[{"href":"https:\/\/www.etiproducts.com\/de\/index.php?rest_route=\/wp\/v2\/types\/page"}],"author":[{"embeddable":true,"href":"https:\/\/www.etiproducts.com\/de\/index.php?rest_route=\/wp\/v2\/users\/3"}],"replies":[{"embeddable":true,"href":"https:\/\/www.etiproducts.com\/de\/index.php?rest_route=%2Fwp%2Fv2%2Fcomments&post=470"}],"version-history":[{"count":12,"href":"https:\/\/www.etiproducts.com\/de\/index.php?rest_route=\/wp\/v2\/pages\/470\/revisions"}],"predecessor-version":[{"id":2404,"href":"https:\/\/www.etiproducts.com\/de\/index.php?rest_route=\/wp\/v2\/pages\/470\/revisions\/2404"}],"wp:featuredmedia":[{"embeddable":true,"href":"https:\/\/www.etiproducts.com\/de\/index.php?rest_route=\/wp\/v2\/media\/1789"}],"wp:attachment":[{"href":"https:\/\/www.etiproducts.com\/de\/index.php?rest_route=%2Fwp%2Fv2%2Fmedia&parent=470"}],"curies":[{"name":"wp","href":"https:\/\/api.w.org\/{rel}","templated":true}]}}