{"id":547,"date":"2017-12-29T20:33:23","date_gmt":"2017-12-29T17:33:23","guid":{"rendered":"http:\/\/bestimagedemo.com\/etimine\/?page_id=547"},"modified":"2019-02-07T15:46:28","modified_gmt":"2019-02-07T12:46:28","slug":"diger","status":"publish","type":"page","link":"https:\/\/www.etiproducts.com\/de\/?page_id=547","title":{"rendered":"Weitere Anwendungsgebiete"},"content":{"rendered":"<p>Borhaltige Stoffe, die von Eti Maden zu Produkten mit hohem Mehrwert verarbeitet werden, werden in einem breiten Spektrum von Bereichen verwendet und in F&amp;E-Studien untersucht. Borate werden in der Baustoff- und Zementindustrie zur Verst\u00e4rkung sowie in D\u00e4mmstoffen zur Isolierung eingesetzt. Borhaltige D\u00e4mmstoffe haben eine robustere und hitzebest\u00e4ndigere Struktur; Bor macht die Produkte leichter und kosteng\u00fcnstiger.<\/p>\n<p>Im Nuklearsektor werden Borst\u00e4hle, Borcarbide und Titan-Bor-Legierungen intensiv in Atomreaktoren genutzt. Borstahl ist neutronenabsorbierend und sehr rostbest\u00e4ndig. Jeweils etwa ein Boratom absorbiert ein Neutron. Borate werden in Atomreaktoren f\u00fcr die Kontrollsysteme und Abklingbecken sowie das Notabschaltungssystem verwendet. Colemanit kommt bei der Lagerung nuklearer Abf\u00e4lle zum Einsatz.<\/p>\n<p>In der Automobilindustrie wird Bor in Airbags und in Frostschutzmitteln verwendet; es tr\u00e4gt dazu bei, die schnelle Aufbl\u00e4hung der Airbags sicherzustellen. Beim Aufprall aktiviert ein elektronischer Sensor ein Gemisch aus elementarem Bor und Kaliumnitrat.<\/p>\n<p>Raketen- und Flugzeugtreibstoffe enthalten ebenfalls h\u00e4ufig Bor und borhaltige Produkte. Sie werden in Spezialanwendungen als Kraftstoffadditive eingesetzt.<\/p>\n<p>Borhaltige Produkte r\u00fccken auch in der Nanotechnologie-Industrie in den Vordergrund, dank ihrer sch\u00fctzenden und die Best\u00e4ndigkeit verbessernden Eigenschaften bei der Nanobeschichtung.<\/p>\n<p>Auf dem Gebiet der Fest- und Zellbrennstoffe gibt es derzeit F&amp;E-Studien zu Brennstoffzellen mit Natriumborhydrid als Energiequelle. Wasserstoff liegt in den chemischen Bindungen des Natriumborhydrids vor und wird vom Katalysator freigesetzt. Das Grundprinzip der Produktion ist hierbei die Reaktion von Wasser mit Borax. Der bei dieser Reaktion entstehende Wasserstoff kann direkt einem internen Verbrennungsmotor zugef\u00fchrt werden oder aber in Brennstoffzellen genutzt werden.<\/p>\n<p>Dar\u00fcber hinaus werden Borprodukte in einer Vielzahl von Bereichen genutzt, von der Faseroptik-, der Kosmetik-, der Gummi- und der Kunststoffindustrie \u00fcber Feuerwerksk\u00f6rper und \u00e4hnliche explosive Substanzen bis hin zu Fotografie, \u00d6lfarben, Sandpapier und Schleifmittel, Verbundwerkstoffe, magnetische Vorrichtungen, Hochtechnologieforschung und Mumifizierung.<\/p>\n","protected":false},"excerpt":{"rendered":"<p>Borhaltige Stoffe, die von Eti Maden zu Produkten mit hohem Mehrwert verarbeitet werden, werden in einem breiten Spektrum von Bereichen verwendet und in F&amp;E-Studien untersucht. Borate werden in der Baustoff- und Zementindustrie zur Verst\u00e4rkung sowie in D\u00e4mmstoffen zur Isolierung eingesetzt. Borhaltige D\u00e4mmstoffe haben eine robustere und hitzebest\u00e4ndigere Struktur; Bor macht die Produkte leichter und kosteng\u00fcnstiger&#8230;.<\/p>\n","protected":false},"author":3,"featured_media":1790,"parent":0,"menu_order":0,"comment_status":"closed","ping_status":"closed","template":"page-bor.php","meta":[],"_links":{"self":[{"href":"https:\/\/www.etiproducts.com\/de\/index.php?rest_route=\/wp\/v2\/pages\/547"}],"collection":[{"href":"https:\/\/www.etiproducts.com\/de\/index.php?rest_route=\/wp\/v2\/pages"}],"about":[{"href":"https:\/\/www.etiproducts.com\/de\/index.php?rest_route=\/wp\/v2\/types\/page"}],"author":[{"embeddable":true,"href":"https:\/\/www.etiproducts.com\/de\/index.php?rest_route=\/wp\/v2\/users\/3"}],"replies":[{"embeddable":true,"href":"https:\/\/www.etiproducts.com\/de\/index.php?rest_route=%2Fwp%2Fv2%2Fcomments&post=547"}],"version-history":[{"count":13,"href":"https:\/\/www.etiproducts.com\/de\/index.php?rest_route=\/wp\/v2\/pages\/547\/revisions"}],"predecessor-version":[{"id":2405,"href":"https:\/\/www.etiproducts.com\/de\/index.php?rest_route=\/wp\/v2\/pages\/547\/revisions\/2405"}],"wp:featuredmedia":[{"embeddable":true,"href":"https:\/\/www.etiproducts.com\/de\/index.php?rest_route=\/wp\/v2\/media\/1790"}],"wp:attachment":[{"href":"https:\/\/www.etiproducts.com\/de\/index.php?rest_route=%2Fwp%2Fv2%2Fmedia&parent=547"}],"curies":[{"name":"wp","href":"https:\/\/api.w.org\/{rel}","templated":true}]}}