{"id":718,"date":"2017-12-30T18:49:25","date_gmt":"2017-12-30T15:49:25","guid":{"rendered":"http:\/\/bestimagedemo.com\/etimine\/?page_id=718"},"modified":"2019-02-07T16:19:35","modified_gmt":"2019-02-07T13:19:35","slug":"yurt-ici-istirakler","status":"publish","type":"page","link":"https:\/\/www.etiproducts.com\/de\/?page_id=718","title":{"rendered":"TOCHTERGESELLSCHAFTEN IN DER T\u00dcRKEI"},"content":{"rendered":"<p>Die inl\u00e4ndische Tochtergesellschaft Eti Soda, an der Eti Maden einen Anteil von 26\u00a0% h\u00e4lt, bewirtschaftet die Trona-Lagerst\u00e4tte in Beypazar\u0131, Ankara, nach hohen Qualit\u00e4tsstandards und tr\u00e4gt damit als t\u00fcrkischer Hersteller von Natriumcarbonat und Natriumbicarbonat zur t\u00fcrkischen und zur globalen Wirtschaft bei.<\/p>\n","protected":false},"excerpt":{"rendered":"<p>Die inl\u00e4ndische Tochtergesellschaft Eti Soda, an der Eti Maden einen Anteil von 26\u00a0% h\u00e4lt, bewirtschaftet die Trona-Lagerst\u00e4tte in Beypazar\u0131, Ankara, nach hohen Qualit\u00e4tsstandards und tr\u00e4gt damit als t\u00fcrkischer Hersteller von Natriumcarbonat und Natriumbicarbonat zur t\u00fcrkischen und zur globalen Wirtschaft bei.<\/p>\n","protected":false},"author":3,"featured_media":1829,"parent":0,"menu_order":0,"comment_status":"closed","ping_status":"closed","template":"page-global.php","meta":[],"_links":{"self":[{"href":"https:\/\/www.etiproducts.com\/de\/index.php?rest_route=\/wp\/v2\/pages\/718"}],"collection":[{"href":"https:\/\/www.etiproducts.com\/de\/index.php?rest_route=\/wp\/v2\/pages"}],"about":[{"href":"https:\/\/www.etiproducts.com\/de\/index.php?rest_route=\/wp\/v2\/types\/page"}],"author":[{"embeddable":true,"href":"https:\/\/www.etiproducts.com\/de\/index.php?rest_route=\/wp\/v2\/users\/3"}],"replies":[{"embeddable":true,"href":"https:\/\/www.etiproducts.com\/de\/index.php?rest_route=%2Fwp%2Fv2%2Fcomments&post=718"}],"version-history":[{"count":11,"href":"https:\/\/www.etiproducts.com\/de\/index.php?rest_route=\/wp\/v2\/pages\/718\/revisions"}],"predecessor-version":[{"id":2416,"href":"https:\/\/www.etiproducts.com\/de\/index.php?rest_route=\/wp\/v2\/pages\/718\/revisions\/2416"}],"wp:featuredmedia":[{"embeddable":true,"href":"https:\/\/www.etiproducts.com\/de\/index.php?rest_route=\/wp\/v2\/media\/1829"}],"wp:attachment":[{"href":"https:\/\/www.etiproducts.com\/de\/index.php?rest_route=%2Fwp%2Fv2%2Fmedia&parent=718"}],"curies":[{"name":"wp","href":"https:\/\/api.w.org\/{rel}","templated":true}]}}